{"id":857,"date":"2023-08-08T13:26:33","date_gmt":"2023-08-08T13:26:33","guid":{"rendered":"https:\/\/akustikdoktorn.se\/?page_id=857"},"modified":"2023-08-08T13:30:18","modified_gmt":"2023-08-08T13:30:18","slug":"kurser-utbildningar","status":"publish","type":"page","link":"https:\/\/akustikdoktorn.se\/en\/kurser-utbildningar\/","title":{"rendered":"Kurser &#038; utbildningar"},"content":{"rendered":"<div data-elementor-type=\"wp-page\" data-elementor-id=\"857\" class=\"elementor elementor-857\">\n\t\t\t\t\t\t<section class=\"elementor-section elementor-top-section elementor-element elementor-element-145d4b9 elementor-section-boxed elementor-section-height-default elementor-section-height-default\" data-id=\"145d4b9\" data-element_type=\"section\" data-e-type=\"section\">\n\t\t\t\t\t\t<div class=\"elementor-container elementor-column-gap-default\">\n\t\t\t\t\t<div class=\"elementor-column elementor-col-50 elementor-top-column elementor-element elementor-element-9a056d5\" data-id=\"9a056d5\" data-element_type=\"column\" data-e-type=\"column\">\n\t\t\t<div class=\"elementor-widget-wrap elementor-element-populated\">\n\t\t\t\t\t\t<div class=\"elementor-element elementor-element-a3f221d elementor-widget elementor-widget-image\" data-id=\"a3f221d\" data-element_type=\"widget\" data-e-type=\"widget\" data-widget_type=\"image.default\">\n\t\t\t\t<div class=\"elementor-widget-container\">\n\t\t\t\t\t\t\t\t\t\t\t\t\t\t\t<img fetchpriority=\"high\" decoding=\"async\" width=\"1024\" height=\"453\" src=\"https:\/\/akustikdoktorn.se\/wp-content\/uploads\/2023\/08\/courses-1-1024x453.png\" class=\"attachment-large size-large wp-image-859\" alt=\"\" srcset=\"https:\/\/akustikdoktorn.se\/wp-content\/uploads\/2023\/08\/courses-1-1024x453.png 1024w, https:\/\/akustikdoktorn.se\/wp-content\/uploads\/2023\/08\/courses-1-300x133.png 300w, https:\/\/akustikdoktorn.se\/wp-content\/uploads\/2023\/08\/courses-1-768x339.png 768w, https:\/\/akustikdoktorn.se\/wp-content\/uploads\/2023\/08\/courses-1-18x8.png 18w, https:\/\/akustikdoktorn.se\/wp-content\/uploads\/2023\/08\/courses-1.png 1500w\" sizes=\"(max-width: 1024px) 100vw, 1024px\" \/>\t\t\t\t\t\t\t\t\t\t\t\t\t\t\t<\/div>\n\t\t\t\t<\/div>\n\t\t\t\t\t<\/div>\n\t\t<\/div>\n\t\t\t\t<div class=\"elementor-column elementor-col-50 elementor-top-column elementor-element elementor-element-fdd86df\" data-id=\"fdd86df\" data-element_type=\"column\" data-e-type=\"column\">\n\t\t\t<div class=\"elementor-widget-wrap elementor-element-populated\">\n\t\t\t\t\t\t<div class=\"elementor-element elementor-element-b96ab67 elementor-widget elementor-widget-heading\" data-id=\"b96ab67\" data-element_type=\"widget\" data-e-type=\"widget\" data-widget_type=\"heading.default\">\n\t\t\t\t<div class=\"elementor-widget-container\">\n\t\t\t\t\t<h2 class=\"elementor-heading-title elementor-size-default\">Training<\/h2>\t\t\t\t<\/div>\n\t\t\t\t<\/div>\n\t\t\t\t<div class=\"elementor-element elementor-element-0d21bf9 elementor-widget elementor-widget-text-editor\" data-id=\"0d21bf9\" data-element_type=\"widget\" data-e-type=\"widget\" data-widget_type=\"text-editor.default\">\n\t\t\t\t<div class=\"elementor-widget-container\">\n\t\t\t\t\t\t\t\t\t<p>Akustikdoktorn has developed tailored professional development training courses in the field.  Some examples are:<\/p><ul><li>Fundamental acoustics and noise control<\/li><li>Railway acoustics<\/li><li>Mid and high frequency modelling<\/li><li>Noise control of buildings<\/li><\/ul><p>Courses can be given on-site at your premises or at KTH MWL in Stockholm due to a collaboration scheme.We have also the possibility to adapt the course content to your specific needs.<\/p>\t\t\t\t\t\t\t\t<\/div>\n\t\t\t\t<\/div>\n\t\t\t\t\t<\/div>\n\t\t<\/div>\n\t\t\t\t\t<\/div>\n\t\t<\/section>\n\t\t\t\t<\/div>","protected":false},"excerpt":{"rendered":"<p>Kurser och utbildningar Akustikdoktorn har utvecklat skr\u00e4ddarsydda kurser inom akustik f\u00f6r yrkesverksamma personer med behov att f\u00f6rdjupa sina kunskaper. Vid ett flertal tillf\u00e4llen har vi genomf\u00f6rt utbildningar i hel respektive halvdagsformat p\u00e5 olika industrif\u00f6retag. M\u00e5lgrupperna har varit konstrukt\u00f6rer, ink\u00f6pare, s\u00e4ljare och specialister inom andra omr\u00e5den. N\u00e5gra exempel p\u00e5 teman \u00e4r: Grundl\u00e4ggande akustik och bullerkontroll J\u00e4rnv\u00e4gsakustik &hellip;<\/p>\n<p class=\"read-more\"> <a class=\"\" href=\"https:\/\/akustikdoktorn.se\/en\/kurser-utbildningar\/\"> <span class=\"screen-reader-text\">Kurser &#038; utbildningar<\/span> Read More &raquo;<\/a><\/p>","protected":false},"author":1,"featured_media":0,"parent":0,"menu_order":0,"comment_status":"closed","ping_status":"closed","template":"","meta":{"_monsterinsights_skip_tracking":false,"_monsterinsights_sitenote_active":false,"_monsterinsights_sitenote_note":"","_monsterinsights_sitenote_category":0,"site-sidebar-layout":"no-sidebar","site-content-layout":"page-builder","ast-global-header-display":"","ast-banner-title-visibility":"","ast-main-header-display":"","ast-hfb-above-header-display":"","ast-hfb-below-header-display":"","ast-hfb-mobile-header-display":"","site-post-title":"disabled","ast-breadcrumbs-content":"","ast-featured-img":"disabled","footer-sml-layout":"","theme-transparent-header-meta":"","adv-header-id-meta":"","stick-header-meta":"","header-above-stick-meta":"","header-main-stick-meta":"","header-below-stick-meta":"","footnotes":""},"class_list":["post-857","page","type-page","status-publish","hentry"],"aioseo_notices":[],"_links":{"self":[{"href":"https:\/\/akustikdoktorn.se\/en\/wp-json\/wp\/v2\/pages\/857","targetHints":{"allow":["GET"]}}],"collection":[{"href":"https:\/\/akustikdoktorn.se\/en\/wp-json\/wp\/v2\/pages"}],"about":[{"href":"https:\/\/akustikdoktorn.se\/en\/wp-json\/wp\/v2\/types\/page"}],"author":[{"embeddable":true,"href":"https:\/\/akustikdoktorn.se\/en\/wp-json\/wp\/v2\/users\/1"}],"replies":[{"embeddable":true,"href":"https:\/\/akustikdoktorn.se\/en\/wp-json\/wp\/v2\/comments?post=857"}],"version-history":[{"count":4,"href":"https:\/\/akustikdoktorn.se\/en\/wp-json\/wp\/v2\/pages\/857\/revisions"}],"predecessor-version":[{"id":862,"href":"https:\/\/akustikdoktorn.se\/en\/wp-json\/wp\/v2\/pages\/857\/revisions\/862"}],"wp:attachment":[{"href":"https:\/\/akustikdoktorn.se\/en\/wp-json\/wp\/v2\/media?parent=857"}],"curies":[{"name":"wp","href":"https:\/\/api.w.org\/{rel}","templated":true}]}}