{"id":708,"date":"2023-08-07T07:43:48","date_gmt":"2023-08-07T07:43:48","guid":{"rendered":"https:\/\/akustikdoktorn.se\/?page_id=708"},"modified":"2023-08-07T09:17:30","modified_gmt":"2023-08-07T09:17:30","slug":"projects_aug_2020","status":"publish","type":"page","link":"https:\/\/akustikdoktorn.se\/en\/projects_aug_2020\/","title":{"rendered":"Projects_aug_2020"},"content":{"rendered":"<div data-elementor-type=\"wp-page\" data-elementor-id=\"708\" class=\"elementor elementor-708\">\n\t\t\t\t\t\t<section class=\"elementor-section elementor-top-section elementor-element elementor-element-67d4272 elementor-section-boxed elementor-section-height-default elementor-section-height-default\" data-id=\"67d4272\" data-element_type=\"section\" data-e-type=\"section\">\n\t\t\t\t\t\t<div class=\"elementor-container elementor-column-gap-default\">\n\t\t\t\t\t<div class=\"elementor-column elementor-col-100 elementor-top-column elementor-element elementor-element-c91f02c\" data-id=\"c91f02c\" data-element_type=\"column\" data-e-type=\"column\">\n\t\t\t<div class=\"elementor-widget-wrap elementor-element-populated\">\n\t\t\t\t\t\t<div class=\"elementor-element elementor-element-07d7116 elementor-widget elementor-widget-heading\" data-id=\"07d7116\" data-element_type=\"widget\" data-e-type=\"widget\" data-widget_type=\"heading.default\">\n\t\t\t\t<div class=\"elementor-widget-container\">\n\t\t\t\t\t<h2 class=\"elementor-heading-title elementor-size-default\">August 2020 : Tuned Vibration Absorber (TVA) for rail carbody<\/h2>\t\t\t\t<\/div>\n\t\t\t\t<\/div>\n\t\t\t\t<div class=\"elementor-element elementor-element-3096117 elementor-widget elementor-widget-text-editor\" data-id=\"3096117\" data-element_type=\"widget\" data-e-type=\"widget\" data-widget_type=\"text-editor.default\">\n\t\t\t\t<div class=\"elementor-widget-container\">\n\t\t\t\t\t\t\t\t\t<p>Mr. Taran Singh Thukral, studying Mechanical Engineering at the Indian national Institute of Technology in Delhi, has completed his internship at Akustikdoktorn Sweden 2020. His task was to analyse the effect of tuned vibration absorbers (TVAs) on railway carbodies to improve passenger ride comfort, a task he undertook with great enthusiasm and skill.<\/p><p>Tarans work has shown that tuning the suspension parameters of e.g. Diesel engines, is potentially an effective method of reducing carbody vibrations and improving passenger comfort. For a TVA with damping ratio corresponding to 5%, the fundamental vertical resonance peak was predicted to be  reduced by 63%, indicating a potential for major improvement of the vibrational ride comfort.<\/p><p>Taran is now working on completing his studies in Delhi. We hope to see him back at Akustikdoktorn in the future.<\/p>\t\t\t\t\t\t\t\t<\/div>\n\t\t\t\t<\/div>\n\t\t\t\t\t<\/div>\n\t\t<\/div>\n\t\t\t\t\t<\/div>\n\t\t<\/section>\n\t\t\t\t<section class=\"elementor-section elementor-top-section elementor-element elementor-element-1054cfc elementor-section-boxed elementor-section-height-default elementor-section-height-default\" data-id=\"1054cfc\" data-element_type=\"section\" data-e-type=\"section\">\n\t\t\t\t\t\t<div class=\"elementor-container elementor-column-gap-default\">\n\t\t\t\t\t<div class=\"elementor-column elementor-col-20 elementor-top-column elementor-element elementor-element-a94cb44\" data-id=\"a94cb44\" data-element_type=\"column\" data-e-type=\"column\">\n\t\t\t<div class=\"elementor-widget-wrap elementor-element-populated\">\n\t\t\t\t\t\t<div class=\"elementor-element elementor-element-4db3ba7 elementor-widget elementor-widget-image\" data-id=\"4db3ba7\" data-element_type=\"widget\" data-e-type=\"widget\" data-widget_type=\"image.default\">\n\t\t\t\t<div class=\"elementor-widget-container\">\n\t\t\t\t\t\t\t\t\t\t\t\t\t\t\t<img fetchpriority=\"high\" decoding=\"async\" width=\"602\" height=\"258\" src=\"https:\/\/akustikdoktorn.se\/wp-content\/uploads\/2023\/08\/t1.png\" class=\"attachment-large size-large wp-image-714\" alt=\"\" srcset=\"https:\/\/akustikdoktorn.se\/wp-content\/uploads\/2023\/08\/t1.png 602w, https:\/\/akustikdoktorn.se\/wp-content\/uploads\/2023\/08\/t1-300x129.png 300w, https:\/\/akustikdoktorn.se\/wp-content\/uploads\/2023\/08\/t1-18x8.png 18w\" sizes=\"(max-width: 602px) 100vw, 602px\" \/>\t\t\t\t\t\t\t\t\t\t\t\t\t\t\t<\/div>\n\t\t\t\t<\/div>\n\t\t\t\t\t<\/div>\n\t\t<\/div>\n\t\t\t\t<div class=\"elementor-column elementor-col-20 elementor-top-column elementor-element elementor-element-74b6328\" data-id=\"74b6328\" data-element_type=\"column\" data-e-type=\"column\">\n\t\t\t<div class=\"elementor-widget-wrap elementor-element-populated\">\n\t\t\t\t\t\t<div class=\"elementor-element elementor-element-3f61cd4 elementor-widget elementor-widget-image\" data-id=\"3f61cd4\" data-element_type=\"widget\" data-e-type=\"widget\" data-widget_type=\"image.default\">\n\t\t\t\t<div class=\"elementor-widget-container\">\n\t\t\t\t\t\t\t\t\t\t\t\t\t\t\t<img decoding=\"async\" width=\"407\" height=\"113\" src=\"https:\/\/akustikdoktorn.se\/wp-content\/uploads\/2023\/08\/t2.png\" class=\"attachment-large size-large wp-image-715\" alt=\"\" srcset=\"https:\/\/akustikdoktorn.se\/wp-content\/uploads\/2023\/08\/t2.png 407w, https:\/\/akustikdoktorn.se\/wp-content\/uploads\/2023\/08\/t2-300x83.png 300w, https:\/\/akustikdoktorn.se\/wp-content\/uploads\/2023\/08\/t2-18x5.png 18w\" sizes=\"(max-width: 407px) 100vw, 407px\" \/>\t\t\t\t\t\t\t\t\t\t\t\t\t\t\t<\/div>\n\t\t\t\t<\/div>\n\t\t\t\t\t<\/div>\n\t\t<\/div>\n\t\t\t\t<div class=\"elementor-column elementor-col-20 elementor-top-column elementor-element elementor-element-8be605c\" data-id=\"8be605c\" data-element_type=\"column\" data-e-type=\"column\">\n\t\t\t<div class=\"elementor-widget-wrap elementor-element-populated\">\n\t\t\t\t\t\t<div class=\"elementor-element elementor-element-7aa5478 elementor-widget elementor-widget-image\" data-id=\"7aa5478\" data-element_type=\"widget\" data-e-type=\"widget\" data-widget_type=\"image.default\">\n\t\t\t\t<div class=\"elementor-widget-container\">\n\t\t\t\t\t\t\t\t\t\t\t\t\t\t\t<img decoding=\"async\" width=\"265\" height=\"205\" src=\"https:\/\/akustikdoktorn.se\/wp-content\/uploads\/2023\/08\/t3.png\" class=\"attachment-large size-large wp-image-716\" alt=\"\" srcset=\"https:\/\/akustikdoktorn.se\/wp-content\/uploads\/2023\/08\/t3.png 265w, https:\/\/akustikdoktorn.se\/wp-content\/uploads\/2023\/08\/t3-16x12.png 16w\" sizes=\"(max-width: 265px) 100vw, 265px\" \/>\t\t\t\t\t\t\t\t\t\t\t\t\t\t\t<\/div>\n\t\t\t\t<\/div>\n\t\t\t\t\t<\/div>\n\t\t<\/div>\n\t\t\t\t<div class=\"elementor-column elementor-col-20 elementor-top-column elementor-element elementor-element-c21dcc6\" data-id=\"c21dcc6\" data-element_type=\"column\" data-e-type=\"column\">\n\t\t\t<div class=\"elementor-widget-wrap elementor-element-populated\">\n\t\t\t\t\t\t<div class=\"elementor-element elementor-element-ac01d51 elementor-widget elementor-widget-image\" data-id=\"ac01d51\" data-element_type=\"widget\" data-e-type=\"widget\" data-widget_type=\"image.default\">\n\t\t\t\t<div class=\"elementor-widget-container\">\n\t\t\t\t\t\t\t\t\t\t\t\t\t\t\t<img loading=\"lazy\" decoding=\"async\" width=\"169\" height=\"226\" src=\"https:\/\/akustikdoktorn.se\/wp-content\/uploads\/2023\/08\/t4.png\" class=\"attachment-large size-large wp-image-717\" alt=\"\" srcset=\"https:\/\/akustikdoktorn.se\/wp-content\/uploads\/2023\/08\/t4.png 169w, https:\/\/akustikdoktorn.se\/wp-content\/uploads\/2023\/08\/t4-9x12.png 9w\" sizes=\"(max-width: 169px) 100vw, 169px\" \/>\t\t\t\t\t\t\t\t\t\t\t\t\t\t\t<\/div>\n\t\t\t\t<\/div>\n\t\t\t\t\t<\/div>\n\t\t<\/div>\n\t\t\t\t<div class=\"elementor-column elementor-col-20 elementor-top-column elementor-element elementor-element-5b06b85\" data-id=\"5b06b85\" data-element_type=\"column\" data-e-type=\"column\">\n\t\t\t<div class=\"elementor-widget-wrap elementor-element-populated\">\n\t\t\t\t\t\t<div class=\"elementor-element elementor-element-c35a920 elementor-widget elementor-widget-image\" data-id=\"c35a920\" data-element_type=\"widget\" data-e-type=\"widget\" data-widget_type=\"image.default\">\n\t\t\t\t<div class=\"elementor-widget-container\">\n\t\t\t\t\t\t\t\t\t\t\t\t\t\t\t<img loading=\"lazy\" decoding=\"async\" width=\"192\" height=\"226\" src=\"https:\/\/akustikdoktorn.se\/wp-content\/uploads\/2023\/08\/t5.png\" class=\"attachment-large size-large wp-image-718\" alt=\"\" srcset=\"https:\/\/akustikdoktorn.se\/wp-content\/uploads\/2023\/08\/t5.png 192w, https:\/\/akustikdoktorn.se\/wp-content\/uploads\/2023\/08\/t5-10x12.png 10w\" sizes=\"(max-width: 192px) 100vw, 192px\" \/>\t\t\t\t\t\t\t\t\t\t\t\t\t\t\t<\/div>\n\t\t\t\t<\/div>\n\t\t\t\t\t<\/div>\n\t\t<\/div>\n\t\t\t\t\t<\/div>\n\t\t<\/section>\n\t\t\t\t<\/div>","protected":false},"excerpt":{"rendered":"<p>Augusti 2020: Tuned Vibration Absorber (TVA) f\u00f6r j\u00e4rnv\u00e4g Taran Singh Thukral, som studerar maskinteknik vid Indian National Institute of Technology i Delhi, har avslutat sin praktik vid Akustikdoktorn Sweden 2020. Hans uppgift var att analysera effekten av vibrationsd\u00e4mpare (TVA) p\u00e5 j\u00e4rnv\u00e4gsvagnar f\u00f6r att f\u00f6rb\u00e4ttra passagerarkomforten. En uppgift han \u00e5tog sig med stor entusiasm och skicklighet. &hellip;<\/p>\n<p class=\"read-more\"> <a class=\"\" href=\"https:\/\/akustikdoktorn.se\/en\/projects_aug_2020\/\"> <span class=\"screen-reader-text\">Projects_aug_2020<\/span> Read More &raquo;<\/a><\/p>","protected":false},"author":1,"featured_media":0,"parent":0,"menu_order":0,"comment_status":"closed","ping_status":"closed","template":"","meta":{"_monsterinsights_skip_tracking":false,"_monsterinsights_sitenote_active":false,"_monsterinsights_sitenote_note":"","_monsterinsights_sitenote_category":0,"site-sidebar-layout":"no-sidebar","site-content-layout":"page-builder","ast-global-header-display":"","ast-banner-title-visibility":"","ast-main-header-display":"","ast-hfb-above-header-display":"","ast-hfb-below-header-display":"","ast-hfb-mobile-header-display":"","site-post-title":"disabled","ast-breadcrumbs-content":"","ast-featured-img":"disabled","footer-sml-layout":"","theme-transparent-header-meta":"","adv-header-id-meta":"","stick-header-meta":"","header-above-stick-meta":"","header-main-stick-meta":"","header-below-stick-meta":"","footnotes":""},"class_list":["post-708","page","type-page","status-publish","hentry"],"aioseo_notices":[],"_links":{"self":[{"href":"https:\/\/akustikdoktorn.se\/en\/wp-json\/wp\/v2\/pages\/708","targetHints":{"allow":["GET"]}}],"collection":[{"href":"https:\/\/akustikdoktorn.se\/en\/wp-json\/wp\/v2\/pages"}],"about":[{"href":"https:\/\/akustikdoktorn.se\/en\/wp-json\/wp\/v2\/types\/page"}],"author":[{"embeddable":true,"href":"https:\/\/akustikdoktorn.se\/en\/wp-json\/wp\/v2\/users\/1"}],"replies":[{"embeddable":true,"href":"https:\/\/akustikdoktorn.se\/en\/wp-json\/wp\/v2\/comments?post=708"}],"version-history":[{"count":10,"href":"https:\/\/akustikdoktorn.se\/en\/wp-json\/wp\/v2\/pages\/708\/revisions"}],"predecessor-version":[{"id":767,"href":"https:\/\/akustikdoktorn.se\/en\/wp-json\/wp\/v2\/pages\/708\/revisions\/767"}],"wp:attachment":[{"href":"https:\/\/akustikdoktorn.se\/en\/wp-json\/wp\/v2\/media?parent=708"}],"curies":[{"name":"wp","href":"https:\/\/api.w.org\/{rel}","templated":true}]}}