{"id":698,"date":"2023-08-02T13:06:54","date_gmt":"2023-08-02T13:06:54","guid":{"rendered":"https:\/\/akustikdoktorn.se\/?page_id=698"},"modified":"2023-08-07T09:16:20","modified_gmt":"2023-08-07T09:16:20","slug":"projects_2020_oct","status":"publish","type":"page","link":"https:\/\/akustikdoktorn.se\/en\/projects_2020_oct\/","title":{"rendered":"Projects_2020_oct"},"content":{"rendered":"<div data-elementor-type=\"wp-page\" data-elementor-id=\"698\" class=\"elementor elementor-698\">\n\t\t\t\t\t\t<section class=\"elementor-section elementor-top-section elementor-element elementor-element-5df458f elementor-section-boxed elementor-section-height-default elementor-section-height-default\" data-id=\"5df458f\" data-element_type=\"section\" data-e-type=\"section\">\n\t\t\t\t\t\t<div class=\"elementor-container elementor-column-gap-default\">\n\t\t\t\t\t<div class=\"elementor-column elementor-col-100 elementor-top-column elementor-element elementor-element-8bc906b\" data-id=\"8bc906b\" data-element_type=\"column\" data-e-type=\"column\">\n\t\t\t<div class=\"elementor-widget-wrap elementor-element-populated\">\n\t\t\t\t\t\t<div class=\"elementor-element elementor-element-e892643 elementor-widget elementor-widget-heading\" data-id=\"e892643\" data-element_type=\"widget\" data-e-type=\"widget\" data-widget_type=\"heading.default\">\n\t\t\t\t<div class=\"elementor-widget-container\">\n\t\t\t\t\t<h2 class=\"elementor-heading-title elementor-size-default\">Novum Life Science Center <\/h2>\t\t\t\t<\/div>\n\t\t\t\t<\/div>\n\t\t\t\t<div class=\"elementor-element elementor-element-3e29698 elementor-widget elementor-widget-text-editor\" data-id=\"3e29698\" data-element_type=\"widget\" data-e-type=\"widget\" data-widget_type=\"text-editor.default\">\n\t\t\t\t<div class=\"elementor-widget-container\">\n\t\t\t\t\t\t\t\t\t<div class=\"contentgroup__body\"><p>Akustikdoktorn \u00e4r hedrade och stolta \u00f6ver att ha f\u00e5tt uppdraget att g\u00f6ra akustikarbetet f\u00f6r NOVUMs uppgradering av sina ventilations, v\u00e4rme och kylsystem i Flemingsberg.\u00a0<\/p><p>Uppgraderingen syftar att f\u00f6rb\u00e4ttra byggnadens prestanda vad g\u00e4ller energif\u00f6rbrukning och komfort samt att framtidss\u00e4kra de tekniska systemen f\u00f6r bland annat styr och reglerteknik.<\/p><p>Systemet \u00e4r mycket omfattande och levererar kyla, v\u00e4rme och ventilation till hyresg\u00e4sterna.\u00a0Byggnaden om ca 39 000 kvadratmeter rymmer\u00a0 ett stort antal forsknings- och utvecklingsverksamheter samt specialistv\u00e5rd. I\u00a0NOVUMs lokaler bedrivs bland annat avancerad cancerforskning med krav p\u00e5 mycket l\u00e5ga temperaturer f\u00f6r f\u00f6rvaring av biologiskt material.\u00a0\u00a0<\/p><p>Akustikdoktorn har ansvar f\u00f6r att de nya fl\u00e4ktar och kylmaskiner som installeras inte leder till problem med ljud och vibrationer och att s\u00e4kra ljudniv\u00e5erna i de lokaler som ber\u00f6rs. I projektet g\u00f6r vi b\u00e5de experimentell och teoretisk analys av stom- och luftljudstransmission samt ber\u00e4kningar och m\u00e4tningar av ljud i ventilationssystemet. De avancerade fl\u00e4ktsystemen medf\u00f6r h\u00f6ga tryck och kr\u00e4ver fokus p\u00e5 bland annat balansering av fl\u00f6den med tysta spj\u00e4ll och don och Akustikdoktorns omfattande erfarenhet av ventilations- och kylsystem i flygplan och t\u00e5g kommer v\u00e4l till pass.<\/p><\/div>\t\t\t\t\t\t\t\t<\/div>\n\t\t\t\t<\/div>\n\t\t\t\t\t<\/div>\n\t\t<\/div>\n\t\t\t\t\t<\/div>\n\t\t<\/section>\n\t\t\t\t<section class=\"elementor-section elementor-top-section elementor-element elementor-element-c0b3d6c elementor-section-boxed elementor-section-height-default elementor-section-height-default\" data-id=\"c0b3d6c\" data-element_type=\"section\" data-e-type=\"section\">\n\t\t\t\t\t\t<div class=\"elementor-container elementor-column-gap-default\">\n\t\t\t\t\t<div class=\"elementor-column elementor-col-25 elementor-top-column elementor-element elementor-element-3f7983d\" data-id=\"3f7983d\" data-element_type=\"column\" data-e-type=\"column\">\n\t\t\t<div class=\"elementor-widget-wrap elementor-element-populated\">\n\t\t\t\t\t\t<div class=\"elementor-element elementor-element-8039f6e elementor-widget elementor-widget-image\" data-id=\"8039f6e\" data-element_type=\"widget\" data-e-type=\"widget\" data-widget_type=\"image.default\">\n\t\t\t\t<div class=\"elementor-widget-container\">\n\t\t\t\t\t\t\t\t\t\t\t\t\t\t\t<img fetchpriority=\"high\" decoding=\"async\" width=\"428\" height=\"321\" src=\"https:\/\/akustikdoktorn.se\/wp-content\/uploads\/2023\/08\/lifesc1.png\" class=\"attachment-large size-large wp-image-700\" alt=\"\" srcset=\"https:\/\/akustikdoktorn.se\/wp-content\/uploads\/2023\/08\/lifesc1.png 428w, https:\/\/akustikdoktorn.se\/wp-content\/uploads\/2023\/08\/lifesc1-300x225.png 300w, https:\/\/akustikdoktorn.se\/wp-content\/uploads\/2023\/08\/lifesc1-16x12.png 16w\" sizes=\"(max-width: 428px) 100vw, 428px\" \/>\t\t\t\t\t\t\t\t\t\t\t\t\t\t\t<\/div>\n\t\t\t\t<\/div>\n\t\t\t\t\t<\/div>\n\t\t<\/div>\n\t\t\t\t<div class=\"elementor-column elementor-col-25 elementor-top-column elementor-element elementor-element-71da1ec\" data-id=\"71da1ec\" data-element_type=\"column\" data-e-type=\"column\">\n\t\t\t<div class=\"elementor-widget-wrap elementor-element-populated\">\n\t\t\t\t\t\t<div class=\"elementor-element elementor-element-1b43e28 elementor-widget elementor-widget-image\" data-id=\"1b43e28\" data-element_type=\"widget\" data-e-type=\"widget\" data-widget_type=\"image.default\">\n\t\t\t\t<div class=\"elementor-widget-container\">\n\t\t\t\t\t\t\t\t\t\t\t\t\t\t\t<img decoding=\"async\" width=\"213\" height=\"283\" src=\"https:\/\/akustikdoktorn.se\/wp-content\/uploads\/2023\/08\/lifesc2.png\" class=\"attachment-large size-large wp-image-701\" alt=\"\" srcset=\"https:\/\/akustikdoktorn.se\/wp-content\/uploads\/2023\/08\/lifesc2.png 213w, https:\/\/akustikdoktorn.se\/wp-content\/uploads\/2023\/08\/lifesc2-9x12.png 9w\" sizes=\"(max-width: 213px) 100vw, 213px\" \/>\t\t\t\t\t\t\t\t\t\t\t\t\t\t\t<\/div>\n\t\t\t\t<\/div>\n\t\t\t\t\t<\/div>\n\t\t<\/div>\n\t\t\t\t<div class=\"elementor-column elementor-col-25 elementor-top-column elementor-element elementor-element-e97cd82\" data-id=\"e97cd82\" data-element_type=\"column\" data-e-type=\"column\">\n\t\t\t<div class=\"elementor-widget-wrap elementor-element-populated\">\n\t\t\t\t\t\t<div class=\"elementor-element elementor-element-340ad9a elementor-widget elementor-widget-image\" data-id=\"340ad9a\" data-element_type=\"widget\" data-e-type=\"widget\" data-widget_type=\"image.default\">\n\t\t\t\t<div class=\"elementor-widget-container\">\n\t\t\t\t\t\t\t\t\t\t\t\t\t\t\t<img decoding=\"async\" width=\"207\" height=\"285\" src=\"https:\/\/akustikdoktorn.se\/wp-content\/uploads\/2023\/08\/lifesc3.png\" class=\"attachment-large size-large wp-image-702\" alt=\"\" srcset=\"https:\/\/akustikdoktorn.se\/wp-content\/uploads\/2023\/08\/lifesc3.png 207w, https:\/\/akustikdoktorn.se\/wp-content\/uploads\/2023\/08\/lifesc3-9x12.png 9w\" sizes=\"(max-width: 207px) 100vw, 207px\" \/>\t\t\t\t\t\t\t\t\t\t\t\t\t\t\t<\/div>\n\t\t\t\t<\/div>\n\t\t\t\t\t<\/div>\n\t\t<\/div>\n\t\t\t\t<div class=\"elementor-column elementor-col-25 elementor-top-column elementor-element elementor-element-d6b4b91\" data-id=\"d6b4b91\" data-element_type=\"column\" data-e-type=\"column\">\n\t\t\t<div class=\"elementor-widget-wrap elementor-element-populated\">\n\t\t\t\t\t\t<div class=\"elementor-element elementor-element-212ba94 elementor-widget elementor-widget-image\" data-id=\"212ba94\" data-element_type=\"widget\" data-e-type=\"widget\" data-widget_type=\"image.default\">\n\t\t\t\t<div class=\"elementor-widget-container\">\n\t\t\t\t\t\t\t\t\t\t\t\t\t\t\t<img loading=\"lazy\" decoding=\"async\" width=\"461\" height=\"247\" src=\"https:\/\/akustikdoktorn.se\/wp-content\/uploads\/2023\/08\/lifesc4.png\" class=\"attachment-large size-large wp-image-703\" alt=\"\" srcset=\"https:\/\/akustikdoktorn.se\/wp-content\/uploads\/2023\/08\/lifesc4.png 461w, https:\/\/akustikdoktorn.se\/wp-content\/uploads\/2023\/08\/lifesc4-300x161.png 300w, https:\/\/akustikdoktorn.se\/wp-content\/uploads\/2023\/08\/lifesc4-18x10.png 18w\" sizes=\"(max-width: 461px) 100vw, 461px\" \/>\t\t\t\t\t\t\t\t\t\t\t\t\t\t\t<\/div>\n\t\t\t\t<\/div>\n\t\t\t\t\t<\/div>\n\t\t<\/div>\n\t\t\t\t\t<\/div>\n\t\t<\/section>\n\t\t\t\t<\/div>","protected":false},"excerpt":{"rendered":"<p>Novum Life Science Center Akustikdoktorn \u00e4r hedrade och stolta \u00f6ver att ha f\u00e5tt uppdraget att g\u00f6ra akustikarbetet f\u00f6r NOVUMs uppgradering av sina ventilations, v\u00e4rme och kylsystem i Flemingsberg.\u00a0 Uppgraderingen syftar att f\u00f6rb\u00e4ttra byggnadens prestanda vad g\u00e4ller energif\u00f6rbrukning och komfort samt att framtidss\u00e4kra de tekniska systemen f\u00f6r bland annat styr och reglerteknik. Systemet \u00e4r mycket omfattande &hellip;<\/p>\n<p class=\"read-more\"> <a class=\"\" href=\"https:\/\/akustikdoktorn.se\/en\/projects_2020_oct\/\"> <span class=\"screen-reader-text\">Projects_2020_oct<\/span> Read More &raquo;<\/a><\/p>","protected":false},"author":1,"featured_media":0,"parent":0,"menu_order":0,"comment_status":"closed","ping_status":"closed","template":"","meta":{"_monsterinsights_skip_tracking":false,"_monsterinsights_sitenote_active":false,"_monsterinsights_sitenote_note":"","_monsterinsights_sitenote_category":0,"site-sidebar-layout":"no-sidebar","site-content-layout":"page-builder","ast-global-header-display":"","ast-banner-title-visibility":"","ast-main-header-display":"","ast-hfb-above-header-display":"","ast-hfb-below-header-display":"","ast-hfb-mobile-header-display":"","site-post-title":"disabled","ast-breadcrumbs-content":"","ast-featured-img":"disabled","footer-sml-layout":"","theme-transparent-header-meta":"","adv-header-id-meta":"","stick-header-meta":"","header-above-stick-meta":"","header-main-stick-meta":"","header-below-stick-meta":"","footnotes":""},"class_list":["post-698","page","type-page","status-publish","hentry"],"aioseo_notices":[],"_links":{"self":[{"href":"https:\/\/akustikdoktorn.se\/en\/wp-json\/wp\/v2\/pages\/698","targetHints":{"allow":["GET"]}}],"collection":[{"href":"https:\/\/akustikdoktorn.se\/en\/wp-json\/wp\/v2\/pages"}],"about":[{"href":"https:\/\/akustikdoktorn.se\/en\/wp-json\/wp\/v2\/types\/page"}],"author":[{"embeddable":true,"href":"https:\/\/akustikdoktorn.se\/en\/wp-json\/wp\/v2\/users\/1"}],"replies":[{"embeddable":true,"href":"https:\/\/akustikdoktorn.se\/en\/wp-json\/wp\/v2\/comments?post=698"}],"version-history":[{"count":7,"href":"https:\/\/akustikdoktorn.se\/en\/wp-json\/wp\/v2\/pages\/698\/revisions"}],"predecessor-version":[{"id":764,"href":"https:\/\/akustikdoktorn.se\/en\/wp-json\/wp\/v2\/pages\/698\/revisions\/764"}],"wp:attachment":[{"href":"https:\/\/akustikdoktorn.se\/en\/wp-json\/wp\/v2\/media?parent=698"}],"curies":[{"name":"wp","href":"https:\/\/api.w.org\/{rel}","templated":true}]}}