{"id":690,"date":"2023-08-02T12:53:57","date_gmt":"2023-08-02T12:53:57","guid":{"rendered":"https:\/\/akustikdoktorn.se\/?page_id=690"},"modified":"2025-01-05T16:08:45","modified_gmt":"2025-01-05T16:08:45","slug":"projects_2020_nov","status":"publish","type":"page","link":"https:\/\/akustikdoktorn.se\/en\/projects_2020_nov\/","title":{"rendered":"Projects_2020_nov"},"content":{"rendered":"<div data-elementor-type=\"wp-page\" data-elementor-id=\"690\" class=\"elementor elementor-690\">\n\t\t\t\t\t\t<section class=\"elementor-section elementor-top-section elementor-element elementor-element-5ef5cb8 elementor-section-boxed elementor-section-height-default elementor-section-height-default\" data-id=\"5ef5cb8\" data-element_type=\"section\" data-e-type=\"section\">\n\t\t\t\t\t\t<div class=\"elementor-container elementor-column-gap-default\">\n\t\t\t\t\t<div class=\"elementor-column elementor-col-100 elementor-top-column elementor-element elementor-element-df48a7f\" data-id=\"df48a7f\" data-element_type=\"column\" data-e-type=\"column\">\n\t\t\t<div class=\"elementor-widget-wrap elementor-element-populated\">\n\t\t\t\t\t\t<div class=\"elementor-element elementor-element-6c4a947 elementor-widget elementor-widget-heading\" data-id=\"6c4a947\" data-element_type=\"widget\" data-e-type=\"widget\" data-widget_type=\"heading.default\">\n\t\t\t\t<div class=\"elementor-widget-container\">\n\t\t\t\t\t<h2 class=\"elementor-heading-title elementor-size-default\">Noise screens for Trafikverket <\/h2>\t\t\t\t<\/div>\n\t\t\t\t<\/div>\n\t\t\t\t<div class=\"elementor-element elementor-element-c69d94b elementor-widget elementor-widget-text-editor\" data-id=\"c69d94b\" data-element_type=\"widget\" data-e-type=\"widget\" data-widget_type=\"text-editor.default\">\n\t\t\t\t<div class=\"elementor-widget-container\">\n\t\t\t\t\t\t\t\t\t<div>\n<p>Trafikverket is constructing noise screens <a href=\"https:\/\/www.trafikverket.se\/nara-dig\/Stockholm\/vi-bygger-och-forbattrar\/Forbifart-stockholm\/Vagstrackning\/Kungens-kurva\/Aktuellt-i-Kungens-kurva\/2020\/2010\/bullerskyddsskarmar-pa-plats-i-hojd-med-gang--och-cykelbron-vid-skarholmsvagen\/\">along the E4 motorway<\/a> in the traffic area around Kungens Kurva, south of Stockholm. Skanska is in charge of the project and <a href=\"http:\/\/www.gnf.eu\/\" target=\"_blank\" rel=\"noopener\">GreeNest&nbsp;form AB<\/a> supplies the screens in collaboration with production specialists from Malm\u00f6 Arena.<\/p>\n<p>F\u00f6r att best\u00e4mma akustisk prestanda f\u00f6r sk\u00e4rmarna har Akustikdoktorn genomf\u00f6rt s\u00e5v\u00e4l standardiserade m\u00e4tningar som simuleringar med AlphaCell,<span style=\"color: var( --e-global-color-primary ); font-family: var( --e-global-typography-secondary-font-family ), Sans-serif; font-weight: var( --e-global-typography-secondary-font-weight ); background-color: var(--ast-global-color-5); font-size: 1rem;\">&nbsp;ett avancerat simuleringsverktyg fr\u00e5n<\/span><span style=\"color: var( --e-global-color-primary ); font-family: var( --e-global-typography-secondary-font-family ), Sans-serif; font-weight: var( --e-global-typography-secondary-font-weight ); background-color: var(--ast-global-color-5); font-size: 1rem;\">&nbsp;<\/span><a href=\"http:\/\/www.matelys.fr\/\" style=\"font-family: var( --e-global-typography-secondary-font-family ), Sans-serif; font-weight: var( --e-global-typography-secondary-font-weight ); font-size: 1rem; background-color: rgb(255, 255, 255);\">Matelys<\/a><span style=\"color: var( --e-global-color-primary ); font-family: var( --e-global-typography-secondary-font-family ), Sans-serif; font-weight: var( --e-global-typography-secondary-font-weight ); background-color: var(--ast-global-color-5); font-size: 1rem;\">&nbsp;<\/span><span style=\"color: var( --e-global-color-primary ); font-family: var( --e-global-typography-secondary-font-family ), Sans-serif; font-weight: var( --e-global-typography-secondary-font-weight ); background-color: var(--ast-global-color-5); font-size: 1rem;\">f\u00f6r att akustiskt och termiskt analysera konstruktioner med&nbsp;por\u00f6sa respektive fibr\u00f6sa material.<\/span><span style=\"font-style: inherit; font-weight: inherit; color: var( --e-global-color-primary ); font-family: var( --e-global-typography-secondary-font-family ), Sans-serif; background-color: var(--ast-global-color-5);\">&nbsp;Arbetet syftar dels att utveckla tekniska sk\u00e4rml\u00f6sningar som m\u00f6ter best\u00e4llarens h\u00f6ga krav p\u00e5 s\u00e5 s\u00e5v\u00e4l ljudabsorption som ljudisolering, samt dels att kvalificera sk\u00e4rmarna akustiskt. Sju olika konstruktioner&nbsp; har utv\u00e4rderats. Sk\u00e4rmarna produceras av GreenEst i samarbete med produktionspersonal fr\u00e5n Malm\u00f6 Arena.<\/span><\/p>\n<p>Seven different screen designs were evaluated. The measurements in Malm\u00f6 were made according to EN1793-5 and EN1793-6 respectively together with our highly qualified partner <a href=\"http:\/\/www.akustix.pl\/en\/\">Akustix Sp z o. o<\/a>.&nbsp;Metoden bygger p\u00e5 pulsad excitering och m\u00f6jligg\u00f6r att m\u00e4tningar kan utf\u00f6ras s\u00e5v\u00e4l i milj\u00f6er med relativt h\u00f6ga bakgrundsniv\u00e5er som i milj\u00f6er med viss efterklang, i detta fall inne i m\u00e4sshallen, d\u00e5 reflexer effektivt kan elimineras fr\u00e5n uppm\u00e4tt signal genom att applicera ett sk <a href=\"https:\/\/images.app.goo.gl\/uYzsNt3zdXbWAZ129\">Adr\u00edenne-window<\/a> .<\/p>\n<p><br><\/p>\n<\/div>\t\t\t\t\t\t\t\t<\/div>\n\t\t\t\t<\/div>\n\t\t\t\t\t<\/div>\n\t\t<\/div>\n\t\t\t\t\t<\/div>\n\t\t<\/section>\n\t\t\t\t<section class=\"elementor-section elementor-top-section elementor-element elementor-element-28ea2fc elementor-section-boxed elementor-section-height-default elementor-section-height-default\" data-id=\"28ea2fc\" data-element_type=\"section\" data-e-type=\"section\">\n\t\t\t\t\t\t<div class=\"elementor-container elementor-column-gap-default\">\n\t\t\t\t\t<div class=\"elementor-column elementor-col-50 elementor-top-column elementor-element elementor-element-b06548d\" data-id=\"b06548d\" data-element_type=\"column\" data-e-type=\"column\">\n\t\t\t<div class=\"elementor-widget-wrap elementor-element-populated\">\n\t\t\t\t\t\t<div class=\"elementor-element elementor-element-cfc5bb7 elementor-widget elementor-widget-image\" data-id=\"cfc5bb7\" data-element_type=\"widget\" data-e-type=\"widget\" data-widget_type=\"image.default\">\n\t\t\t\t<div class=\"elementor-widget-container\">\n\t\t\t\t\t\t\t\t\t\t\t\t\t\t\t<img fetchpriority=\"high\" decoding=\"async\" width=\"508\" height=\"677\" src=\"https:\/\/akustikdoktorn.se\/wp-content\/uploads\/2023\/08\/bullerskarm1.jpg\" class=\"attachment-large size-large wp-image-692\" alt=\"\" srcset=\"https:\/\/akustikdoktorn.se\/wp-content\/uploads\/2023\/08\/bullerskarm1.jpg 508w, https:\/\/akustikdoktorn.se\/wp-content\/uploads\/2023\/08\/bullerskarm1-225x300.jpg 225w, https:\/\/akustikdoktorn.se\/wp-content\/uploads\/2023\/08\/bullerskarm1-9x12.jpg 9w\" sizes=\"(max-width: 508px) 100vw, 508px\" \/>\t\t\t\t\t\t\t\t\t\t\t\t\t\t\t<\/div>\n\t\t\t\t<\/div>\n\t\t\t\t\t<\/div>\n\t\t<\/div>\n\t\t\t\t<div class=\"elementor-column elementor-col-50 elementor-top-column elementor-element elementor-element-9e2f8e6\" data-id=\"9e2f8e6\" data-element_type=\"column\" data-e-type=\"column\">\n\t\t\t<div class=\"elementor-widget-wrap elementor-element-populated\">\n\t\t\t\t\t\t<div class=\"elementor-element elementor-element-033ff3f elementor-widget elementor-widget-image\" data-id=\"033ff3f\" data-element_type=\"widget\" data-e-type=\"widget\" data-widget_type=\"image.default\">\n\t\t\t\t<div class=\"elementor-widget-container\">\n\t\t\t\t\t\t\t\t\t\t\t\t\t\t\t<img decoding=\"async\" width=\"774\" height=\"581\" src=\"https:\/\/akustikdoktorn.se\/wp-content\/uploads\/2023\/08\/bullerskarm2.jpg\" class=\"attachment-large size-large wp-image-693\" alt=\"\" srcset=\"https:\/\/akustikdoktorn.se\/wp-content\/uploads\/2023\/08\/bullerskarm2.jpg 774w, https:\/\/akustikdoktorn.se\/wp-content\/uploads\/2023\/08\/bullerskarm2-300x225.jpg 300w, https:\/\/akustikdoktorn.se\/wp-content\/uploads\/2023\/08\/bullerskarm2-768x576.jpg 768w, https:\/\/akustikdoktorn.se\/wp-content\/uploads\/2023\/08\/bullerskarm2-16x12.jpg 16w\" sizes=\"(max-width: 774px) 100vw, 774px\" \/>\t\t\t\t\t\t\t\t\t\t\t\t\t\t\t<\/div>\n\t\t\t\t<\/div>\n\t\t\t\t\t<\/div>\n\t\t<\/div>\n\t\t\t\t\t<\/div>\n\t\t<\/section>\n\t\t\t\t<\/div>","protected":false},"excerpt":{"rendered":"<p>Bullersk\u00e4rmar l\u00e4ngs E4an Trafikverket uppf\u00f6r bullersk\u00e4rmar l\u00e4ngs E4an i trafikomr\u00e5de kring Kungens Kurva i h\u00f6jd med g\u00e5ng- och cykelbron vid Sk\u00e4rholmsv\u00e4gen. Skanska \u00e4r ansvarig entrepren\u00f6r med GreeNest&nbsp;form AB som leverant\u00f6r av sk\u00e4rmarna. F\u00f6r att best\u00e4mma akustisk prestanda f\u00f6r sk\u00e4rmarna har Akustikdoktorn genomf\u00f6rt s\u00e5v\u00e4l standardiserade m\u00e4tningar som simuleringar med AlphaCell,&nbsp;ett avancerat simuleringsverktyg fr\u00e5n&nbsp;Matelys&nbsp;f\u00f6r att akustiskt och &hellip;<\/p>\n<p class=\"read-more\"> <a class=\"\" href=\"https:\/\/akustikdoktorn.se\/en\/projects_2020_nov\/\"> <span class=\"screen-reader-text\">Projects_2020_nov<\/span> Read More &raquo;<\/a><\/p>","protected":false},"author":1,"featured_media":0,"parent":0,"menu_order":0,"comment_status":"closed","ping_status":"closed","template":"","meta":{"_monsterinsights_skip_tracking":false,"_monsterinsights_sitenote_active":false,"_monsterinsights_sitenote_note":"","_monsterinsights_sitenote_category":0,"site-sidebar-layout":"no-sidebar","site-content-layout":"page-builder","ast-global-header-display":"","ast-banner-title-visibility":"","ast-main-header-display":"","ast-hfb-above-header-display":"","ast-hfb-below-header-display":"","ast-hfb-mobile-header-display":"","site-post-title":"disabled","ast-breadcrumbs-content":"","ast-featured-img":"disabled","footer-sml-layout":"","theme-transparent-header-meta":"","adv-header-id-meta":"","stick-header-meta":"","header-above-stick-meta":"","header-main-stick-meta":"","header-below-stick-meta":"","footnotes":""},"class_list":["post-690","page","type-page","status-publish","hentry"],"aioseo_notices":[],"_links":{"self":[{"href":"https:\/\/akustikdoktorn.se\/en\/wp-json\/wp\/v2\/pages\/690","targetHints":{"allow":["GET"]}}],"collection":[{"href":"https:\/\/akustikdoktorn.se\/en\/wp-json\/wp\/v2\/pages"}],"about":[{"href":"https:\/\/akustikdoktorn.se\/en\/wp-json\/wp\/v2\/types\/page"}],"author":[{"embeddable":true,"href":"https:\/\/akustikdoktorn.se\/en\/wp-json\/wp\/v2\/users\/1"}],"replies":[{"embeddable":true,"href":"https:\/\/akustikdoktorn.se\/en\/wp-json\/wp\/v2\/comments?post=690"}],"version-history":[{"count":10,"href":"https:\/\/akustikdoktorn.se\/en\/wp-json\/wp\/v2\/pages\/690\/revisions"}],"predecessor-version":[{"id":1467,"href":"https:\/\/akustikdoktorn.se\/en\/wp-json\/wp\/v2\/pages\/690\/revisions\/1467"}],"wp:attachment":[{"href":"https:\/\/akustikdoktorn.se\/en\/wp-json\/wp\/v2\/media?parent=690"}],"curies":[{"name":"wp","href":"https:\/\/api.w.org\/{rel}","templated":true}]}}