{"id":670,"date":"2023-08-02T12:28:46","date_gmt":"2023-08-02T12:28:46","guid":{"rendered":"https:\/\/akustikdoktorn.se\/?page_id=670"},"modified":"2023-08-07T09:09:33","modified_gmt":"2023-08-07T09:09:33","slug":"projects_2021_jan","status":"publish","type":"page","link":"https:\/\/akustikdoktorn.se\/en\/projects_2021_jan\/","title":{"rendered":"Projects_2021_jan"},"content":{"rendered":"<div data-elementor-type=\"wp-page\" data-elementor-id=\"670\" class=\"elementor elementor-670\">\n\t\t\t\t\t\t<section class=\"elementor-section elementor-top-section elementor-element elementor-element-f88f5a2 elementor-section-boxed elementor-section-height-default elementor-section-height-default\" data-id=\"f88f5a2\" data-element_type=\"section\" data-e-type=\"section\">\n\t\t\t\t\t\t<div class=\"elementor-container elementor-column-gap-default\">\n\t\t\t\t\t<div class=\"elementor-column elementor-col-100 elementor-top-column elementor-element elementor-element-1d1c53b\" data-id=\"1d1c53b\" data-element_type=\"column\" data-e-type=\"column\">\n\t\t\t<div class=\"elementor-widget-wrap elementor-element-populated\">\n\t\t\t\t\t\t<div class=\"elementor-element elementor-element-555947e elementor-widget elementor-widget-heading\" data-id=\"555947e\" data-element_type=\"widget\" data-e-type=\"widget\" data-widget_type=\"heading.default\">\n\t\t\t\t<div class=\"elementor-widget-container\">\n\t\t\t\t\t<h2 class=\"elementor-heading-title elementor-size-default\">The novel Ostl\u00e4nken railway line: Measurements of fa\u00e7ade insulation<\/h2>\t\t\t\t<\/div>\n\t\t\t\t<\/div>\n\t\t\t\t<div class=\"elementor-element elementor-element-8442c5c elementor-widget elementor-widget-text-editor\" data-id=\"8442c5c\" data-element_type=\"widget\" data-e-type=\"widget\" data-widget_type=\"text-editor.default\">\n\t\t\t\t<div class=\"elementor-widget-container\">\n\t\t\t\t\t\t\t\t\t<p>Akustikdoktorn Sweden has measured fa\u00e7ade insulation for 23 buildings in the area around Nyk\u00f6ping using a speaker method according to SS-EN ISO 16283-3:2016. The work was commissioned by <a href=\"https:\/\/www.cowi.se\/loesningar\/infrastruktur\/ostlaenken-sverige\">COWI <\/a>with the aim to complement the existing noise mapping for a good decision-making basis for the noise abatement measures for the residents around the new line. The planned measures will be based on the <a href=\"https:\/\/www.trafikverket.se\/om-oss\/var-verksamhet\/sa-har-jobbar-vi-med\/Miljo-och-halsa\/Buller-och-vibrationer\/vad-gor-trafikverket-mot-buller-och-vibrationer\/\">guidelines<\/a>\u00a0of the Swedish Transport Administration regarding acoustic living environment.\u00a0\u00a0<\/p><p>The Swedish Transport Administration is planning a new <a href=\"https:\/\/www.trafikverket.se\/nara-dig\/projekt-i-flera-lan\/Ostlanken\/\">double-track<\/a> railway of a total of 160 km between J\u00e4rna in S\u00f6dermanland and Link\u00f6ping in \u00d6sterg\u00f6tland. The track is scheduled to be ready for traffic in 2035 and the new journey time between J\u00e4rna and Link\u00f6ping is expected to be only 42 minutes without stop. The new line will provide a welcome strengthening of the railway's capacity, contributing to shorter journey times, sustainable transport, and increased punctuality.<\/p>\t\t\t\t\t\t\t\t<\/div>\n\t\t\t\t<\/div>\n\t\t\t\t\t<\/div>\n\t\t<\/div>\n\t\t\t\t\t<\/div>\n\t\t<\/section>\n\t\t\t\t<section class=\"elementor-section elementor-top-section elementor-element elementor-element-a4bd934 elementor-section-boxed elementor-section-height-default elementor-section-height-default\" data-id=\"a4bd934\" data-element_type=\"section\" data-e-type=\"section\">\n\t\t\t\t\t\t<div class=\"elementor-container elementor-column-gap-default\">\n\t\t\t\t\t<div class=\"elementor-column elementor-col-50 elementor-top-column elementor-element elementor-element-8a81ce8\" data-id=\"8a81ce8\" data-element_type=\"column\" data-e-type=\"column\">\n\t\t\t<div class=\"elementor-widget-wrap elementor-element-populated\">\n\t\t\t\t\t\t<div class=\"elementor-element elementor-element-3efbd17 elementor-widget elementor-widget-image\" data-id=\"3efbd17\" data-element_type=\"widget\" data-e-type=\"widget\" data-widget_type=\"image.default\">\n\t\t\t\t<div class=\"elementor-widget-container\">\n\t\t\t\t\t\t\t\t\t\t\t\t\t\t\t<img fetchpriority=\"high\" decoding=\"async\" width=\"427\" height=\"484\" src=\"https:\/\/akustikdoktorn.se\/wp-content\/uploads\/2023\/08\/ostlank-1.png\" class=\"attachment-large size-large wp-image-672\" alt=\"\" srcset=\"https:\/\/akustikdoktorn.se\/wp-content\/uploads\/2023\/08\/ostlank-1.png 427w, https:\/\/akustikdoktorn.se\/wp-content\/uploads\/2023\/08\/ostlank-1-265x300.png 265w, https:\/\/akustikdoktorn.se\/wp-content\/uploads\/2023\/08\/ostlank-1-11x12.png 11w\" sizes=\"(max-width: 427px) 100vw, 427px\" \/>\t\t\t\t\t\t\t\t\t\t\t\t\t\t\t<\/div>\n\t\t\t\t<\/div>\n\t\t\t\t\t<\/div>\n\t\t<\/div>\n\t\t\t\t<div class=\"elementor-column elementor-col-50 elementor-top-column elementor-element elementor-element-fdca721\" data-id=\"fdca721\" data-element_type=\"column\" data-e-type=\"column\">\n\t\t\t<div class=\"elementor-widget-wrap elementor-element-populated\">\n\t\t\t\t\t\t<div class=\"elementor-element elementor-element-4fb5116 elementor-widget elementor-widget-image\" data-id=\"4fb5116\" data-element_type=\"widget\" data-e-type=\"widget\" data-widget_type=\"image.default\">\n\t\t\t\t<div class=\"elementor-widget-container\">\n\t\t\t\t\t\t\t\t\t\t\t\t\t\t\t<img decoding=\"async\" width=\"250\" height=\"333\" src=\"https:\/\/akustikdoktorn.se\/wp-content\/uploads\/2023\/08\/ostland-2.png\" class=\"attachment-large size-large wp-image-673\" alt=\"\" srcset=\"https:\/\/akustikdoktorn.se\/wp-content\/uploads\/2023\/08\/ostland-2.png 250w, https:\/\/akustikdoktorn.se\/wp-content\/uploads\/2023\/08\/ostland-2-225x300.png 225w, https:\/\/akustikdoktorn.se\/wp-content\/uploads\/2023\/08\/ostland-2-9x12.png 9w\" sizes=\"(max-width: 250px) 100vw, 250px\" \/>\t\t\t\t\t\t\t\t\t\t\t\t\t\t\t<\/div>\n\t\t\t\t<\/div>\n\t\t\t\t\t<\/div>\n\t\t<\/div>\n\t\t\t\t\t<\/div>\n\t\t<\/section>\n\t\t\t\t<\/div>","protected":false},"excerpt":{"rendered":"<p>Nya Ostl\u00e4nken: M\u00e4tningar av fasadisolering f\u00f6r boende. Akustikdoktorn Sweden har p\u00e5 uppdrag av COWI m\u00e4tt fasadisolering med h\u00f6gtalarmetod enligt SS-EN ISO 16283-3:2016 f\u00f6r 23 byggnader i trakten kring Nyk\u00f6ping. Syftet har varit att komplettera den bullerkartering som COWI utf\u00f6rt i omr\u00e5det f\u00f6r att ge en bra beslutsgrund f\u00f6r att ta fram ett \u00e5tg\u00e4rdsprogram f\u00f6r god &hellip;<\/p>\n<p class=\"read-more\"> <a class=\"\" href=\"https:\/\/akustikdoktorn.se\/en\/projects_2021_jan\/\"> <span class=\"screen-reader-text\">Projects_2021_jan<\/span> Read More &raquo;<\/a><\/p>","protected":false},"author":1,"featured_media":0,"parent":0,"menu_order":0,"comment_status":"closed","ping_status":"closed","template":"","meta":{"_monsterinsights_skip_tracking":false,"_monsterinsights_sitenote_active":false,"_monsterinsights_sitenote_note":"","_monsterinsights_sitenote_category":0,"site-sidebar-layout":"no-sidebar","site-content-layout":"page-builder","ast-global-header-display":"","ast-banner-title-visibility":"","ast-main-header-display":"","ast-hfb-above-header-display":"","ast-hfb-below-header-display":"","ast-hfb-mobile-header-display":"","site-post-title":"disabled","ast-breadcrumbs-content":"","ast-featured-img":"disabled","footer-sml-layout":"","theme-transparent-header-meta":"","adv-header-id-meta":"","stick-header-meta":"","header-above-stick-meta":"","header-main-stick-meta":"","header-below-stick-meta":"","footnotes":""},"class_list":["post-670","page","type-page","status-publish","hentry"],"aioseo_notices":[],"_links":{"self":[{"href":"https:\/\/akustikdoktorn.se\/en\/wp-json\/wp\/v2\/pages\/670","targetHints":{"allow":["GET"]}}],"collection":[{"href":"https:\/\/akustikdoktorn.se\/en\/wp-json\/wp\/v2\/pages"}],"about":[{"href":"https:\/\/akustikdoktorn.se\/en\/wp-json\/wp\/v2\/types\/page"}],"author":[{"embeddable":true,"href":"https:\/\/akustikdoktorn.se\/en\/wp-json\/wp\/v2\/users\/1"}],"replies":[{"embeddable":true,"href":"https:\/\/akustikdoktorn.se\/en\/wp-json\/wp\/v2\/comments?post=670"}],"version-history":[{"count":7,"href":"https:\/\/akustikdoktorn.se\/en\/wp-json\/wp\/v2\/pages\/670\/revisions"}],"predecessor-version":[{"id":752,"href":"https:\/\/akustikdoktorn.se\/en\/wp-json\/wp\/v2\/pages\/670\/revisions\/752"}],"wp:attachment":[{"href":"https:\/\/akustikdoktorn.se\/en\/wp-json\/wp\/v2\/media?parent=670"}],"curies":[{"name":"wp","href":"https:\/\/api.w.org\/{rel}","templated":true}]}}