{"id":661,"date":"2023-08-02T11:41:15","date_gmt":"2023-08-02T11:41:15","guid":{"rendered":"https:\/\/akustikdoktorn.se\/?page_id=661"},"modified":"2023-08-07T09:12:56","modified_gmt":"2023-08-07T09:12:56","slug":"projects_2021_april","status":"publish","type":"page","link":"https:\/\/akustikdoktorn.se\/en\/projects_2021_april\/","title":{"rendered":"Projects_2021_april"},"content":{"rendered":"<div data-elementor-type=\"wp-page\" data-elementor-id=\"661\" class=\"elementor elementor-661\">\n\t\t\t\t\t\t<section class=\"elementor-section elementor-top-section elementor-element elementor-element-45c6fed elementor-section-boxed elementor-section-height-default elementor-section-height-default\" data-id=\"45c6fed\" data-element_type=\"section\" data-e-type=\"section\">\n\t\t\t\t\t\t<div class=\"elementor-container elementor-column-gap-default\">\n\t\t\t\t\t<div class=\"elementor-column elementor-col-100 elementor-top-column elementor-element elementor-element-92f4ef4\" data-id=\"92f4ef4\" data-element_type=\"column\" data-e-type=\"column\">\n\t\t\t<div class=\"elementor-widget-wrap elementor-element-populated\">\n\t\t\t\t\t\t<div class=\"elementor-element elementor-element-0e8e147 elementor-widget elementor-widget-heading\" data-id=\"0e8e147\" data-element_type=\"widget\" data-e-type=\"widget\" data-widget_type=\"heading.default\">\n\t\t\t\t<div class=\"elementor-widget-container\">\n\t\t\t\t\t<h2 class=\"elementor-heading-title elementor-size-default\">Novum Life Science Center: Hj\u00e4rtat<\/h2>\t\t\t\t<\/div>\n\t\t\t\t<\/div>\n\t\t\t\t<div class=\"elementor-element elementor-element-ae23210 elementor-widget elementor-widget-text-editor\" data-id=\"ae23210\" data-element_type=\"widget\" data-e-type=\"widget\" data-widget_type=\"text-editor.default\">\n\t\t\t\t<div class=\"elementor-widget-container\">\n\t\t\t\t\t\t\t\t\t<div class=\"contentgroup__body\">\n<p>Akustikdoktorn is honored and proud to have been commissioned with the acoustics work for<a href=\"https:\/\/flemingsbergscience.se\/wp-content\/uploads\/2020\/12\/Novum_Projektpresentation_Uppslag-1.pdf\"> Nya Novum<\/a>. The client is <a href=\"https:\/\/www.hemso.se\/projekt\/projekt-multihus-och-utvecklingsomraden\/nya-novum\/\">Hems\u00f6 Fastigheter AB<\/a> with <a href=\"https:\/\/tengbom.se\/om-oss\/\">Tengbom<\/a> as responsible architecture company<\/p>\n<p>The work includes acoustic design of the new extension Hj\u00e4rtat, which with its light wooden frame and its beautiful but reflective wooden surfaces on the ceiling and walls requires a well-thought-out plan and well-balanced technical solutions in terms of sound insulation and room acoustic design. In addition, the extension includes two generous and acoustically exciting light shafts to provide good daylight conditions for the working environments and also a new auditorium on two levels with 180 seats.<\/p>\n<p>The Novum building with approximately 40,000 square meters of office and lab space is located in Flemingsberg, Stockholm's southern university area, an innovation center with an interdisciplinary range of research and higher education in a dynamic environment where knowledge and creativity meet.<\/p>\n<p><\/p>\n<p>Through project Nya Novum, the building is expanded with a modern extension of approximately 10,000 square meters of office and business space. A meeting place and space for service is created on the building's ground floor. A creative environment that attracts innovations through the exchange of thoughts, ideas and perspectives. At the top of the building, on floor 11, an exclusive, secluded king-size floor is offered with terraces in all directions and miles-long views of southern Stockholm. The new Novum is built with a wooden frame. It is also wood that also dominates the building's interior environment.<\/p>\n<p>&nbsp;The first part of the project, a complete technical refurbishment of the existing house, will start in the summer of 2021. New construction of the middle part of the house will start in 2022. The opening of the new Novum can take place in 2024 at the earliest.&nbsp;<\/p>\n<\/div>\t\t\t\t\t\t\t\t<\/div>\n\t\t\t\t<\/div>\n\t\t\t\t<div class=\"elementor-element elementor-element-aebf81b elementor-widget elementor-widget-image\" data-id=\"aebf81b\" data-element_type=\"widget\" data-e-type=\"widget\" data-widget_type=\"image.default\">\n\t\t\t\t<div class=\"elementor-widget-container\">\n\t\t\t\t\t\t\t\t\t\t\t\t\t\t\t<img fetchpriority=\"high\" decoding=\"async\" width=\"627\" height=\"469\" src=\"https:\/\/akustikdoktorn.se\/wp-content\/uploads\/2023\/08\/novum1.png\" class=\"attachment-large size-large wp-image-663\" alt=\"\" srcset=\"https:\/\/akustikdoktorn.se\/wp-content\/uploads\/2023\/08\/novum1.png 627w, https:\/\/akustikdoktorn.se\/wp-content\/uploads\/2023\/08\/novum1-300x224.png 300w, https:\/\/akustikdoktorn.se\/wp-content\/uploads\/2023\/08\/novum1-16x12.png 16w\" sizes=\"(max-width: 627px) 100vw, 627px\" \/>\t\t\t\t\t\t\t\t\t\t\t\t\t\t\t<\/div>\n\t\t\t\t<\/div>\n\t\t\t\t<div class=\"elementor-element elementor-element-0263a12 elementor-widget elementor-widget-image\" data-id=\"0263a12\" data-element_type=\"widget\" data-e-type=\"widget\" data-widget_type=\"image.default\">\n\t\t\t\t<div class=\"elementor-widget-container\">\n\t\t\t\t\t\t\t\t\t\t\t\t\t\t\t<img decoding=\"async\" width=\"627\" height=\"340\" src=\"https:\/\/akustikdoktorn.se\/wp-content\/uploads\/2023\/08\/novum-2.png\" class=\"attachment-large size-large wp-image-664\" alt=\"\" srcset=\"https:\/\/akustikdoktorn.se\/wp-content\/uploads\/2023\/08\/novum-2.png 627w, https:\/\/akustikdoktorn.se\/wp-content\/uploads\/2023\/08\/novum-2-300x163.png 300w, https:\/\/akustikdoktorn.se\/wp-content\/uploads\/2023\/08\/novum-2-18x10.png 18w\" sizes=\"(max-width: 627px) 100vw, 627px\" \/>\t\t\t\t\t\t\t\t\t\t\t\t\t\t\t<\/div>\n\t\t\t\t<\/div>\n\t\t\t\t<div class=\"elementor-element elementor-element-c8f1d63 elementor-widget elementor-widget-image\" data-id=\"c8f1d63\" data-element_type=\"widget\" data-e-type=\"widget\" data-widget_type=\"image.default\">\n\t\t\t\t<div class=\"elementor-widget-container\">\n\t\t\t\t\t\t\t\t\t\t\t\t\t\t\t<img decoding=\"async\" width=\"572\" height=\"391\" src=\"https:\/\/akustikdoktorn.se\/wp-content\/uploads\/2023\/08\/novum-3.png\" class=\"attachment-large size-large wp-image-665\" alt=\"\" srcset=\"https:\/\/akustikdoktorn.se\/wp-content\/uploads\/2023\/08\/novum-3.png 572w, https:\/\/akustikdoktorn.se\/wp-content\/uploads\/2023\/08\/novum-3-300x205.png 300w, https:\/\/akustikdoktorn.se\/wp-content\/uploads\/2023\/08\/novum-3-18x12.png 18w\" sizes=\"(max-width: 572px) 100vw, 572px\" \/>\t\t\t\t\t\t\t\t\t\t\t\t\t\t\t<\/div>\n\t\t\t\t<\/div>\n\t\t\t\t\t<\/div>\n\t\t<\/div>\n\t\t\t\t\t<\/div>\n\t\t<\/section>\n\t\t\t\t<\/div>","protected":false},"excerpt":{"rendered":"<p>Novum Life Science Center: Hj\u00e4rtat Akustikdoktorn \u00e4r hedrade och stolta \u00f6ver att ha f\u00e5tt uppdraget med akustikarbetet f\u00f6r Nya Novum. Uppdragsgivare \u00e4r Hems\u00f6 Fastigheter AB med Tengbom som ansvarig arkitektbyr\u00e5. Arbetet inbegriper akustisk projektering av den nya tillbyggnaden Hj\u00e4rtat som med sin l\u00e4tta tr\u00e4stomme och sina vackra men reflekterande tr\u00e4ytor i tak och p\u00e5 v\u00e4ggar &hellip;<\/p>\n<p class=\"read-more\"> <a class=\"\" href=\"https:\/\/akustikdoktorn.se\/en\/projects_2021_april\/\"> <span class=\"screen-reader-text\">Projects_2021_april<\/span> Read More &raquo;<\/a><\/p>","protected":false},"author":1,"featured_media":0,"parent":0,"menu_order":0,"comment_status":"closed","ping_status":"closed","template":"","meta":{"_monsterinsights_skip_tracking":false,"_monsterinsights_sitenote_active":false,"_monsterinsights_sitenote_note":"","_monsterinsights_sitenote_category":0,"site-sidebar-layout":"no-sidebar","site-content-layout":"page-builder","ast-global-header-display":"","ast-banner-title-visibility":"","ast-main-header-display":"","ast-hfb-above-header-display":"","ast-hfb-below-header-display":"","ast-hfb-mobile-header-display":"","site-post-title":"disabled","ast-breadcrumbs-content":"","ast-featured-img":"disabled","footer-sml-layout":"","theme-transparent-header-meta":"","adv-header-id-meta":"","stick-header-meta":"","header-above-stick-meta":"","header-main-stick-meta":"","header-below-stick-meta":"","footnotes":""},"class_list":["post-661","page","type-page","status-publish","hentry"],"aioseo_notices":[],"_links":{"self":[{"href":"https:\/\/akustikdoktorn.se\/en\/wp-json\/wp\/v2\/pages\/661","targetHints":{"allow":["GET"]}}],"collection":[{"href":"https:\/\/akustikdoktorn.se\/en\/wp-json\/wp\/v2\/pages"}],"about":[{"href":"https:\/\/akustikdoktorn.se\/en\/wp-json\/wp\/v2\/types\/page"}],"author":[{"embeddable":true,"href":"https:\/\/akustikdoktorn.se\/en\/wp-json\/wp\/v2\/users\/1"}],"replies":[{"embeddable":true,"href":"https:\/\/akustikdoktorn.se\/en\/wp-json\/wp\/v2\/comments?post=661"}],"version-history":[{"count":7,"href":"https:\/\/akustikdoktorn.se\/en\/wp-json\/wp\/v2\/pages\/661\/revisions"}],"predecessor-version":[{"id":758,"href":"https:\/\/akustikdoktorn.se\/en\/wp-json\/wp\/v2\/pages\/661\/revisions\/758"}],"wp:attachment":[{"href":"https:\/\/akustikdoktorn.se\/en\/wp-json\/wp\/v2\/media?parent=661"}],"curies":[{"name":"wp","href":"https:\/\/api.w.org\/{rel}","templated":true}]}}