{"id":651,"date":"2023-08-02T11:19:50","date_gmt":"2023-08-02T11:19:50","guid":{"rendered":"https:\/\/akustikdoktorn.se\/?page_id=651"},"modified":"2023-08-07T08:57:08","modified_gmt":"2023-08-07T08:57:08","slug":"projects_2022_jan","status":"publish","type":"page","link":"https:\/\/akustikdoktorn.se\/en\/projects_2022_jan\/","title":{"rendered":"Projects_2022_jan"},"content":{"rendered":"<div data-elementor-type=\"wp-page\" data-elementor-id=\"651\" class=\"elementor elementor-651\">\n\t\t\t\t\t\t<section class=\"elementor-section elementor-top-section elementor-element elementor-element-c3669fa elementor-section-boxed elementor-section-height-default elementor-section-height-default\" data-id=\"c3669fa\" data-element_type=\"section\" data-e-type=\"section\">\n\t\t\t\t\t\t<div class=\"elementor-container elementor-column-gap-default\">\n\t\t\t\t\t<div class=\"elementor-column elementor-col-50 elementor-top-column elementor-element elementor-element-354007b\" data-id=\"354007b\" data-element_type=\"column\" data-e-type=\"column\">\n\t\t\t<div class=\"elementor-widget-wrap elementor-element-populated\">\n\t\t\t\t\t\t<div class=\"elementor-element elementor-element-8fe1f7f elementor-widget elementor-widget-heading\" data-id=\"8fe1f7f\" data-element_type=\"widget\" data-e-type=\"widget\" data-widget_type=\"heading.default\">\n\t\t\t\t<div class=\"elementor-widget-container\">\n\t\t\t\t\t<h2 class=\"elementor-heading-title elementor-size-default\">Familjebost\u00e4der: Draget 1<\/h2>\t\t\t\t<\/div>\n\t\t\t\t<\/div>\n\t\t\t\t<div class=\"elementor-element elementor-element-030ef1a elementor-widget elementor-widget-text-editor\" data-id=\"030ef1a\" data-element_type=\"widget\" data-e-type=\"widget\" data-widget_type=\"text-editor.default\">\n\t\t\t\t<div class=\"elementor-widget-container\">\n\t\t\t\t\t\t\t\t\t<div class=\"contentgroup__body\"><p>Akustikdoktorn is honored and proud of the assignment to do the acoustic work for the renovation of the property <a href=\"https:\/\/flemingsbergscience.se\/wp-content\/uploads\/2020\/12\/Novum_Projektpresentation_Uppslag-1.pdf\">Draget<\/a> 1 on S\u00f6dermalm in Stockholm. The client is <a href=\"https:\/\/www.cowi.se\/om-oss\">Cowi<\/a>\u00a0with <a href=\"https:\/\/familjebostader.com\/\">Familjebost\u00e4der<\/a> as an end customer. The property has 178 residential apartments and eleven premises with a total of 9,400 square meters. The property from 1924 is blue-classed by the City Museum, i.e. the city's highest cultural classification. This means that antiquarian considerations must be taken into account and modern functional requirements such as acoustics must be balanced with conservation requirements. \u00a0<\/p><p>The assignment includes acoustic planning for the renovation of apartments and premises. Great focus is placed on improving air and footfall sound insulation through the original wooden beams in critical spaces, such as bedrooms and living rooms. The joists are reinforced acoustically and structurally for significantly improved insulation. The measures are evaluated with calculations and validating measurements.\u00a0<\/p><p>In the work, the aim is to preserve the 20th century character of the rooms and the construction solutions are worked out in close collaboration with an architect and antiquarian. In addition, the ventilation must be rebuilt from self-drafting to an exhaust air system with energy recovery, which requires a well-functioning technical solution to protect the new heat pumps from noise. The lifts are modernized by partially replacing existing lift parts, which requires acoustic planning.\u00a0<\/p><p>In addition, Akustikdoktorn has taken a leading role in designing the remodeling of two display apartments where acoustics and fire measures work together to ensure that the respective requirement levels are met. Concept drawings and construction documents for walls, ceilings and floors have been drawn up.<\/p><\/div>\t\t\t\t\t\t\t\t<\/div>\n\t\t\t\t<\/div>\n\t\t\t\t\t<\/div>\n\t\t<\/div>\n\t\t\t\t<div class=\"elementor-column elementor-col-50 elementor-top-column elementor-element elementor-element-5d4dfed\" data-id=\"5d4dfed\" data-element_type=\"column\" data-e-type=\"column\">\n\t\t\t<div class=\"elementor-widget-wrap elementor-element-populated\">\n\t\t\t\t\t\t<div class=\"elementor-element elementor-element-d660248 elementor-widget elementor-widget-image\" data-id=\"d660248\" data-element_type=\"widget\" data-e-type=\"widget\" data-widget_type=\"image.default\">\n\t\t\t\t<div class=\"elementor-widget-container\">\n\t\t\t\t\t\t\t\t\t\t\t\t\t\t\t<img fetchpriority=\"high\" decoding=\"async\" width=\"441\" height=\"330\" src=\"https:\/\/akustikdoktorn.se\/wp-content\/uploads\/2023\/08\/familjebostader.png\" class=\"attachment-large size-large wp-image-653\" alt=\"\" srcset=\"https:\/\/akustikdoktorn.se\/wp-content\/uploads\/2023\/08\/familjebostader.png 441w, https:\/\/akustikdoktorn.se\/wp-content\/uploads\/2023\/08\/familjebostader-300x224.png 300w, https:\/\/akustikdoktorn.se\/wp-content\/uploads\/2023\/08\/familjebostader-16x12.png 16w\" sizes=\"(max-width: 441px) 100vw, 441px\" \/>\t\t\t\t\t\t\t\t\t\t\t\t\t\t\t<\/div>\n\t\t\t\t<\/div>\n\t\t\t\t<div class=\"elementor-element elementor-element-985e493 elementor-widget elementor-widget-text-editor\" data-id=\"985e493\" data-element_type=\"widget\" data-e-type=\"widget\" data-widget_type=\"text-editor.default\">\n\t\t\t\t<div class=\"elementor-widget-container\">\n\t\t\t\t\t\t\t\t\t<p>Bild: Lokala hyresg\u00e4stf\u00f6reningen <a href=\"https:\/\/www.facebook.com\/profile.php?id=100039597447284\">Blecktornet<\/a><\/p>\t\t\t\t\t\t\t\t<\/div>\n\t\t\t\t<\/div>\n\t\t\t\t\t<\/div>\n\t\t<\/div>\n\t\t\t\t\t<\/div>\n\t\t<\/section>\n\t\t\t\t<\/div>","protected":false},"excerpt":{"rendered":"<p>Familjebost\u00e4der: Draget 1 Akustikdoktorn \u00e4r hedrade och stolta \u00f6ver uppdraget att g\u00f6ra akustikarbetet f\u00f6r renoveringen av fastigheten Draget 1 p\u00e5 S\u00f6dermalm i Stockholm. Uppdragsgivare \u00e4r Cowi\u00a0med Familjebost\u00e4der som slutkund. I fastigheten finns 178 st bostadsl\u00e4genheter och elva lokaler om totalt 9 400 kvm.\u00a0 Fastigheten fr\u00e5n 1924 \u00e4r bl\u00e5klassad av Stadsmuseet, d.v.s. stadens h\u00f6gsta kulturklassificering. Detta &hellip;<\/p>\n<p class=\"read-more\"> <a class=\"\" href=\"https:\/\/akustikdoktorn.se\/en\/projects_2022_jan\/\"> <span class=\"screen-reader-text\">Projects_2022_jan<\/span> Read More &raquo;<\/a><\/p>","protected":false},"author":1,"featured_media":0,"parent":0,"menu_order":0,"comment_status":"closed","ping_status":"closed","template":"","meta":{"_monsterinsights_skip_tracking":false,"_monsterinsights_sitenote_active":false,"_monsterinsights_sitenote_note":"","_monsterinsights_sitenote_category":0,"site-sidebar-layout":"no-sidebar","site-content-layout":"page-builder","ast-global-header-display":"","ast-banner-title-visibility":"","ast-main-header-display":"","ast-hfb-above-header-display":"","ast-hfb-below-header-display":"","ast-hfb-mobile-header-display":"","site-post-title":"disabled","ast-breadcrumbs-content":"","ast-featured-img":"disabled","footer-sml-layout":"","theme-transparent-header-meta":"","adv-header-id-meta":"","stick-header-meta":"","header-above-stick-meta":"","header-main-stick-meta":"","header-below-stick-meta":"","footnotes":""},"class_list":["post-651","page","type-page","status-publish","hentry"],"aioseo_notices":[],"_links":{"self":[{"href":"https:\/\/akustikdoktorn.se\/en\/wp-json\/wp\/v2\/pages\/651","targetHints":{"allow":["GET"]}}],"collection":[{"href":"https:\/\/akustikdoktorn.se\/en\/wp-json\/wp\/v2\/pages"}],"about":[{"href":"https:\/\/akustikdoktorn.se\/en\/wp-json\/wp\/v2\/types\/page"}],"author":[{"embeddable":true,"href":"https:\/\/akustikdoktorn.se\/en\/wp-json\/wp\/v2\/users\/1"}],"replies":[{"embeddable":true,"href":"https:\/\/akustikdoktorn.se\/en\/wp-json\/wp\/v2\/comments?post=651"}],"version-history":[{"count":10,"href":"https:\/\/akustikdoktorn.se\/en\/wp-json\/wp\/v2\/pages\/651\/revisions"}],"predecessor-version":[{"id":748,"href":"https:\/\/akustikdoktorn.se\/en\/wp-json\/wp\/v2\/pages\/651\/revisions\/748"}],"wp:attachment":[{"href":"https:\/\/akustikdoktorn.se\/en\/wp-json\/wp\/v2\/media?parent=651"}],"curies":[{"name":"wp","href":"https:\/\/api.w.org\/{rel}","templated":true}]}}