{"id":640,"date":"2023-08-02T10:48:10","date_gmt":"2023-08-02T10:48:10","guid":{"rendered":"https:\/\/akustikdoktorn.se\/?page_id=640"},"modified":"2023-08-07T08:53:35","modified_gmt":"2023-08-07T08:53:35","slug":"projects_2023_feb","status":"publish","type":"page","link":"https:\/\/akustikdoktorn.se\/en\/projects_2023_feb\/","title":{"rendered":"Projects_2023_feb"},"content":{"rendered":"<div data-elementor-type=\"wp-page\" data-elementor-id=\"640\" class=\"elementor elementor-640\">\n\t\t\t\t\t\t<section class=\"elementor-section elementor-top-section elementor-element elementor-element-906c5b4 elementor-section-boxed elementor-section-height-default elementor-section-height-default\" data-id=\"906c5b4\" data-element_type=\"section\" data-e-type=\"section\">\n\t\t\t\t\t\t<div class=\"elementor-container elementor-column-gap-default\">\n\t\t\t\t\t<div class=\"elementor-column elementor-col-50 elementor-top-column elementor-element elementor-element-2da188b\" data-id=\"2da188b\" data-element_type=\"column\" data-e-type=\"column\">\n\t\t\t<div class=\"elementor-widget-wrap elementor-element-populated\">\n\t\t\t\t\t\t<div class=\"elementor-element elementor-element-63d6529 elementor-widget elementor-widget-heading\" data-id=\"63d6529\" data-element_type=\"widget\" data-e-type=\"widget\" data-widget_type=\"heading.default\">\n\t\t\t\t<div class=\"elementor-widget-container\">\n\t\t\t\t\t<h2 class=\"elementor-heading-title elementor-size-default\">New rail vehicles for Saltsj\u00f6banan<\/h2>\t\t\t\t<\/div>\n\t\t\t\t<\/div>\n\t\t\t\t<div class=\"elementor-element elementor-element-3281843 elementor-widget elementor-widget-text-editor\" data-id=\"3281843\" data-element_type=\"widget\" data-e-type=\"widget\" data-widget_type=\"text-editor.default\">\n\t\t\t\t<div class=\"elementor-widget-container\">\n\t\t\t\t\t\t\t\t\t<p>Client: The Transport Administration, Region Stockholm<\/p><p>Akustikdoktorn is proud to have received the prestigious assignment to support <a href=\"https:\/\/www.regionstockholm.se\/verksamhet\/kollektivtrafik\/aktuella-projekt\/Saltsjobanan\/\">the procurement of new vehicles for Saltsj\u00f6banan<\/a> in terms of acoustics and vibrations. The assignment involves developing a technical specification for the vehicles, evaluating aspiring suppliers' products and processes regarding sound and vibration and following up the selected supplier's product, both at subsystem level and at vehicle level.<\/p><p>X15p vehicles for Roslagsbanan (image <a href=\"https:\/\/www.stadlerrail.com\/media\/pdf\/tmrlb0919sw.pdf\">Stadler\/SL<\/a>)<\/p>\t\t\t\t\t\t\t\t<\/div>\n\t\t\t\t<\/div>\n\t\t\t\t\t<\/div>\n\t\t<\/div>\n\t\t\t\t<div class=\"elementor-column elementor-col-50 elementor-top-column elementor-element elementor-element-2e69f2d\" data-id=\"2e69f2d\" data-element_type=\"column\" data-e-type=\"column\">\n\t\t\t<div class=\"elementor-widget-wrap elementor-element-populated\">\n\t\t\t\t\t\t<div class=\"elementor-element elementor-element-6fadde4 elementor-widget elementor-widget-image\" data-id=\"6fadde4\" data-element_type=\"widget\" data-e-type=\"widget\" data-widget_type=\"image.default\">\n\t\t\t\t<div class=\"elementor-widget-container\">\n\t\t\t\t\t\t\t\t\t\t\t\t\t\t\t<img fetchpriority=\"high\" decoding=\"async\" width=\"1024\" height=\"575\" src=\"https:\/\/akustikdoktorn.se\/wp-content\/uploads\/2023\/08\/saltsjobanan-1-1024x575.png\" class=\"attachment-large size-large wp-image-647\" alt=\"\" srcset=\"https:\/\/akustikdoktorn.se\/wp-content\/uploads\/2023\/08\/saltsjobanan-1-1024x575.png 1024w, https:\/\/akustikdoktorn.se\/wp-content\/uploads\/2023\/08\/saltsjobanan-1-300x168.png 300w, https:\/\/akustikdoktorn.se\/wp-content\/uploads\/2023\/08\/saltsjobanan-1-768x431.png 768w, https:\/\/akustikdoktorn.se\/wp-content\/uploads\/2023\/08\/saltsjobanan-1-18x10.png 18w, https:\/\/akustikdoktorn.se\/wp-content\/uploads\/2023\/08\/saltsjobanan-1.png 1335w\" sizes=\"(max-width: 1024px) 100vw, 1024px\" \/>\t\t\t\t\t\t\t\t\t\t\t\t\t\t\t<\/div>\n\t\t\t\t<\/div>\n\t\t\t\t\t<\/div>\n\t\t<\/div>\n\t\t\t\t\t<\/div>\n\t\t<\/section>\n\t\t\t\t<\/div>","protected":false},"excerpt":{"rendered":"<p>Nya t\u00e5g till Saltsj\u00f6banan Kund: Trafikf\u00f6rvaltningen, Region Stockholm Akustikdoktorn \u00e4r stolta \u00f6ver det prestigefulla uppdraget att st\u00f6tta upphandlingen av nya fordon till Saltsj\u00f6banan vad g\u00e4ller akustik och vibrationer. Uppdraget inneb\u00e4r att ta fram en teknisk specifikation f\u00f6r fordonen vad avser akustik, utv\u00e4rdera aspirerande leverant\u00f6rers produkter och processer kring ljud och vibrationer samt att f\u00f6lja upp &hellip;<\/p>\n<p class=\"read-more\"> <a class=\"\" href=\"https:\/\/akustikdoktorn.se\/en\/projects_2023_feb\/\"> <span class=\"screen-reader-text\">Projects_2023_feb<\/span> Read More &raquo;<\/a><\/p>","protected":false},"author":1,"featured_media":0,"parent":0,"menu_order":0,"comment_status":"closed","ping_status":"closed","template":"","meta":{"_monsterinsights_skip_tracking":false,"_monsterinsights_sitenote_active":false,"_monsterinsights_sitenote_note":"","_monsterinsights_sitenote_category":0,"site-sidebar-layout":"no-sidebar","site-content-layout":"page-builder","ast-global-header-display":"","ast-banner-title-visibility":"","ast-main-header-display":"","ast-hfb-above-header-display":"","ast-hfb-below-header-display":"","ast-hfb-mobile-header-display":"","site-post-title":"disabled","ast-breadcrumbs-content":"","ast-featured-img":"disabled","footer-sml-layout":"","theme-transparent-header-meta":"","adv-header-id-meta":"","stick-header-meta":"","header-above-stick-meta":"","header-main-stick-meta":"","header-below-stick-meta":"","footnotes":""},"class_list":["post-640","page","type-page","status-publish","hentry"],"aioseo_notices":[],"_links":{"self":[{"href":"https:\/\/akustikdoktorn.se\/en\/wp-json\/wp\/v2\/pages\/640","targetHints":{"allow":["GET"]}}],"collection":[{"href":"https:\/\/akustikdoktorn.se\/en\/wp-json\/wp\/v2\/pages"}],"about":[{"href":"https:\/\/akustikdoktorn.se\/en\/wp-json\/wp\/v2\/types\/page"}],"author":[{"embeddable":true,"href":"https:\/\/akustikdoktorn.se\/en\/wp-json\/wp\/v2\/users\/1"}],"replies":[{"embeddable":true,"href":"https:\/\/akustikdoktorn.se\/en\/wp-json\/wp\/v2\/comments?post=640"}],"version-history":[{"count":10,"href":"https:\/\/akustikdoktorn.se\/en\/wp-json\/wp\/v2\/pages\/640\/revisions"}],"predecessor-version":[{"id":745,"href":"https:\/\/akustikdoktorn.se\/en\/wp-json\/wp\/v2\/pages\/640\/revisions\/745"}],"wp:attachment":[{"href":"https:\/\/akustikdoktorn.se\/en\/wp-json\/wp\/v2\/media?parent=640"}],"curies":[{"name":"wp","href":"https:\/\/api.w.org\/{rel}","templated":true}]}}