{"id":380,"date":"2023-06-29T13:23:58","date_gmt":"2023-06-29T13:23:58","guid":{"rendered":"https:\/\/akustikdoktorn.se\/?page_id=380"},"modified":"2023-09-26T07:11:21","modified_gmt":"2023-09-26T07:11:21","slug":"references","status":"publish","type":"page","link":"https:\/\/akustikdoktorn.se\/en\/references\/","title":{"rendered":"References"},"content":{"rendered":"<div data-elementor-type=\"wp-page\" data-elementor-id=\"380\" class=\"elementor elementor-380\">\n\t\t\t\t\t\t<section class=\"elementor-section elementor-top-section elementor-element elementor-element-c4f08a2 elementor-section-boxed elementor-section-height-default elementor-section-height-default\" data-id=\"c4f08a2\" data-element_type=\"section\" data-e-type=\"section\">\n\t\t\t\t\t\t<div class=\"elementor-container elementor-column-gap-default\">\n\t\t\t\t\t<div class=\"elementor-column elementor-col-100 elementor-top-column elementor-element elementor-element-1abf1e0\" data-id=\"1abf1e0\" data-element_type=\"column\" data-e-type=\"column\">\n\t\t\t<div class=\"elementor-widget-wrap elementor-element-populated\">\n\t\t\t\t\t\t<div class=\"elementor-element elementor-element-7c6a299 elementor-view-default elementor-widget elementor-widget-icon\" data-id=\"7c6a299\" data-element_type=\"widget\" data-e-type=\"widget\" data-widget_type=\"icon.default\">\n\t\t\t\t<div class=\"elementor-widget-container\">\n\t\t\t\t\t\t\t<div class=\"elementor-icon-wrapper\">\n\t\t\t<div class=\"elementor-icon\">\n\t\t\t<i aria-hidden=\"true\" class=\"fas fa-quote-right\"><\/i>\t\t\t<\/div>\n\t\t<\/div>\n\t\t\t\t\t\t<\/div>\n\t\t\t\t<\/div>\n\t\t\t\t<div class=\"elementor-element elementor-element-83feb7e elementor-widget elementor-widget-heading\" data-id=\"83feb7e\" data-element_type=\"widget\" data-e-type=\"widget\" data-widget_type=\"heading.default\">\n\t\t\t\t<div class=\"elementor-widget-container\">\n\t\t\t\t\t<h2 class=\"elementor-heading-title elementor-size-default\">Antiphon AB<\/h2>\t\t\t\t<\/div>\n\t\t\t\t<\/div>\n\t\t\t\t<div class=\"elementor-element elementor-element-f0719b9 elementor-widget elementor-widget-text-editor\" data-id=\"f0719b9\" data-element_type=\"widget\" data-e-type=\"widget\" data-widget_type=\"text-editor.default\">\n\t\t\t\t<div class=\"elementor-widget-container\">\n\t\t\t\t\t\t\t\t\t<ul><li><div>Analysis of noise control solutions for electric drives in cars and identification of areas for product development.<\/div><\/li><li><div>Technical sales support<\/div><\/li><li><div>Market survey and support regarding methods for materials testing<\/div><\/li><li><div>Training of Antiphon personnel<\/div><\/li><\/ul><p>\"Antiphon has much benefited from the support from Ulf, both as a teacher at internal acoustics training courses and when we need expert advice with technical customers support questions. His expertise and experience has been of great value at different consultations, both for our product development and for our laboratory work and is highly recommended\"\u00a0<\/p><p><em>Berit Andersson, CEO Antiphon AB.<\/em><\/p>\t\t\t\t\t\t\t\t<\/div>\n\t\t\t\t<\/div>\n\t\t\t\t<div class=\"elementor-element elementor-element-2fba6bd elementor-widget elementor-widget-heading\" data-id=\"2fba6bd\" data-element_type=\"widget\" data-e-type=\"widget\" data-widget_type=\"heading.default\">\n\t\t\t\t<div class=\"elementor-widget-container\">\n\t\t\t\t\t<h2 class=\"elementor-heading-title elementor-size-default\">Greenest Form AB<\/h2>\t\t\t\t<\/div>\n\t\t\t\t<\/div>\n\t\t\t\t<div class=\"elementor-element elementor-element-606bf99 elementor-widget elementor-widget-text-editor\" data-id=\"606bf99\" data-element_type=\"widget\" data-e-type=\"widget\" data-widget_type=\"text-editor.default\">\n\t\t\t\t<div class=\"elementor-widget-container\">\n\t\t\t\t\t\t\t\t\t<div class=\"contentgroup__body\"><p>Akustikdoktorn has carried out measurements and simulations of new noise screen designs. Seven different screen designs were evaluated. The measurements were made according to EN1793-5 and EN1793-6 respectively, together with our highly qualified partner <a href=\"http:\/\/www.akustix.pl\/en\/\">Akustix Sp z o. o<\/a>Simulations were made using <a href=\"https:\/\/alphacell.matelys.com\/\">Alpha Cell<\/a>.<\/p><p>The project aimed at developing acoustically effective solutions meeting the customer\u00b4s demanding requirements regarding sound absorption and insulation and to qualify the screens acoustically.\n\n\"During 2020-2021 we have engaged Akustikdoktorn Sweden AB  for acoustical measurements according to EU standard regarding sound absorption and insulation for our noise screens for the Kungens Kurva project south of Stockholm with Skanska\/Trafikverket as customer. The work was carried out fast and professionally and Ulf showed to be very knowledgeable in the field and also capable to explain the results for non-specialists.\u00a0<\/p><p>We will continue our collaboration with Akustikdoktorn Sweden AB and can warmly recommend Ulf for acoustical investigations and measurement campaigns\".<\/p><p><em>Anders Lindgren, CEO Greenest Form AB.<\/em><\/p><\/div>\t\t\t\t\t\t\t\t<\/div>\n\t\t\t\t<\/div>\n\t\t\t\t<div class=\"elementor-element elementor-element-09e93b6 elementor-widget elementor-widget-heading\" data-id=\"09e93b6\" data-element_type=\"widget\" data-e-type=\"widget\" data-widget_type=\"heading.default\">\n\t\t\t\t<div class=\"elementor-widget-container\">\n\t\t\t\t\t<h2 class=\"elementor-heading-title elementor-size-default\">Alstom Germany<\/h2>\t\t\t\t<\/div>\n\t\t\t\t<\/div>\n\t\t\t\t<div class=\"elementor-element elementor-element-65a075a elementor-widget elementor-widget-text-editor\" data-id=\"65a075a\" data-element_type=\"widget\" data-e-type=\"widget\" data-widget_type=\"text-editor.default\">\n\t\t\t\t<div class=\"elementor-widget-container\">\n\t\t\t\t\t\t\t\t\t<p>Modelling of high-speed train<\/p><ul><li>External noise using Train Noise Expert (ISVR)<\/li><li>Internlal noise using VA1 (ESI)<\/li><\/ul>\t\t\t\t\t\t\t\t<\/div>\n\t\t\t\t<\/div>\n\t\t\t\t<div class=\"elementor-element elementor-element-0e3f893 elementor-widget elementor-widget-heading\" data-id=\"0e3f893\" data-element_type=\"widget\" data-e-type=\"widget\" data-widget_type=\"heading.default\">\n\t\t\t\t<div class=\"elementor-widget-container\">\n\t\t\t\t\t<h2 class=\"elementor-heading-title elementor-size-default\">Autoform i Malung AB<\/h2>\t\t\t\t<\/div>\n\t\t\t\t<\/div>\n\t\t\t\t<div class=\"elementor-element elementor-element-6f808b4 elementor-widget elementor-widget-text-editor\" data-id=\"6f808b4\" data-element_type=\"widget\" data-e-type=\"widget\" data-widget_type=\"text-editor.default\">\n\t\t\t\t<div class=\"elementor-widget-container\">\n\t\t\t\t\t\t\t\t\t<div class=\"contentgroup__body\"><ul><li><div>Gave a general Acoustic and Vibration training for Autoform personnel<\/div><\/li><li><div>Utbildning av Autoforms personal vad g\u00e4ller buller och vibrationer<\/div><\/li><\/ul><\/div>\t\t\t\t\t\t\t\t<\/div>\n\t\t\t\t<\/div>\n\t\t\t\t<div class=\"elementor-element elementor-element-76fb1e6 elementor-widget elementor-widget-heading\" data-id=\"76fb1e6\" data-element_type=\"widget\" data-e-type=\"widget\" data-widget_type=\"heading.default\">\n\t\t\t\t<div class=\"elementor-widget-container\">\n\t\t\t\t\t<h2 class=\"elementor-heading-title elementor-size-default\">Ensy AB<\/h2>\t\t\t\t<\/div>\n\t\t\t\t<\/div>\n\t\t\t\t<div class=\"elementor-element elementor-element-7c4828d elementor-widget elementor-widget-text-editor\" data-id=\"7c4828d\" data-element_type=\"widget\" data-e-type=\"widget\" data-widget_type=\"text-editor.default\">\n\t\t\t\t<div class=\"elementor-widget-container\">\n\t\t\t\t\t\t\t\t\t<p>Consulting task: Leading and coordination of the management team, coordination of sales activities and technical development work, project and patent management, applications for grants, general planning and documentation.<\/p>\t\t\t\t\t\t\t\t<\/div>\n\t\t\t\t<\/div>\n\t\t\t\t<div class=\"elementor-element elementor-element-030348f elementor-widget-divider--view-line elementor-widget elementor-widget-divider\" data-id=\"030348f\" data-element_type=\"widget\" data-e-type=\"widget\" data-widget_type=\"divider.default\">\n\t\t\t\t<div class=\"elementor-widget-container\">\n\t\t\t\t\t\t\t<div class=\"elementor-divider\">\n\t\t\t<span class=\"elementor-divider-separator\">\n\t\t\t\t\t\t<\/span>\n\t\t<\/div>\n\t\t\t\t\t\t<\/div>\n\t\t\t\t<\/div>\n\t\t\t\t<div class=\"elementor-element elementor-element-fd116f1 elementor-view-default elementor-widget elementor-widget-icon\" data-id=\"fd116f1\" data-element_type=\"widget\" data-e-type=\"widget\" data-widget_type=\"icon.default\">\n\t\t\t\t<div class=\"elementor-widget-container\">\n\t\t\t\t\t\t\t<div class=\"elementor-icon-wrapper\">\n\t\t\t<div class=\"elementor-icon\">\n\t\t\t<i aria-hidden=\"true\" class=\"fas fa-quote-right\"><\/i>\t\t\t<\/div>\n\t\t<\/div>\n\t\t\t\t\t\t<\/div>\n\t\t\t\t<\/div>\n\t\t\t\t<div class=\"elementor-element elementor-element-611dd62 elementor-widget elementor-widget-heading\" data-id=\"611dd62\" data-element_type=\"widget\" data-e-type=\"widget\" data-widget_type=\"heading.default\">\n\t\t\t\t<div class=\"elementor-widget-container\">\n\t\t\t\t\t<h2 class=\"elementor-heading-title elementor-size-default\">\nSaid about Dr. Orrenius<\/h2>\t\t\t\t<\/div>\n\t\t\t\t<\/div>\n\t\t\t\t<div class=\"elementor-element elementor-element-b57ee40 elementor-widget elementor-widget-text-editor\" data-id=\"b57ee40\" data-element_type=\"widget\" data-e-type=\"widget\" data-widget_type=\"text-editor.default\">\n\t\t\t\t<div class=\"elementor-widget-container\">\n\t\t\t\t\t\t\t\t\t<div class=\"contentgroup__body\"><div><span class=\"wysiwyg-font-size-16\">&#8221; Ulf is one of the most inspiring persons I&#8217;ve ever worked with. Cooperation with Ulf enhances your own performance and presents a good environment for new ideas and solutions.&#8221;<\/span><\/div><p><em>\u00a0<span class=\"wysiwyg-font-size-16\">Martin Almgren, Head of Acoustics department at Tyr\u00e9ns\u00a0<\/span><\/em><\/p><p>\u00a0<\/p><div><span class=\"wysiwyg-font-size-16\">&#8221;During many years in Aero- and Thermodynamics as a colleague at Bombardier Transportation, I have on several occasions worked with Ulf and got to know him on a personal level. In my experience Ulf is a very knowledgeable acoustician, inquisitive and open minded, with a strong personal drive to develop, improve and implement. You will be happy to have Ulf in your team or project.&#8221;,\u00a0<\/span><\/div><p><em><span class=\"wysiwyg-font-size-16\">\u00a0 Mikael Sima, Founder CEO and Senior consultant at MSiCo AB<\/span><\/em><\/p><\/div>\t\t\t\t\t\t\t\t<\/div>\n\t\t\t\t<\/div>\n\t\t\t\t\t<\/div>\n\t\t<\/div>\n\t\t\t\t\t<\/div>\n\t\t<\/section>\n\t\t\t\t<\/div>","protected":false},"excerpt":{"rendered":"<p>Antiphon AB Utveckling av d\u00e4mp- och akustikpaket f\u00f6r elfordon, identifiering av nya produkter. Tekniskt s\u00e4ljst\u00f6d Marknadsanalys och teknisk support vad avser metoder f\u00f6r materialprovning Utbildning av Antiphons personal med fokus p\u00e5 absorbent och d\u00e4mpmaterial &#8221;Antiphon har haft god hj\u00e4lp av Ulf vid b\u00e5de intern akustikutbildning och tillf\u00e4llen d\u00e5 vi beh\u00f6vt r\u00e5d och experthj\u00e4lp vid tekniska &hellip;<\/p>\n<p class=\"read-more\"> <a class=\"\" href=\"https:\/\/akustikdoktorn.se\/en\/references\/\"> <span class=\"screen-reader-text\">References<\/span> Read More &raquo;<\/a><\/p>","protected":false},"author":1,"featured_media":0,"parent":0,"menu_order":0,"comment_status":"closed","ping_status":"closed","template":"","meta":{"_monsterinsights_skip_tracking":false,"_monsterinsights_sitenote_active":false,"_monsterinsights_sitenote_note":"","_monsterinsights_sitenote_category":0,"site-sidebar-layout":"no-sidebar","site-content-layout":"page-builder","ast-global-header-display":"","ast-banner-title-visibility":"","ast-main-header-display":"","ast-hfb-above-header-display":"","ast-hfb-below-header-display":"","ast-hfb-mobile-header-display":"","site-post-title":"disabled","ast-breadcrumbs-content":"","ast-featured-img":"disabled","footer-sml-layout":"","theme-transparent-header-meta":"","adv-header-id-meta":"","stick-header-meta":"","header-above-stick-meta":"","header-main-stick-meta":"","header-below-stick-meta":"","footnotes":""},"class_list":["post-380","page","type-page","status-publish","hentry"],"aioseo_notices":[],"_links":{"self":[{"href":"https:\/\/akustikdoktorn.se\/en\/wp-json\/wp\/v2\/pages\/380","targetHints":{"allow":["GET"]}}],"collection":[{"href":"https:\/\/akustikdoktorn.se\/en\/wp-json\/wp\/v2\/pages"}],"about":[{"href":"https:\/\/akustikdoktorn.se\/en\/wp-json\/wp\/v2\/types\/page"}],"author":[{"embeddable":true,"href":"https:\/\/akustikdoktorn.se\/en\/wp-json\/wp\/v2\/users\/1"}],"replies":[{"embeddable":true,"href":"https:\/\/akustikdoktorn.se\/en\/wp-json\/wp\/v2\/comments?post=380"}],"version-history":[{"count":37,"href":"https:\/\/akustikdoktorn.se\/en\/wp-json\/wp\/v2\/pages\/380\/revisions"}],"predecessor-version":[{"id":1266,"href":"https:\/\/akustikdoktorn.se\/en\/wp-json\/wp\/v2\/pages\/380\/revisions\/1266"}],"wp:attachment":[{"href":"https:\/\/akustikdoktorn.se\/en\/wp-json\/wp\/v2\/media?parent=380"}],"curies":[{"name":"wp","href":"https:\/\/api.w.org\/{rel}","templated":true}]}}