{"id":370,"date":"2023-06-29T13:23:04","date_gmt":"2023-06-29T13:23:04","guid":{"rendered":"https:\/\/akustikdoktorn.se\/?page_id=370"},"modified":"2025-11-27T11:48:14","modified_gmt":"2025-11-27T11:48:14","slug":"about","status":"publish","type":"page","link":"https:\/\/akustikdoktorn.se\/en\/about\/","title":{"rendered":"About"},"content":{"rendered":"<div data-elementor-type=\"wp-page\" data-elementor-id=\"370\" class=\"elementor elementor-370\">\n\t\t\t\t\t\t<section class=\"elementor-section elementor-top-section elementor-element elementor-element-d8451f6 elementor-section-boxed elementor-section-height-default elementor-section-height-default\" data-id=\"d8451f6\" data-element_type=\"section\" data-e-type=\"section\">\n\t\t\t\t\t\t<div class=\"elementor-container elementor-column-gap-default\">\n\t\t\t\t\t<div class=\"elementor-column elementor-col-100 elementor-top-column elementor-element elementor-element-c556ef3\" data-id=\"c556ef3\" data-element_type=\"column\" data-e-type=\"column\">\n\t\t\t<div class=\"elementor-widget-wrap elementor-element-populated\">\n\t\t\t\t\t\t<div class=\"elementor-element elementor-element-50c2f4b elementor-widget elementor-widget-heading\" data-id=\"50c2f4b\" data-element_type=\"widget\" data-e-type=\"widget\" data-widget_type=\"heading.default\">\n\t\t\t\t<div class=\"elementor-widget-container\">\n\t\t\t\t\t<h2 class=\"elementor-heading-title elementor-size-default\">About <\/h2>\t\t\t\t<\/div>\n\t\t\t\t<\/div>\n\t\t\t\t<div class=\"elementor-element elementor-element-8b5b9c0 elementor-widget elementor-widget-text-editor\" data-id=\"8b5b9c0\" data-element_type=\"widget\" data-e-type=\"widget\" data-widget_type=\"text-editor.default\">\n\t\t\t\t<div class=\"elementor-widget-container\">\n\t\t\t\t\t\t\t\t\t<div class=\"contentgroup__body\"><p>Akustikdoktorn Sweden AB was founded 2019 by Dr. Ulf Orrenius with the idea to offer high quality consulting services in the field of Acoustics and Vibration. The underlying thinking is to support companies and organisations in product development and planning to reduce risks with noise and vibration. But we also support with trouble shooting and solutions if acoustics concerns have turned into a problem.<\/p><p>Our customers are municipals and infra-structure companies as well as OEMs and sub-suppliers in the aerospace, automotive and rail-vehicle industries, but we also support companies in other fields for which acoustics is key to market acceptance, like ventilation and heating systems.\n\nWe also coordinate research projects, with Industrial and academic partners.<\/p><p>We are established in building acoustics in Stockholm with projects for Hems\u00f6 Fastigheter and Familjebost\u00e4der, among others. We have a strong network of external specialists and can, among other things, offer analysis and solutions regarding ambient noise, using our Software SAFTu and in collaboration with AkustiX sp\u00f3\u0142ka z o.o. with solid expertise in the field and a solid reference list in terms of noise mapping with SoundPlan.<\/p><\/div>\t\t\t\t\t\t\t\t<\/div>\n\t\t\t\t<\/div>\n\t\t\t\t\t<\/div>\n\t\t<\/div>\n\t\t\t\t\t<\/div>\n\t\t<\/section>\n\t\t\t\t<section class=\"elementor-section elementor-top-section elementor-element elementor-element-56ccf7a elementor-section-boxed elementor-section-height-default elementor-section-height-default\" data-id=\"56ccf7a\" data-element_type=\"section\" data-e-type=\"section\">\n\t\t\t\t\t\t<div class=\"elementor-container elementor-column-gap-default\">\n\t\t\t\t\t<div class=\"elementor-column elementor-col-50 elementor-top-column elementor-element elementor-element-2812937\" data-id=\"2812937\" data-element_type=\"column\" data-e-type=\"column\">\n\t\t\t<div class=\"elementor-widget-wrap elementor-element-populated\">\n\t\t\t\t\t\t<div class=\"elementor-element elementor-element-0921b39 elementor-widget elementor-widget-heading\" data-id=\"0921b39\" data-element_type=\"widget\" data-e-type=\"widget\" data-widget_type=\"heading.default\">\n\t\t\t\t<div class=\"elementor-widget-container\">\n\t\t\t\t\t<h2 class=\"elementor-heading-title elementor-size-default\">Ulf Orrenius<\/h2>\t\t\t\t<\/div>\n\t\t\t\t<\/div>\n\t\t\t\t<div class=\"elementor-element elementor-element-ba729a8 elementor-widget elementor-widget-text-editor\" data-id=\"ba729a8\" data-element_type=\"widget\" data-e-type=\"widget\" data-widget_type=\"text-editor.default\">\n\t\t\t\t<div class=\"elementor-widget-container\">\n\t\t\t\t\t\t\t\t\t<div class=\"contentgroup__body\"><p>Dr. Orrenius wrote his thesis about structural sound transmission in ship's structures and has since then developed a unique competence with more than 25 years in the field. After his thesis he worked at the global AcV competence center at Bombardier Transportation with applied research and acoustic design support for rail-vehicles and aircraft. In addition, he has supported companies with expert guidance in a wide range of product segments: aerospace, automotive, shipbuilding, ventilation and heating systems, gear boxes, flooring systems, antennas etc.<\/p><p>His vast experience ranges from acoustic planning for new buildings as well as in product development projects and management of research projects to more hands-on tasks like room acoustic analysis and design, development of silent electric motors and HVAC systems, effective machinery suspensions as well as light weight air-craft fuselage sound packages. He also has a long experience as a teacher and supervisor for engineering students on masters and doctoral level.<\/p><\/div>\t\t\t\t\t\t\t\t<\/div>\n\t\t\t\t<\/div>\n\t\t\t\t\t<\/div>\n\t\t<\/div>\n\t\t\t\t<div class=\"elementor-column elementor-col-50 elementor-top-column elementor-element elementor-element-9fadeb6\" data-id=\"9fadeb6\" data-element_type=\"column\" data-e-type=\"column\">\n\t\t\t<div class=\"elementor-widget-wrap elementor-element-populated\">\n\t\t\t\t\t\t<div class=\"elementor-element elementor-element-3bc0f20 elementor-widget elementor-widget-image\" data-id=\"3bc0f20\" data-element_type=\"widget\" data-e-type=\"widget\" data-widget_type=\"image.default\">\n\t\t\t\t<div class=\"elementor-widget-container\">\n\t\t\t\t\t\t\t\t\t\t\t\t\t\t\t<img fetchpriority=\"high\" decoding=\"async\" width=\"491\" height=\"515\" src=\"https:\/\/akustikdoktorn.se\/wp-content\/uploads\/2023\/07\/ulfbild.jpg\" class=\"attachment-large size-large wp-image-560\" alt=\"\" srcset=\"https:\/\/akustikdoktorn.se\/wp-content\/uploads\/2023\/07\/ulfbild.jpg 491w, https:\/\/akustikdoktorn.se\/wp-content\/uploads\/2023\/07\/ulfbild-286x300.jpg 286w, https:\/\/akustikdoktorn.se\/wp-content\/uploads\/2023\/07\/ulfbild-11x12.jpg 11w\" sizes=\"(max-width: 491px) 100vw, 491px\" \/>\t\t\t\t\t\t\t\t\t\t\t\t\t\t\t<\/div>\n\t\t\t\t<\/div>\n\t\t\t\t<section class=\"elementor-section elementor-inner-section elementor-element elementor-element-449f02b elementor-section-boxed elementor-section-height-default elementor-section-height-default\" data-id=\"449f02b\" data-element_type=\"section\" data-e-type=\"section\">\n\t\t\t\t\t\t<div class=\"elementor-container elementor-column-gap-default\">\n\t\t\t\t\t<div class=\"elementor-column elementor-col-50 elementor-inner-column elementor-element elementor-element-c50b961\" data-id=\"c50b961\" data-element_type=\"column\" data-e-type=\"column\">\n\t\t\t<div class=\"elementor-widget-wrap elementor-element-populated\">\n\t\t\t\t\t\t<div class=\"elementor-element elementor-element-d7cdd94 elementor-align-center elementor-widget elementor-widget-button\" data-id=\"d7cdd94\" data-element_type=\"widget\" data-e-type=\"widget\" data-widget_type=\"button.default\">\n\t\t\t\t<div class=\"elementor-widget-container\">\n\t\t\t\t\t\t\t\t\t<div class=\"elementor-button-wrapper\">\n\t\t\t\t\t<a class=\"elementor-button elementor-button-link elementor-size-sm\" href=\"https:\/\/akustikdoktorn.se\/wp-content\/uploads\/2023\/08\/ulf-cv.pdf\">\n\t\t\t\t\t\t<span class=\"elementor-button-content-wrapper\">\n\t\t\t\t\t\t\t\t\t<span class=\"elementor-button-text\">Ulf Orrenius CV<\/span>\n\t\t\t\t\t<\/span>\n\t\t\t\t\t<\/a>\n\t\t\t\t<\/div>\n\t\t\t\t\t\t\t\t<\/div>\n\t\t\t\t<\/div>\n\t\t\t\t\t<\/div>\n\t\t<\/div>\n\t\t\t\t<div class=\"elementor-column elementor-col-50 elementor-inner-column elementor-element elementor-element-0db6f1b\" data-id=\"0db6f1b\" data-element_type=\"column\" data-e-type=\"column\">\n\t\t\t<div class=\"elementor-widget-wrap elementor-element-populated\">\n\t\t\t\t\t\t<div class=\"elementor-element elementor-element-9d9476e elementor-align-center elementor-widget elementor-widget-button\" data-id=\"9d9476e\" data-element_type=\"widget\" data-e-type=\"widget\" data-widget_type=\"button.default\">\n\t\t\t\t<div class=\"elementor-widget-container\">\n\t\t\t\t\t\t\t\t\t<div class=\"elementor-button-wrapper\">\n\t\t\t\t\t<a class=\"elementor-button elementor-button-link elementor-size-sm\" href=\"https:\/\/akustikdoktorn.se\/wp-content\/uploads\/2023\/08\/ulf-publications.pdf\">\n\t\t\t\t\t\t<span class=\"elementor-button-content-wrapper\">\n\t\t\t\t\t\t\t\t\t<span class=\"elementor-button-text\">Publications<\/span>\n\t\t\t\t\t<\/span>\n\t\t\t\t\t<\/a>\n\t\t\t\t<\/div>\n\t\t\t\t\t\t\t\t<\/div>\n\t\t\t\t<\/div>\n\t\t\t\t\t<\/div>\n\t\t<\/div>\n\t\t\t\t\t<\/div>\n\t\t<\/section>\n\t\t\t\t\t<\/div>\n\t\t<\/div>\n\t\t\t\t\t<\/div>\n\t\t<\/section>\n\t\t\t\t<section class=\"elementor-section elementor-top-section elementor-element elementor-element-6a2cde4 elementor-section-boxed elementor-section-height-default elementor-section-height-default\" data-id=\"6a2cde4\" data-element_type=\"section\" data-e-type=\"section\">\n\t\t\t\t\t\t<div class=\"elementor-container elementor-column-gap-default\">\n\t\t\t\t\t<div class=\"elementor-column elementor-col-50 elementor-top-column elementor-element elementor-element-21c2753\" data-id=\"21c2753\" data-element_type=\"column\" data-e-type=\"column\">\n\t\t\t<div class=\"elementor-widget-wrap elementor-element-populated\">\n\t\t\t\t\t\t<div class=\"elementor-element elementor-element-20012a4 elementor-widget elementor-widget-image\" data-id=\"20012a4\" data-element_type=\"widget\" data-e-type=\"widget\" data-widget_type=\"image.default\">\n\t\t\t\t<div class=\"elementor-widget-container\">\n\t\t\t\t\t\t\t\t\t\t\t\t\t\t\t<img decoding=\"async\" width=\"354\" height=\"429\" src=\"https:\/\/akustikdoktorn.se\/wp-content\/uploads\/2023\/07\/ulfkollega.jpg\" class=\"attachment-large size-large wp-image-562\" alt=\"\" srcset=\"https:\/\/akustikdoktorn.se\/wp-content\/uploads\/2023\/07\/ulfkollega.jpg 354w, https:\/\/akustikdoktorn.se\/wp-content\/uploads\/2023\/07\/ulfkollega-248x300.jpg 248w, https:\/\/akustikdoktorn.se\/wp-content\/uploads\/2023\/07\/ulfkollega-10x12.jpg 10w\" sizes=\"(max-width: 354px) 100vw, 354px\" \/>\t\t\t\t\t\t\t\t\t\t\t\t\t\t\t<\/div>\n\t\t\t\t<\/div>\n\t\t\t\t\t<\/div>\n\t\t<\/div>\n\t\t\t\t<div class=\"elementor-column elementor-col-50 elementor-top-column elementor-element elementor-element-e24c22a\" data-id=\"e24c22a\" data-element_type=\"column\" data-e-type=\"column\">\n\t\t\t<div class=\"elementor-widget-wrap elementor-element-populated\">\n\t\t\t\t\t\t<div class=\"elementor-element elementor-element-4c0d334 elementor-widget elementor-widget-heading\" data-id=\"4c0d334\" data-element_type=\"widget\" data-e-type=\"widget\" data-widget_type=\"heading.default\">\n\t\t\t\t<div class=\"elementor-widget-container\">\n\t\t\t\t\t<h2 class=\"elementor-heading-title elementor-size-default\">Carl Grehan<\/h2>\t\t\t\t<\/div>\n\t\t\t\t<\/div>\n\t\t\t\t<div class=\"elementor-element elementor-element-da106d5 elementor-widget elementor-widget-text-editor\" data-id=\"da106d5\" data-element_type=\"widget\" data-e-type=\"widget\" data-widget_type=\"text-editor.default\">\n\t\t\t\t<div class=\"elementor-widget-container\">\n\t\t\t\t\t\t\t\t\t<div class=\"contentgroup__body\"><p>Carl has a master's degree in engineering from KTH with a specialization in sound and vibration. During his career, he has gained a broad experience in technology, environment and sustainability and has extensive experience in noise and vibration investigations as well as hands-on problem solving, of great benefit in handling and interpreting requirements and in developing proposals for action.\u00a0<\/p><p>Both in his professional career, and in his engagement as a youth leader in football and scouting, he has conducted several trainings in, leadership and project management. Through the scout method 'learning by doing', he has acquired a broad knowledge base about managing risks and methodology to avoid risks.<\/p><\/div>\t\t\t\t\t\t\t\t<\/div>\n\t\t\t\t<\/div>\n\t\t\t\t\t<\/div>\n\t\t<\/div>\n\t\t\t\t\t<\/div>\n\t\t<\/section>\n\t\t\t\t<\/div>","protected":false},"excerpt":{"rendered":"<p>Om oss Akustikdoktorn Sweden AB \u00e4r ett litet och dynamisk akustikf\u00f6retag som grundades 2019. Vi erbjuder f\u00f6retag och organisationer kvalificerat st\u00f6d med produktutveckling och planering f\u00f6r att f\u00f6rebygga risker av ol\u00e4genheter fr\u00e5n buller och vibrationer.\u00a0Vi arbetar strukturerat och noggrannt och har bred erfarenhet inom s\u00e5v\u00e4l v\u00e5ra specialistomr\u00e5den som av andra relevanta teknikomr\u00e5den, som milj\u00f6 och &hellip;<\/p>\n<p class=\"read-more\"> <a class=\"\" href=\"https:\/\/akustikdoktorn.se\/en\/about\/\"> <span class=\"screen-reader-text\">About<\/span> Read More &raquo;<\/a><\/p>","protected":false},"author":1,"featured_media":0,"parent":0,"menu_order":0,"comment_status":"closed","ping_status":"closed","template":"","meta":{"_monsterinsights_skip_tracking":false,"_monsterinsights_sitenote_active":false,"_monsterinsights_sitenote_note":"","_monsterinsights_sitenote_category":0,"site-sidebar-layout":"no-sidebar","site-content-layout":"page-builder","ast-global-header-display":"","ast-banner-title-visibility":"","ast-main-header-display":"","ast-hfb-above-header-display":"","ast-hfb-below-header-display":"","ast-hfb-mobile-header-display":"","site-post-title":"disabled","ast-breadcrumbs-content":"","ast-featured-img":"disabled","footer-sml-layout":"","theme-transparent-header-meta":"","adv-header-id-meta":"","stick-header-meta":"","header-above-stick-meta":"","header-main-stick-meta":"","header-below-stick-meta":"","footnotes":""},"class_list":["post-370","page","type-page","status-publish","hentry"],"aioseo_notices":[],"_links":{"self":[{"href":"https:\/\/akustikdoktorn.se\/en\/wp-json\/wp\/v2\/pages\/370","targetHints":{"allow":["GET"]}}],"collection":[{"href":"https:\/\/akustikdoktorn.se\/en\/wp-json\/wp\/v2\/pages"}],"about":[{"href":"https:\/\/akustikdoktorn.se\/en\/wp-json\/wp\/v2\/types\/page"}],"author":[{"embeddable":true,"href":"https:\/\/akustikdoktorn.se\/en\/wp-json\/wp\/v2\/users\/1"}],"replies":[{"embeddable":true,"href":"https:\/\/akustikdoktorn.se\/en\/wp-json\/wp\/v2\/comments?post=370"}],"version-history":[{"count":51,"href":"https:\/\/akustikdoktorn.se\/en\/wp-json\/wp\/v2\/pages\/370\/revisions"}],"predecessor-version":[{"id":1601,"href":"https:\/\/akustikdoktorn.se\/en\/wp-json\/wp\/v2\/pages\/370\/revisions\/1601"}],"wp:attachment":[{"href":"https:\/\/akustikdoktorn.se\/en\/wp-json\/wp\/v2\/media?parent=370"}],"curies":[{"name":"wp","href":"https:\/\/api.w.org\/{rel}","templated":true}]}}