{"id":361,"date":"2023-06-29T13:20:49","date_gmt":"2023-06-29T13:20:49","guid":{"rendered":"https:\/\/akustikdoktorn.se\/?page_id=361"},"modified":"2023-08-08T13:21:51","modified_gmt":"2023-08-08T13:21:51","slug":"product-development","status":"publish","type":"page","link":"https:\/\/akustikdoktorn.se\/en\/product-development\/","title":{"rendered":"Product Development"},"content":{"rendered":"<div data-elementor-type=\"wp-page\" data-elementor-id=\"361\" class=\"elementor elementor-361\">\n\t\t\t\t\t\t<section class=\"elementor-section elementor-top-section elementor-element elementor-element-4f89756 elementor-section-boxed elementor-section-height-default elementor-section-height-default\" data-id=\"4f89756\" data-element_type=\"section\" data-e-type=\"section\">\n\t\t\t\t\t\t<div class=\"elementor-container elementor-column-gap-default\">\n\t\t\t\t\t<div class=\"elementor-column elementor-col-100 elementor-top-column elementor-element elementor-element-630751a\" data-id=\"630751a\" data-element_type=\"column\" data-e-type=\"column\">\n\t\t\t<div class=\"elementor-widget-wrap elementor-element-populated\">\n\t\t\t\t\t\t<div class=\"elementor-element elementor-element-d3aa762 elementor-widget elementor-widget-heading\" data-id=\"d3aa762\" data-element_type=\"widget\" data-e-type=\"widget\" data-widget_type=\"heading.default\">\n\t\t\t\t<div class=\"elementor-widget-container\">\n\t\t\t\t\t<h2 class=\"elementor-heading-title elementor-size-default\">Product Development<\/h2>\t\t\t\t<\/div>\n\t\t\t\t<\/div>\n\t\t\t\t<div class=\"elementor-element elementor-element-aa88833 elementor-widget elementor-widget-text-editor\" data-id=\"aa88833\" data-element_type=\"widget\" data-e-type=\"widget\" data-widget_type=\"text-editor.default\">\n\t\t\t\t<div class=\"elementor-widget-container\">\n\t\t\t\t\t\t\t\t\t<p>We know product development. We know that acoustics need to be accounted for right from the first design sketches until the final type testing.\n\nThe formula reads: the earlier you face a potential problem, the easier and less expensive it's solution. Easier said than done one may think, but from experience we know that by a systematic introduction of check-points in your development process, costly mistakes can be avoided.<\/p>\t\t\t\t\t\t\t\t<\/div>\n\t\t\t\t<\/div>\n\t\t\t\t\t<\/div>\n\t\t<\/div>\n\t\t\t\t\t<\/div>\n\t\t<\/section>\n\t\t\t\t<section class=\"elementor-section elementor-top-section elementor-element elementor-element-12563a1 elementor-section-boxed elementor-section-height-default elementor-section-height-default\" data-id=\"12563a1\" data-element_type=\"section\" data-e-type=\"section\">\n\t\t\t\t\t\t<div class=\"elementor-container elementor-column-gap-default\">\n\t\t\t\t\t<div class=\"elementor-column elementor-col-50 elementor-top-column elementor-element elementor-element-0c17200\" data-id=\"0c17200\" data-element_type=\"column\" data-e-type=\"column\">\n\t\t\t<div class=\"elementor-widget-wrap elementor-element-populated\">\n\t\t\t\t\t\t<div class=\"elementor-element elementor-element-3290bdd elementor-widget elementor-widget-image\" data-id=\"3290bdd\" data-element_type=\"widget\" data-e-type=\"widget\" data-widget_type=\"image.default\">\n\t\t\t\t<div class=\"elementor-widget-container\">\n\t\t\t\t\t\t\t\t\t\t\t\t\t\t\t<img fetchpriority=\"high\" decoding=\"async\" width=\"492\" height=\"370\" src=\"https:\/\/akustikdoktorn.se\/wp-content\/uploads\/2023\/07\/aircraft-interior.jpg\" class=\"attachment-large size-large wp-image-512\" alt=\"\" srcset=\"https:\/\/akustikdoktorn.se\/wp-content\/uploads\/2023\/07\/aircraft-interior.jpg 492w, https:\/\/akustikdoktorn.se\/wp-content\/uploads\/2023\/07\/aircraft-interior-300x226.jpg 300w, https:\/\/akustikdoktorn.se\/wp-content\/uploads\/2023\/07\/aircraft-interior-16x12.jpg 16w\" sizes=\"(max-width: 492px) 100vw, 492px\" \/>\t\t\t\t\t\t\t\t\t\t\t\t\t\t\t<\/div>\n\t\t\t\t<\/div>\n\t\t\t\t\t<\/div>\n\t\t<\/div>\n\t\t\t\t<div class=\"elementor-column elementor-col-50 elementor-top-column elementor-element elementor-element-d7a1402\" data-id=\"d7a1402\" data-element_type=\"column\" data-e-type=\"column\">\n\t\t\t<div class=\"elementor-widget-wrap elementor-element-populated\">\n\t\t\t\t\t\t<div class=\"elementor-element elementor-element-bc2407b elementor-widget elementor-widget-heading\" data-id=\"bc2407b\" data-element_type=\"widget\" data-e-type=\"widget\" data-widget_type=\"heading.default\">\n\t\t\t\t<div class=\"elementor-widget-container\">\n\t\t\t\t\t<h2 class=\"elementor-heading-title elementor-size-default\">Design support<\/h2>\t\t\t\t<\/div>\n\t\t\t\t<\/div>\n\t\t\t\t<div class=\"elementor-element elementor-element-6a35c5a elementor-widget elementor-widget-text-editor\" data-id=\"6a35c5a\" data-element_type=\"widget\" data-e-type=\"widget\" data-widget_type=\"text-editor.default\">\n\t\t\t\t<div class=\"elementor-widget-container\">\n\t\t\t\t\t\t\t\t\t<p><span class=\"js-text-content content-block\">Our key competence is acoustic planning and design support in all phases of product development: from conceptional assessment of the early design ideas to detailed calculation and design work in later phases. An example task is design and specification of vibration isolations systems for e.g. motors and compressors, another is design of silent ventilation systems, a third is specification and design of efficient sound barriers.<\/span><\/p>\t\t\t\t\t\t\t\t<\/div>\n\t\t\t\t<\/div>\n\t\t\t\t\t<\/div>\n\t\t<\/div>\n\t\t\t\t\t<\/div>\n\t\t<\/section>\n\t\t\t\t<section class=\"elementor-section elementor-top-section elementor-element elementor-element-5da6668 elementor-section-boxed elementor-section-height-default elementor-section-height-default\" data-id=\"5da6668\" data-element_type=\"section\" data-e-type=\"section\">\n\t\t\t\t\t\t<div class=\"elementor-container elementor-column-gap-default\">\n\t\t\t\t\t<div class=\"elementor-column elementor-col-50 elementor-top-column elementor-element elementor-element-a9fa2e2\" data-id=\"a9fa2e2\" data-element_type=\"column\" data-e-type=\"column\">\n\t\t\t<div class=\"elementor-widget-wrap elementor-element-populated\">\n\t\t\t\t\t\t<div class=\"elementor-element elementor-element-16c00c0 elementor-widget elementor-widget-heading\" data-id=\"16c00c0\" data-element_type=\"widget\" data-e-type=\"widget\" data-widget_type=\"heading.default\">\n\t\t\t\t<div class=\"elementor-widget-container\">\n\t\t\t\t\t<h2 class=\"elementor-heading-title elementor-size-default\">Added value<\/h2>\t\t\t\t<\/div>\n\t\t\t\t<\/div>\n\t\t\t\t<div class=\"elementor-element elementor-element-2799ab6 elementor-widget elementor-widget-text-editor\" data-id=\"2799ab6\" data-element_type=\"widget\" data-e-type=\"widget\" data-widget_type=\"text-editor.default\">\n\t\t\t\t<div class=\"elementor-widget-container\">\n\t\t\t\t\t\t\t\t\t<p>We support with test programs and define simulation strategies to mitigate noise and vibration problems before they happen. We help define requirements on sub-suppliers to reach the final targets on the end products. We carry out the tests needed as well as simulations to reduce risk associated with noise and vibrations. In all these ways we provide added value to your products. This work typically needs to be carried out in close collaboration with other technical specialists, as well as with marketing and purchase.<\/p>\t\t\t\t\t\t\t\t<\/div>\n\t\t\t\t<\/div>\n\t\t\t\t\t<\/div>\n\t\t<\/div>\n\t\t\t\t<div class=\"elementor-column elementor-col-50 elementor-top-column elementor-element elementor-element-562bfb8\" data-id=\"562bfb8\" data-element_type=\"column\" data-e-type=\"column\">\n\t\t\t<div class=\"elementor-widget-wrap elementor-element-populated\">\n\t\t\t\t\t\t<div class=\"elementor-element elementor-element-6cd50b1 elementor-widget elementor-widget-image\" data-id=\"6cd50b1\" data-element_type=\"widget\" data-e-type=\"widget\" data-widget_type=\"image.default\">\n\t\t\t\t<div class=\"elementor-widget-container\">\n\t\t\t\t\t\t\t\t\t\t\t\t\t\t\t<img decoding=\"async\" width=\"1024\" height=\"576\" src=\"https:\/\/akustikdoktorn.se\/wp-content\/uploads\/2023\/06\/develop-1024x576.jpg\" class=\"attachment-large size-large wp-image-230\" alt=\"\" srcset=\"https:\/\/akustikdoktorn.se\/wp-content\/uploads\/2023\/06\/develop-1024x576.jpg 1024w, https:\/\/akustikdoktorn.se\/wp-content\/uploads\/2023\/06\/develop-300x169.jpg 300w, https:\/\/akustikdoktorn.se\/wp-content\/uploads\/2023\/06\/develop-768x432.jpg 768w, https:\/\/akustikdoktorn.se\/wp-content\/uploads\/2023\/06\/develop-18x10.jpg 18w, https:\/\/akustikdoktorn.se\/wp-content\/uploads\/2023\/06\/develop.jpg 1500w\" sizes=\"(max-width: 1024px) 100vw, 1024px\" \/>\t\t\t\t\t\t\t\t\t\t\t\t\t\t\t<\/div>\n\t\t\t\t<\/div>\n\t\t\t\t\t<\/div>\n\t\t<\/div>\n\t\t\t\t\t<\/div>\n\t\t<\/section>\n\t\t\t\t<\/div>","protected":false},"excerpt":{"rendered":"<p>Produktutveckling Vi kan produktutveckling. Vi vet att akustikfr\u00e5gorna beh\u00f6ver bem\u00f6tas redan fr\u00e5n de f\u00f6rsta designskisserna och beh\u00f6ver finnas med hela v\u00e4gen till typtestning och utformning av serviceprogram. Formeln lyder: ju tidigare ett potentiellt problem kan identifieras, desto enklare och billigare dess l\u00f6sning. L\u00e4ttare sagt \u00e4n gjort kan man t\u00e4nka men vi vet av erfarenhet att &hellip;<\/p>\n<p class=\"read-more\"> <a class=\"\" href=\"https:\/\/akustikdoktorn.se\/en\/product-development\/\"> <span class=\"screen-reader-text\">Product Development<\/span> Read More &raquo;<\/a><\/p>","protected":false},"author":1,"featured_media":0,"parent":0,"menu_order":0,"comment_status":"closed","ping_status":"closed","template":"","meta":{"_monsterinsights_skip_tracking":false,"_monsterinsights_sitenote_active":false,"_monsterinsights_sitenote_note":"","_monsterinsights_sitenote_category":0,"site-sidebar-layout":"no-sidebar","site-content-layout":"page-builder","ast-global-header-display":"","ast-banner-title-visibility":"","ast-main-header-display":"","ast-hfb-above-header-display":"","ast-hfb-below-header-display":"","ast-hfb-mobile-header-display":"","site-post-title":"disabled","ast-breadcrumbs-content":"","ast-featured-img":"disabled","footer-sml-layout":"","theme-transparent-header-meta":"","adv-header-id-meta":"","stick-header-meta":"","header-above-stick-meta":"","header-main-stick-meta":"","header-below-stick-meta":"","footnotes":""},"class_list":["post-361","page","type-page","status-publish","hentry"],"aioseo_notices":[],"_links":{"self":[{"href":"https:\/\/akustikdoktorn.se\/en\/wp-json\/wp\/v2\/pages\/361","targetHints":{"allow":["GET"]}}],"collection":[{"href":"https:\/\/akustikdoktorn.se\/en\/wp-json\/wp\/v2\/pages"}],"about":[{"href":"https:\/\/akustikdoktorn.se\/en\/wp-json\/wp\/v2\/types\/page"}],"author":[{"embeddable":true,"href":"https:\/\/akustikdoktorn.se\/en\/wp-json\/wp\/v2\/users\/1"}],"replies":[{"embeddable":true,"href":"https:\/\/akustikdoktorn.se\/en\/wp-json\/wp\/v2\/comments?post=361"}],"version-history":[{"count":13,"href":"https:\/\/akustikdoktorn.se\/en\/wp-json\/wp\/v2\/pages\/361\/revisions"}],"predecessor-version":[{"id":856,"href":"https:\/\/akustikdoktorn.se\/en\/wp-json\/wp\/v2\/pages\/361\/revisions\/856"}],"wp:attachment":[{"href":"https:\/\/akustikdoktorn.se\/en\/wp-json\/wp\/v2\/media?parent=361"}],"curies":[{"name":"wp","href":"https:\/\/api.w.org\/{rel}","templated":true}]}}