{"id":356,"date":"2023-06-29T13:20:00","date_gmt":"2023-06-29T13:20:00","guid":{"rendered":"https:\/\/akustikdoktorn.se\/?page_id=356"},"modified":"2025-04-30T07:51:26","modified_gmt":"2025-04-30T07:51:26","slug":"acoustic-design","status":"publish","type":"page","link":"https:\/\/akustikdoktorn.se\/en\/acoustic-design\/","title":{"rendered":"Marketing and Sales"},"content":{"rendered":"<div data-elementor-type=\"wp-page\" data-elementor-id=\"356\" class=\"elementor elementor-356\">\n\t\t\t\t\t\t<section class=\"elementor-section elementor-top-section elementor-element elementor-element-d91c899 elementor-section-boxed elementor-section-height-default elementor-section-height-default\" data-id=\"d91c899\" data-element_type=\"section\" data-e-type=\"section\">\n\t\t\t\t\t\t<div class=\"elementor-container elementor-column-gap-default\">\n\t\t\t\t\t<div class=\"elementor-column elementor-col-100 elementor-top-column elementor-element elementor-element-5a1183d\" data-id=\"5a1183d\" data-element_type=\"column\" data-e-type=\"column\">\n\t\t\t<div class=\"elementor-widget-wrap elementor-element-populated\">\n\t\t\t\t\t\t<div class=\"elementor-element elementor-element-1abf19a elementor-widget elementor-widget-heading\" data-id=\"1abf19a\" data-element_type=\"widget\" data-e-type=\"widget\" data-widget_type=\"heading.default\">\n\t\t\t\t<div class=\"elementor-widget-container\">\n\t\t\t\t\t<h2 class=\"elementor-heading-title elementor-size-default\">Acoustic branding - the sound of silence <\/h2>\t\t\t\t<\/div>\n\t\t\t\t<\/div>\n\t\t\t\t<div class=\"elementor-element elementor-element-8a6fe60 elementor-widget elementor-widget-text-editor\" data-id=\"8a6fe60\" data-element_type=\"widget\" data-e-type=\"widget\" data-widget_type=\"text-editor.default\">\n\t\t\t\t<div class=\"elementor-widget-container\">\n\t\t\t\t\t\t\t\t\t<p>Does the sound of your product match its soul? Are annoying tonal components well masked behind a soft broadband swoosh sound, possibly from the ventilation system?<\/p><p>The sound of your product should match and harmonize with its use. Low noise levels combined with a well-designed acoustic signature, signals quality and even elegance and luxury. For many products, acoustic design is key for customer acceptance in addition to just being on the right side of the limit values defined by the relevant ISO or IEEE standard. To keep the idea of quality over the years, squeak and rattling sounds should not develop. Maintenance programs shall account for your product\u2019s acoustic quality.<\/p><p>Akustikdoktorn Sweden has experience with securing acoustic quality of complex products. We can help you setting quality standards by tailoring your product\u2019s acoustic profile and when applicable, explain and illustrate the noise control effect that your product offers. We can also support with your acoustic branding as well as the technical presentation on your website.<\/p>\t\t\t\t\t\t\t\t<\/div>\n\t\t\t\t<\/div>\n\t\t\t\t\t<\/div>\n\t\t<\/div>\n\t\t\t\t\t<\/div>\n\t\t<\/section>\n\t\t\t\t<section class=\"elementor-section elementor-top-section elementor-element elementor-element-408d82d elementor-section-boxed elementor-section-height-default elementor-section-height-default\" data-id=\"408d82d\" data-element_type=\"section\" data-e-type=\"section\">\n\t\t\t\t\t\t<div class=\"elementor-container elementor-column-gap-default\">\n\t\t\t\t\t<div class=\"elementor-column elementor-col-50 elementor-top-column elementor-element elementor-element-b55cfa8\" data-id=\"b55cfa8\" data-element_type=\"column\" data-e-type=\"column\">\n\t\t\t<div class=\"elementor-widget-wrap elementor-element-populated\">\n\t\t\t\t\t\t<div class=\"elementor-element elementor-element-2702133 elementor-widget elementor-widget-image\" data-id=\"2702133\" data-element_type=\"widget\" data-e-type=\"widget\" data-widget_type=\"image.default\">\n\t\t\t\t<div class=\"elementor-widget-container\">\n\t\t\t\t\t\t\t\t\t\t\t\t\t\t\t<img fetchpriority=\"high\" decoding=\"async\" width=\"626\" height=\"318\" src=\"https:\/\/akustikdoktorn.se\/wp-content\/uploads\/2023\/07\/markering1.jpg\" class=\"attachment-large size-large wp-image-551\" alt=\"\" srcset=\"https:\/\/akustikdoktorn.se\/wp-content\/uploads\/2023\/07\/markering1.jpg 626w, https:\/\/akustikdoktorn.se\/wp-content\/uploads\/2023\/07\/markering1-300x152.jpg 300w, https:\/\/akustikdoktorn.se\/wp-content\/uploads\/2023\/07\/markering1-18x9.jpg 18w\" sizes=\"(max-width: 626px) 100vw, 626px\" \/>\t\t\t\t\t\t\t\t\t\t\t\t\t\t\t<\/div>\n\t\t\t\t<\/div>\n\t\t\t\t\t<\/div>\n\t\t<\/div>\n\t\t\t\t<div class=\"elementor-column elementor-col-50 elementor-top-column elementor-element elementor-element-d6d007b\" data-id=\"d6d007b\" data-element_type=\"column\" data-e-type=\"column\">\n\t\t\t<div class=\"elementor-widget-wrap elementor-element-populated\">\n\t\t\t\t\t\t<div class=\"elementor-element elementor-element-a026c80 elementor-widget elementor-widget-image\" data-id=\"a026c80\" data-element_type=\"widget\" data-e-type=\"widget\" data-widget_type=\"image.default\">\n\t\t\t\t<div class=\"elementor-widget-container\">\n\t\t\t\t\t\t\t\t\t\t\t\t\t\t\t<img decoding=\"async\" width=\"604\" height=\"283\" src=\"https:\/\/akustikdoktorn.se\/wp-content\/uploads\/2023\/07\/marketing2.jpg\" class=\"attachment-large size-large wp-image-552\" alt=\"\" srcset=\"https:\/\/akustikdoktorn.se\/wp-content\/uploads\/2023\/07\/marketing2.jpg 604w, https:\/\/akustikdoktorn.se\/wp-content\/uploads\/2023\/07\/marketing2-300x141.jpg 300w, https:\/\/akustikdoktorn.se\/wp-content\/uploads\/2023\/07\/marketing2-18x8.jpg 18w\" sizes=\"(max-width: 604px) 100vw, 604px\" \/>\t\t\t\t\t\t\t\t\t\t\t\t\t\t\t<\/div>\n\t\t\t\t<\/div>\n\t\t\t\t\t<\/div>\n\t\t<\/div>\n\t\t\t\t\t<\/div>\n\t\t<\/section>\n\t\t\t\t<\/div>","protected":false},"excerpt":{"rendered":"<p>Akustisk design och tekniskt s\u00e4ljst\u00f6d L\u00e5ter era produkter som ni vill att de ska l\u00e5ta? Matchar produktens ljudbild dess karakt\u00e4r och hur den \u00e4r t\u00e4nkt att uppfattas av anv\u00e4ndare och av dem som funderar p\u00e5 att skaffa sig den? Finns det st\u00f6rande inslag I den akustiska signaturen? Den akustiska signaturen ska harmoniera med produktens anv\u00e4ndning &hellip;<\/p>\n<p class=\"read-more\"> <a class=\"\" href=\"https:\/\/akustikdoktorn.se\/en\/acoustic-design\/\"> <span class=\"screen-reader-text\">Marketing and Sales<\/span> Read More &raquo;<\/a><\/p>","protected":false},"author":1,"featured_media":0,"parent":0,"menu_order":0,"comment_status":"closed","ping_status":"closed","template":"","meta":{"_monsterinsights_skip_tracking":false,"_monsterinsights_sitenote_active":false,"_monsterinsights_sitenote_note":"","_monsterinsights_sitenote_category":0,"site-sidebar-layout":"no-sidebar","site-content-layout":"page-builder","ast-global-header-display":"","ast-banner-title-visibility":"","ast-main-header-display":"","ast-hfb-above-header-display":"","ast-hfb-below-header-display":"","ast-hfb-mobile-header-display":"","site-post-title":"disabled","ast-breadcrumbs-content":"","ast-featured-img":"disabled","footer-sml-layout":"","theme-transparent-header-meta":"","adv-header-id-meta":"","stick-header-meta":"","header-above-stick-meta":"","header-main-stick-meta":"","header-below-stick-meta":"","footnotes":""},"class_list":["post-356","page","type-page","status-publish","hentry"],"aioseo_notices":[],"_links":{"self":[{"href":"https:\/\/akustikdoktorn.se\/en\/wp-json\/wp\/v2\/pages\/356","targetHints":{"allow":["GET"]}}],"collection":[{"href":"https:\/\/akustikdoktorn.se\/en\/wp-json\/wp\/v2\/pages"}],"about":[{"href":"https:\/\/akustikdoktorn.se\/en\/wp-json\/wp\/v2\/types\/page"}],"author":[{"embeddable":true,"href":"https:\/\/akustikdoktorn.se\/en\/wp-json\/wp\/v2\/users\/1"}],"replies":[{"embeddable":true,"href":"https:\/\/akustikdoktorn.se\/en\/wp-json\/wp\/v2\/comments?post=356"}],"version-history":[{"count":17,"href":"https:\/\/akustikdoktorn.se\/en\/wp-json\/wp\/v2\/pages\/356\/revisions"}],"predecessor-version":[{"id":1531,"href":"https:\/\/akustikdoktorn.se\/en\/wp-json\/wp\/v2\/pages\/356\/revisions\/1531"}],"wp:attachment":[{"href":"https:\/\/akustikdoktorn.se\/en\/wp-json\/wp\/v2\/media?parent=356"}],"curies":[{"name":"wp","href":"https:\/\/api.w.org\/{rel}","templated":true}]}}