{"id":346,"date":"2023-06-29T13:14:32","date_gmt":"2023-06-29T13:14:32","guid":{"rendered":"https:\/\/akustikdoktorn.se\/?page_id=346"},"modified":"2023-09-21T20:04:35","modified_gmt":"2023-09-21T20:04:35","slug":"environmental-noise","status":"publish","type":"page","link":"https:\/\/akustikdoktorn.se\/en\/environmental-noise\/","title":{"rendered":"Byggnadsakustik &amp; samh\u00e4llsbuller"},"content":{"rendered":"<div data-elementor-type=\"wp-page\" data-elementor-id=\"346\" class=\"elementor elementor-346\">\n\t\t\t\t\t\t<section class=\"elementor-section elementor-top-section elementor-element elementor-element-15516bc elementor-section-boxed elementor-section-height-default elementor-section-height-default\" data-id=\"15516bc\" data-element_type=\"section\" data-e-type=\"section\">\n\t\t\t\t\t\t<div class=\"elementor-container elementor-column-gap-default\">\n\t\t\t\t\t<div class=\"elementor-column elementor-col-100 elementor-top-column elementor-element elementor-element-5220f8e\" data-id=\"5220f8e\" data-element_type=\"column\" data-e-type=\"column\">\n\t\t\t<div class=\"elementor-widget-wrap elementor-element-populated\">\n\t\t\t\t\t\t<div class=\"elementor-element elementor-element-15a04b8 elementor-widget elementor-widget-heading\" data-id=\"15a04b8\" data-element_type=\"widget\" data-e-type=\"widget\" data-widget_type=\"heading.default\">\n\t\t\t\t<div class=\"elementor-widget-container\">\n\t\t\t\t\t<h2 class=\"elementor-heading-title elementor-size-default\">Noise control of buildings<\/h2>\t\t\t\t<\/div>\n\t\t\t\t<\/div>\n\t\t\t\t<div class=\"elementor-element elementor-element-4194fb3 elementor-widget elementor-widget-text-editor\" data-id=\"4194fb3\" data-element_type=\"widget\" data-e-type=\"widget\" data-widget_type=\"text-editor.default\">\n\t\t\t\t<div class=\"elementor-widget-container\">\n\t\t\t\t\t\t\t\t\t<p>We support house building projects in all its phases, from risk assessment in early commissioning phases via the detailing of noise control measures in system and project phases, to the final validation and assessment on the buidling site. We measure and calculate sound insulation, also with assessment of flanking paths according to EN12354-1\/2 or using SEA. We have experience with noise control of light weight wooden frame housing and the tools and competence to assure that vibrating installations, like heat pump compressors and elevator machinery, do not lead to disturbance for tenants.<\/p><p>We simulate and measure speech intelligibility (STIPA, STI) in hallways, entance areas and auditoria, propose effective design measures and follow up on the targets. We also take full responsibility for the audio-visual quality in new lecture halls, including the visual perception at the different seating positions etc. In addition we have experience of handling noise issues during the building production phases by developing of noise control and handling schemes and  to follow up with effective measures.<\/p><p>We work with buiilding projects together with COWI, Hems\u00f6 Fastigheter and Familjebost\u00e4der among others.\u00a0<\/p>\t\t\t\t\t\t\t\t<\/div>\n\t\t\t\t<\/div>\n\t\t\t\t<div class=\"elementor-element elementor-element-cfe8885 elementor-widget elementor-widget-image\" data-id=\"cfe8885\" data-element_type=\"widget\" data-e-type=\"widget\" data-widget_type=\"image.default\">\n\t\t\t\t<div class=\"elementor-widget-container\">\n\t\t\t\t\t\t\t\t\t\t\t\t\t\t\t<img fetchpriority=\"high\" decoding=\"async\" width=\"934\" height=\"249\" src=\"https:\/\/akustikdoktorn.se\/wp-content\/uploads\/2023\/07\/byggakustik-bild.jpg\" class=\"attachment-large size-large wp-image-524\" alt=\"\" srcset=\"https:\/\/akustikdoktorn.se\/wp-content\/uploads\/2023\/07\/byggakustik-bild.jpg 934w, https:\/\/akustikdoktorn.se\/wp-content\/uploads\/2023\/07\/byggakustik-bild-300x80.jpg 300w, https:\/\/akustikdoktorn.se\/wp-content\/uploads\/2023\/07\/byggakustik-bild-768x205.jpg 768w, https:\/\/akustikdoktorn.se\/wp-content\/uploads\/2023\/07\/byggakustik-bild-18x5.jpg 18w\" sizes=\"(max-width: 934px) 100vw, 934px\" \/>\t\t\t\t\t\t\t\t\t\t\t\t\t\t\t<\/div>\n\t\t\t\t<\/div>\n\t\t\t\t<div class=\"elementor-element elementor-element-6931061 elementor-widget elementor-widget-heading\" data-id=\"6931061\" data-element_type=\"widget\" data-e-type=\"widget\" data-widget_type=\"heading.default\">\n\t\t\t\t<div class=\"elementor-widget-container\">\n\t\t\t\t\t<h2 class=\"elementor-heading-title elementor-size-default\">Environmental noise<\/h2>\t\t\t\t<\/div>\n\t\t\t\t<\/div>\n\t\t\t\t<div class=\"elementor-element elementor-element-9c67ecc elementor-widget elementor-widget-text-editor\" data-id=\"9c67ecc\" data-element_type=\"widget\" data-e-type=\"widget\" data-widget_type=\"text-editor.default\">\n\t\t\t\t<div class=\"elementor-widget-container\">\n\t\t\t\t\t\t\t\t\t<div class=\"contentgroup__body\"><p>Environmental noise is today affecting everyone and is therefore one of the most important challenges to public health. Noise from roads and railroads, fly-over aircraft, industries and construction sites lead to increased stress and poor sleep. It is told that one single motorbike crossing Paris a warm summer night, wakes up about 250 000 people. Long exposure to high noise levels may also cause hearing damage as well as tinnitus.\u00a0<\/p><p>A common mitigation measure is to build noise screens and barriers.  We assess the performance of barriers with respect to sound reduction and absorption and also measure according to EN1793-5\/6.\n\nNoise mapping is a powerful tool to assess various measures, like sound barriers and limitations in vehicle speed to arrive at the most cost effective solution. The model is used to calculate sound levels where people are exposed, first at the present situation and second, after noise reduction measures. For airports, effects of altered landing and take off patterns can be assessed.\u00a0<\/p><p>Together with our partner <a href=\"http:\/\/www.akustix.pl\/Oferta\/Pracownia-konsultingowa-i-projektowa\/oferta-konsultingowa-i-projektowa.html\" target=\"_blank\" rel=\"noopener\">Akustix <\/a>\u00a0we can offer simulations for road and rail noise, commercial and leisure noise as well aircraft noise. Akustix has a long and proven experience using SoundPlan, also for airport noise modelling.<\/p><p>The starting point is 3-d GIS maps (via georeferenced bitmaps or data from DXF, ASCII and QSI) and relevant source models. Calculations can be made according to the Nordic Prediction models Nord2000Road (report 4653) and Nord2000Rail (report 4935). Airport noise calculations are typically made using SS ISO 9613 or Cnossos EU.<\/p><\/div>\t\t\t\t\t\t\t\t<\/div>\n\t\t\t\t<\/div>\n\t\t\t\t<div class=\"elementor-element elementor-element-ce8233f elementor-align-center elementor-widget elementor-widget-button\" data-id=\"ce8233f\" data-element_type=\"widget\" data-e-type=\"widget\" data-widget_type=\"button.default\">\n\t\t\t\t<div class=\"elementor-widget-container\">\n\t\t\t\t\t\t\t\t\t<div class=\"elementor-button-wrapper\">\n\t\t\t\t\t<a class=\"elementor-button elementor-button-link elementor-size-sm\" href=\"https:\/\/akustikdoktorn.se\/wp-content\/uploads\/2023\/08\/akustix-ref.pdf\">\n\t\t\t\t\t\t<span class=\"elementor-button-content-wrapper\">\n\t\t\t\t\t\t\t\t\t<span class=\"elementor-button-text\">Akustic reference list<\/span>\n\t\t\t\t\t<\/span>\n\t\t\t\t\t<\/a>\n\t\t\t\t<\/div>\n\t\t\t\t\t\t\t\t<\/div>\n\t\t\t\t<\/div>\n\t\t\t\t\t<\/div>\n\t\t<\/div>\n\t\t\t\t\t<\/div>\n\t\t<\/section>\n\t\t\t\t<section class=\"elementor-section elementor-top-section elementor-element elementor-element-290777c elementor-section-boxed elementor-section-height-default elementor-section-height-default\" data-id=\"290777c\" data-element_type=\"section\" data-e-type=\"section\">\n\t\t\t\t\t\t<div class=\"elementor-container elementor-column-gap-default\">\n\t\t\t\t\t<div class=\"elementor-column elementor-col-33 elementor-top-column elementor-element elementor-element-e3d0aeb\" data-id=\"e3d0aeb\" data-element_type=\"column\" data-e-type=\"column\">\n\t\t\t<div class=\"elementor-widget-wrap elementor-element-populated\">\n\t\t\t\t\t\t<div class=\"elementor-element elementor-element-6d3b794 elementor-widget elementor-widget-image\" data-id=\"6d3b794\" data-element_type=\"widget\" data-e-type=\"widget\" data-widget_type=\"image.default\">\n\t\t\t\t<div class=\"elementor-widget-container\">\n\t\t\t\t\t\t\t\t\t\t\t\t\t\t\t<img decoding=\"async\" width=\"818\" height=\"390\" src=\"https:\/\/akustikdoktorn.se\/wp-content\/uploads\/2023\/08\/externbuller-2-1.png\" class=\"attachment-large size-large wp-image-823\" alt=\"\" srcset=\"https:\/\/akustikdoktorn.se\/wp-content\/uploads\/2023\/08\/externbuller-2-1.png 818w, https:\/\/akustikdoktorn.se\/wp-content\/uploads\/2023\/08\/externbuller-2-1-300x143.png 300w, https:\/\/akustikdoktorn.se\/wp-content\/uploads\/2023\/08\/externbuller-2-1-768x366.png 768w, https:\/\/akustikdoktorn.se\/wp-content\/uploads\/2023\/08\/externbuller-2-1-18x9.png 18w\" sizes=\"(max-width: 818px) 100vw, 818px\" \/>\t\t\t\t\t\t\t\t\t\t\t\t\t\t\t<\/div>\n\t\t\t\t<\/div>\n\t\t\t\t\t<\/div>\n\t\t<\/div>\n\t\t\t\t<div class=\"elementor-column elementor-col-33 elementor-top-column elementor-element elementor-element-1ac6f52\" data-id=\"1ac6f52\" data-element_type=\"column\" data-e-type=\"column\">\n\t\t\t<div class=\"elementor-widget-wrap elementor-element-populated\">\n\t\t\t\t\t\t<div class=\"elementor-element elementor-element-6615ab3 elementor-widget elementor-widget-image\" data-id=\"6615ab3\" data-element_type=\"widget\" data-e-type=\"widget\" data-widget_type=\"image.default\">\n\t\t\t\t<div class=\"elementor-widget-container\">\n\t\t\t\t\t\t\t\t\t\t\t\t\t\t\t<img decoding=\"async\" width=\"508\" height=\"677\" src=\"https:\/\/akustikdoktorn.se\/wp-content\/uploads\/2023\/08\/externbuller-3.jpg\" class=\"attachment-large size-large wp-image-824\" alt=\"\" srcset=\"https:\/\/akustikdoktorn.se\/wp-content\/uploads\/2023\/08\/externbuller-3.jpg 508w, https:\/\/akustikdoktorn.se\/wp-content\/uploads\/2023\/08\/externbuller-3-225x300.jpg 225w, https:\/\/akustikdoktorn.se\/wp-content\/uploads\/2023\/08\/externbuller-3-9x12.jpg 9w\" sizes=\"(max-width: 508px) 100vw, 508px\" \/>\t\t\t\t\t\t\t\t\t\t\t\t\t\t\t<\/div>\n\t\t\t\t<\/div>\n\t\t\t\t\t<\/div>\n\t\t<\/div>\n\t\t\t\t<div class=\"elementor-column elementor-col-33 elementor-top-column elementor-element elementor-element-eca967a\" data-id=\"eca967a\" data-element_type=\"column\" data-e-type=\"column\">\n\t\t\t<div class=\"elementor-widget-wrap elementor-element-populated\">\n\t\t\t\t\t\t<div class=\"elementor-element elementor-element-2d5e028 elementor-widget elementor-widget-image\" data-id=\"2d5e028\" data-element_type=\"widget\" data-e-type=\"widget\" data-widget_type=\"image.default\">\n\t\t\t\t<div class=\"elementor-widget-container\">\n\t\t\t\t\t\t\t\t\t\t\t\t\t\t\t<img loading=\"lazy\" decoding=\"async\" width=\"213\" height=\"283\" src=\"https:\/\/akustikdoktorn.se\/wp-content\/uploads\/2023\/08\/externbuller-4.png\" class=\"attachment-large size-large wp-image-821\" alt=\"\" srcset=\"https:\/\/akustikdoktorn.se\/wp-content\/uploads\/2023\/08\/externbuller-4.png 213w, https:\/\/akustikdoktorn.se\/wp-content\/uploads\/2023\/08\/externbuller-4-9x12.png 9w\" sizes=\"(max-width: 213px) 100vw, 213px\" \/>\t\t\t\t\t\t\t\t\t\t\t\t\t\t\t<\/div>\n\t\t\t\t<\/div>\n\t\t\t\t\t<\/div>\n\t\t<\/div>\n\t\t\t\t\t<\/div>\n\t\t<\/section>\n\t\t\t\t<section class=\"elementor-section elementor-top-section elementor-element elementor-element-a39ac6f elementor-section-boxed elementor-section-height-default elementor-section-height-default\" data-id=\"a39ac6f\" data-element_type=\"section\" data-e-type=\"section\">\n\t\t\t\t\t\t<div class=\"elementor-container elementor-column-gap-default\">\n\t\t\t\t\t<div class=\"elementor-column elementor-col-100 elementor-top-column elementor-element elementor-element-0a0be94\" data-id=\"0a0be94\" data-element_type=\"column\" data-e-type=\"column\">\n\t\t\t<div class=\"elementor-widget-wrap elementor-element-populated\">\n\t\t\t\t\t\t<div class=\"elementor-element elementor-element-68618fa elementor-widget elementor-widget-text-editor\" data-id=\"68618fa\" data-element_type=\"widget\" data-e-type=\"widget\" data-widget_type=\"text-editor.default\">\n\t\t\t\t<div class=\"elementor-widget-container\">\n\t\t\t\t\t\t\t\t\t<p><span class=\"js-text-content content-block\">Noise map of Pozna\u0144 representing the percentage of highly annoyed (a) and highly sleep disturbed (b) people (<a href=\"https:\/\/www.researchgate.net\/publication\/337603666\" target=\"_blank\" rel=\"noopener\">from: A. Peis et al. &#8221;Vibrations in Physical Systems&#8221;, November 2019<\/a>)<\/span><\/p>\t\t\t\t\t\t\t\t<\/div>\n\t\t\t\t<\/div>\n\t\t\t\t\t<\/div>\n\t\t<\/div>\n\t\t\t\t\t<\/div>\n\t\t<\/section>\n\t\t\t\t<\/div>","protected":false},"excerpt":{"rendered":"<p>Byggnadsakustik Akustikdoktorn st\u00f6djer husbyggnadsprojekt i alla dess faser, fr\u00e5n riskbed\u00f6mningar i tidig konceptfas via detaljering av \u00e5tg\u00e4rder och konstruktionsl\u00f6sningar i system- och bygghandlingsfaser till uppf\u00f6ljning p\u00e5 byggarbetsplatsen och i f\u00e4rdig byggnad s\u00e5 att\u00a0 beslutade \u00e5tg\u00e4rderna \u00e4r korrekt utf\u00f6rda och att byggnaden m\u00f6ter kraven. Vi m\u00e4ter och ber\u00e4knar ljudisolering och stegljud, ocks\u00e5 innefattande flanktransmission enligt EN12354-1\/2 &hellip;<\/p>\n<p class=\"read-more\"> <a class=\"\" href=\"https:\/\/akustikdoktorn.se\/en\/environmental-noise\/\"> <span class=\"screen-reader-text\">Byggnadsakustik &amp; samh\u00e4llsbuller<\/span> Read More &raquo;<\/a><\/p>","protected":false},"author":1,"featured_media":0,"parent":0,"menu_order":0,"comment_status":"closed","ping_status":"closed","template":"","meta":{"_monsterinsights_skip_tracking":false,"_monsterinsights_sitenote_active":false,"_monsterinsights_sitenote_note":"","_monsterinsights_sitenote_category":0,"site-sidebar-layout":"no-sidebar","site-content-layout":"page-builder","ast-global-header-display":"","ast-banner-title-visibility":"","ast-main-header-display":"","ast-hfb-above-header-display":"","ast-hfb-below-header-display":"","ast-hfb-mobile-header-display":"","site-post-title":"disabled","ast-breadcrumbs-content":"","ast-featured-img":"disabled","footer-sml-layout":"","theme-transparent-header-meta":"","adv-header-id-meta":"","stick-header-meta":"","header-above-stick-meta":"","header-main-stick-meta":"","header-below-stick-meta":"","footnotes":""},"class_list":["post-346","page","type-page","status-publish","hentry"],"aioseo_notices":[],"_links":{"self":[{"href":"https:\/\/akustikdoktorn.se\/en\/wp-json\/wp\/v2\/pages\/346","targetHints":{"allow":["GET"]}}],"collection":[{"href":"https:\/\/akustikdoktorn.se\/en\/wp-json\/wp\/v2\/pages"}],"about":[{"href":"https:\/\/akustikdoktorn.se\/en\/wp-json\/wp\/v2\/types\/page"}],"author":[{"embeddable":true,"href":"https:\/\/akustikdoktorn.se\/en\/wp-json\/wp\/v2\/users\/1"}],"replies":[{"embeddable":true,"href":"https:\/\/akustikdoktorn.se\/en\/wp-json\/wp\/v2\/comments?post=346"}],"version-history":[{"count":44,"href":"https:\/\/akustikdoktorn.se\/en\/wp-json\/wp\/v2\/pages\/346\/revisions"}],"predecessor-version":[{"id":1239,"href":"https:\/\/akustikdoktorn.se\/en\/wp-json\/wp\/v2\/pages\/346\/revisions\/1239"}],"wp:attachment":[{"href":"https:\/\/akustikdoktorn.se\/en\/wp-json\/wp\/v2\/media?parent=346"}],"curies":[{"name":"wp","href":"https:\/\/api.w.org\/{rel}","templated":true}]}}