{"id":336,"date":"2023-06-29T12:58:02","date_gmt":"2023-06-29T12:58:02","guid":{"rendered":"https:\/\/akustikdoktorn.se\/?page_id=336"},"modified":"2025-04-29T11:50:07","modified_gmt":"2025-04-29T11:50:07","slug":"aircraft","status":"publish","type":"page","link":"https:\/\/akustikdoktorn.se\/en\/aircraft\/","title":{"rendered":"Aircraft noise"},"content":{"rendered":"<div data-elementor-type=\"wp-page\" data-elementor-id=\"336\" class=\"elementor elementor-336\">\n\t\t\t\t\t\t<section class=\"elementor-section elementor-top-section elementor-element elementor-element-b5146a5 elementor-section-boxed elementor-section-height-default elementor-section-height-default\" data-id=\"b5146a5\" data-element_type=\"section\" data-e-type=\"section\">\n\t\t\t\t\t\t<div class=\"elementor-container elementor-column-gap-default\">\n\t\t\t\t\t<div class=\"elementor-column elementor-col-100 elementor-top-column elementor-element elementor-element-899faf8\" data-id=\"899faf8\" data-element_type=\"column\" data-e-type=\"column\">\n\t\t\t<div class=\"elementor-widget-wrap elementor-element-populated\">\n\t\t\t\t\t\t<div class=\"elementor-element elementor-element-1708eab elementor-widget elementor-widget-heading\" data-id=\"1708eab\" data-element_type=\"widget\" data-e-type=\"widget\" data-widget_type=\"heading.default\">\n\t\t\t\t<div class=\"elementor-widget-container\">\n\t\t\t\t\t<h2 class=\"elementor-heading-title elementor-size-default\">Aircraft noise<\/h2>\t\t\t\t<\/div>\n\t\t\t\t<\/div>\n\t\t\t\t<div class=\"elementor-element elementor-element-c4162d2 elementor-widget__width-initial elementor-widget elementor-widget-text-editor\" data-id=\"c4162d2\" data-element_type=\"widget\" data-e-type=\"widget\" data-widget_type=\"text-editor.default\">\n\t\t\t\t<div class=\"elementor-widget-container\">\n\t\t\t\t\t\t\t\t\t<div class=\"contentgroup__body\">\n<p>Aircraft noise is typically aero-acoustically generated, originating from the engines and from turbulence created by the airframe and landing gear. For operators and manufacturers, low noise emissions are key, as landing fees are driven by the ACI noise rating indices.<\/p>\n<p>Akustikdoktorn har kvalificerad erfarenhet fr\u00e5n modellering av intern- och externbuller samt fr\u00e5n design av bullerreducerande \u00e5tg\u00e4rder p\u00e5 flygplan fr\u00e5n tidigare akustikarbete vid Bombardier Aerospace. Vi har tillg\u00e5ng till SAFTu som \u00e4r ett specialprogram f\u00f6r att ber\u00e4kna&nbsp;<a href=\"https:\/\/akustikdoktorn.se\/wp-content\/uploads\/2024\/09\/Dicuam24_Health-Care_Use-Case_Orrenius.pdf\" target=\"_blank\">bullerexponering fr\u00e5n dr\u00f6nare<\/a>&nbsp;(UAVer); se projektet <a title=\"APIS: Analysis of noise from UAVs (drones)\" href=\"https:\/\/akustikdoktorn.se\/en\/apis-analysis-of-noise-from-uavs-drones\/\">APIS<\/a>. Dessutom har vi erfarenhet av arraym\u00e4tningar f\u00f6r att karakt\u00e4risera och ranka bullerk\u00e4llor. Bullerkartl\u00e4ggning vid flygplatser kan vi erbjuda genom v\u00e5rt samarbete med <a href=\"https:\/\/akustix.pl\/en\/oferta\/\">Akustix Sp. Zo.o<\/a>.<\/p>\n<\/div>\t\t\t\t\t\t\t\t<\/div>\n\t\t\t\t<\/div>\n\t\t\t\t<section class=\"elementor-section elementor-inner-section elementor-element elementor-element-bda5f7d elementor-section-boxed elementor-section-height-default elementor-section-height-default\" data-id=\"bda5f7d\" data-element_type=\"section\" data-e-type=\"section\">\n\t\t\t\t\t\t<div class=\"elementor-container elementor-column-gap-default\">\n\t\t\t\t\t<div class=\"elementor-column elementor-col-33 elementor-inner-column elementor-element elementor-element-0a9d1fa\" data-id=\"0a9d1fa\" data-element_type=\"column\" data-e-type=\"column\">\n\t\t\t<div class=\"elementor-widget-wrap elementor-element-populated\">\n\t\t\t\t\t\t<div class=\"elementor-element elementor-element-e63d4d3 elementor-widget elementor-widget-image\" data-id=\"e63d4d3\" data-element_type=\"widget\" data-e-type=\"widget\" data-widget_type=\"image.default\">\n\t\t\t\t<div class=\"elementor-widget-container\">\n\t\t\t\t\t\t\t\t\t\t\t\t<figure class=\"wp-caption\">\n\t\t\t\t\t\t\t\t\t\t<img fetchpriority=\"high\" decoding=\"async\" width=\"390\" height=\"392\" src=\"https:\/\/akustikdoktorn.se\/wp-content\/uploads\/2024\/04\/UAV-Trajectory.png\" class=\"attachment-large size-large wp-image-1303\" alt=\"\" srcset=\"https:\/\/akustikdoktorn.se\/wp-content\/uploads\/2024\/04\/UAV-Trajectory.png 390w, https:\/\/akustikdoktorn.se\/wp-content\/uploads\/2024\/04\/UAV-Trajectory-298x300.png 298w, https:\/\/akustikdoktorn.se\/wp-content\/uploads\/2024\/04\/UAV-Trajectory-150x150.png 150w, https:\/\/akustikdoktorn.se\/wp-content\/uploads\/2024\/04\/UAV-Trajectory-12x12.png 12w, https:\/\/akustikdoktorn.se\/wp-content\/uploads\/2024\/04\/elementor\/thumbs\/UAV-Trajectory-qm9knieio09tl5pvo62w8lt89e4xm71s8msze382j4.png 200w, https:\/\/akustikdoktorn.se\/wp-content\/uploads\/2024\/04\/elementor\/thumbs\/UAV-Trajectory-qm9kniej9xo1e5sqvmihan8es28qy2nn6j3kgsgojo.png 250w\" sizes=\"(max-width: 390px) 100vw, 390px\" \/>\t\t\t\t\t\t\t\t\t\t\t<figcaption class=\"widget-image-caption wp-caption-text\">UAV trajectory:  Huddinge -  South general hospital<\/figcaption>\n\t\t\t\t\t\t\t\t\t\t<\/figure>\n\t\t\t\t\t\t\t\t\t<\/div>\n\t\t\t\t<\/div>\n\t\t\t\t\t<\/div>\n\t\t<\/div>\n\t\t\t\t<div class=\"elementor-column elementor-col-33 elementor-inner-column elementor-element elementor-element-59928ad\" data-id=\"59928ad\" data-element_type=\"column\" data-e-type=\"column\">\n\t\t\t<div class=\"elementor-widget-wrap elementor-element-populated\">\n\t\t\t\t\t\t<div class=\"elementor-element elementor-element-d3ac651 elementor-widget elementor-widget-image\" data-id=\"d3ac651\" data-element_type=\"widget\" data-e-type=\"widget\" data-widget_type=\"image.default\">\n\t\t\t\t<div class=\"elementor-widget-container\">\n\t\t\t\t\t\t\t\t\t\t\t\t<figure class=\"wp-caption\">\n\t\t\t\t\t\t\t\t\t\t<img decoding=\"async\" width=\"430\" height=\"380\" src=\"https:\/\/akustikdoktorn.se\/wp-content\/uploads\/2024\/04\/Landing-at-SOS-Wing-mode.png\" class=\"attachment-large size-large wp-image-1302\" alt=\"\" srcset=\"https:\/\/akustikdoktorn.se\/wp-content\/uploads\/2024\/04\/Landing-at-SOS-Wing-mode.png 430w, https:\/\/akustikdoktorn.se\/wp-content\/uploads\/2024\/04\/Landing-at-SOS-Wing-mode-300x265.png 300w, https:\/\/akustikdoktorn.se\/wp-content\/uploads\/2024\/04\/Landing-at-SOS-Wing-mode-14x12.png 14w\" sizes=\"(max-width: 430px) 100vw, 430px\" \/>\t\t\t\t\t\t\t\t\t\t\t<figcaption class=\"widget-image-caption wp-caption-text\"> UAV landing at South General Hospital: Noise map for wing mode operation<\/figcaption>\n\t\t\t\t\t\t\t\t\t\t<\/figure>\n\t\t\t\t\t\t\t\t\t<\/div>\n\t\t\t\t<\/div>\n\t\t\t\t\t<\/div>\n\t\t<\/div>\n\t\t\t\t<div class=\"elementor-column elementor-col-33 elementor-inner-column elementor-element elementor-element-53e9e3f\" data-id=\"53e9e3f\" data-element_type=\"column\" data-e-type=\"column\">\n\t\t\t<div class=\"elementor-widget-wrap elementor-element-populated\">\n\t\t\t\t\t\t<div class=\"elementor-element elementor-element-e93a20a elementor-widget elementor-widget-image\" data-id=\"e93a20a\" data-element_type=\"widget\" data-e-type=\"widget\" data-widget_type=\"image.default\">\n\t\t\t\t<div class=\"elementor-widget-container\">\n\t\t\t\t\t\t\t\t\t\t\t\t<figure class=\"wp-caption\">\n\t\t\t\t\t\t\t\t\t\t<img decoding=\"async\" width=\"436\" height=\"383\" src=\"https:\/\/akustikdoktorn.se\/wp-content\/uploads\/2024\/04\/Landing-at-SOS-Copter.png\" class=\"attachment-large size-large wp-image-1301\" alt=\"\" srcset=\"https:\/\/akustikdoktorn.se\/wp-content\/uploads\/2024\/04\/Landing-at-SOS-Copter.png 436w, https:\/\/akustikdoktorn.se\/wp-content\/uploads\/2024\/04\/Landing-at-SOS-Copter-300x264.png 300w, https:\/\/akustikdoktorn.se\/wp-content\/uploads\/2024\/04\/Landing-at-SOS-Copter-14x12.png 14w\" sizes=\"(max-width: 436px) 100vw, 436px\" \/>\t\t\t\t\t\t\t\t\t\t\t<figcaption class=\"widget-image-caption wp-caption-text\"> UAV landing at South General Hospital: Noise map for copter mode operation<\/figcaption>\n\t\t\t\t\t\t\t\t\t\t<\/figure>\n\t\t\t\t\t\t\t\t\t<\/div>\n\t\t\t\t<\/div>\n\t\t\t\t\t<\/div>\n\t\t<\/div>\n\t\t\t\t\t<\/div>\n\t\t<\/section>\n\t\t\t\t<div class=\"elementor-element elementor-element-5a6f4a5 elementor-align-center elementor-button-info elementor-widget elementor-widget-button\" data-id=\"5a6f4a5\" data-element_type=\"widget\" data-e-type=\"widget\" data-widget_type=\"button.default\">\n\t\t\t\t<div class=\"elementor-widget-container\">\n\t\t\t\t\t\t\t\t\t<div class=\"elementor-button-wrapper\">\n\t\t\t\t\t<a class=\"elementor-button elementor-button-link elementor-size-sm\" href=\"https:\/\/akustikdoktorn.se\/wp-content\/uploads\/2024\/02\/Orrenius-publications-Aerospace_2024.pdf\" target=\"_blank\" id=\"Aircraft noise publications\">\n\t\t\t\t\t\t<span class=\"elementor-button-content-wrapper\">\n\t\t\t\t\t\t<span class=\"elementor-button-icon\">\n\t\t\t\t<i aria-hidden=\"true\" class=\"far fa-hand-point-right\"><\/i>\t\t\t<\/span>\n\t\t\t\t\t\t\t\t\t<span class=\"elementor-button-text\">Aircraft noise publications<\/span>\n\t\t\t\t\t<\/span>\n\t\t\t\t\t<\/a>\n\t\t\t\t<\/div>\n\t\t\t\t\t\t\t\t<\/div>\n\t\t\t\t<\/div>\n\t\t\t\t<div class=\"elementor-element elementor-element-1829872 elementor-widget elementor-widget-heading\" data-id=\"1829872\" data-element_type=\"widget\" data-e-type=\"widget\" data-widget_type=\"heading.default\">\n\t\t\t\t<div class=\"elementor-widget-container\">\n\t\t\t\t\t<h2 class=\"elementor-heading-title elementor-size-default\">Airport noise control <\/h2>\t\t\t\t<\/div>\n\t\t\t\t<\/div>\n\t\t\t\t<div class=\"elementor-element elementor-element-c04d7fe elementor-widget elementor-widget-text-editor\" data-id=\"c04d7fe\" data-element_type=\"widget\" data-e-type=\"widget\" data-widget_type=\"text-editor.default\">\n\t\t\t\t<div class=\"elementor-widget-container\">\n\t\t\t\t\t\t\t\t\t<div class=\"contentgroup__body\"><p>Noise around airports causes major psychological stress and leads to substantial cost for mitigation measures. For airports and authorities there is a need to minimize disturbance from landing and departing aircraft, e.g. by optimizing flight paths. The degree to which people experience aircraft noise has a lot to do with atmospheric conditions. Temperature, wind speed and direction, humidity, rainfall and cloud-coverage have all a part to play in the way we hear aircraft noise.<\/p><p>Airport noise assessments are made to monitor and control the levels that people are exposed to. The exposure is typically calculated using integrated models to present the so-called footprint of aircraft, or rather a yearly average of all the aircraft starting and landing at an airfield.<\/p><p>We can make predictions using e.g. the Integrated Noise Model (acc. to ECAC.Doc 29) for the yearly exposure based on statistical data on flight movements.<\/p><p>Experience and qualifications of our partner Akustix:<\/p><ul><li>Noise modelling using INM for civil and military airports (&gt; 10),<\/li><li>Noise mapping including aircraft noise: four cities with more than 500 000 inhabitants<\/li><li>Noise Action Plans \u2013 two airports (Warsaw, Cracov)<\/li><li>PCA (ILAC \u2013 MRA) accreditation for computational methods<\/li><\/ul><\/div>\t\t\t\t\t\t\t\t<\/div>\n\t\t\t\t<\/div>\n\t\t\t\t<div class=\"elementor-element elementor-element-728cf0c elementor-widget elementor-widget-heading\" data-id=\"728cf0c\" data-element_type=\"widget\" data-e-type=\"widget\" data-widget_type=\"heading.default\">\n\t\t\t\t<div class=\"elementor-widget-container\">\n\t\t\t\t\t<h2 class=\"elementor-heading-title elementor-size-default\">Interior noise<\/h2>\t\t\t\t<\/div>\n\t\t\t\t<\/div>\n\t\t\t\t<div class=\"elementor-element elementor-element-ce68833 elementor-widget elementor-widget-text-editor\" data-id=\"ce68833\" data-element_type=\"widget\" data-e-type=\"widget\" data-widget_type=\"text-editor.default\">\n\t\t\t\t<div class=\"elementor-widget-container\">\n\t\t\t\t\t\t\t\t\t<div class=\"contentgroup__body\"><p>Interior noise in aircraft originates from the engines and the turbulence around the fuselage. Also, the ECS system noise may be a critical for the perceived acoustic comfort by passengers. The transmission to the interior is strongly affected by the fuselage layout, in particular for composite structures, and careful design of the thermal and acoustic insulation is critical to success.<\/p><p>We have qualified experience of modelling interior sound transmission for al and composite fuselage structures and in optimizing structural layout as well as noise control treatments like foams and damping layers with respect to weight and noise. We also have worked on designing ECS systems with respect to air flow and noise generation. Here the detailed lay-out of the distribution nozzles is key, as well as balancing the flow velocities.<\/p><\/div>\t\t\t\t\t\t\t\t<\/div>\n\t\t\t\t<\/div>\n\t\t\t\t<div class=\"elementor-element elementor-element-e698785 elementor-widget elementor-widget-image\" data-id=\"e698785\" data-element_type=\"widget\" data-e-type=\"widget\" data-widget_type=\"image.default\">\n\t\t\t\t<div class=\"elementor-widget-container\">\n\t\t\t\t\t\t\t\t\t\t\t\t\t\t\t<img loading=\"lazy\" decoding=\"async\" width=\"492\" height=\"370\" src=\"https:\/\/akustikdoktorn.se\/wp-content\/uploads\/2023\/07\/aircraft-interior.jpg\" class=\"attachment-large size-large wp-image-512\" alt=\"\" srcset=\"https:\/\/akustikdoktorn.se\/wp-content\/uploads\/2023\/07\/aircraft-interior.jpg 492w, https:\/\/akustikdoktorn.se\/wp-content\/uploads\/2023\/07\/aircraft-interior-300x226.jpg 300w, https:\/\/akustikdoktorn.se\/wp-content\/uploads\/2023\/07\/aircraft-interior-16x12.jpg 16w\" sizes=\"(max-width: 492px) 100vw, 492px\" \/>\t\t\t\t\t\t\t\t\t\t\t\t\t\t\t<\/div>\n\t\t\t\t<\/div>\n\t\t\t\t\t<\/div>\n\t\t<\/div>\n\t\t\t\t\t<\/div>\n\t\t<\/section>\n\t\t\t\t<\/div>","protected":false},"excerpt":{"rendered":"<p>Flygbuller Buller fr\u00e5n flygplan \u00e4r i allm\u00e4nhet genererat av aero-akustiska fenomen. Det uppst\u00e5r i motorer och fr\u00e5n turbulens runt flygplanskroppen och landningsst\u00e4llen. F\u00f6r operat\u00f6rer och tillverkare \u00e4r l\u00e5ga bullerniv\u00e5er extremt viktiga d\u00e5 landningsavgifterna f\u00f6r m\u00e5nga flygplatser drivs av ACIs bullerklassningar f\u00f6r olika flygplanstyper. Akustikdoktorn har kvalificerad erfarenhet fr\u00e5n modellering av intern- och externbuller samt fr\u00e5n &hellip;<\/p>\n<p class=\"read-more\"> <a class=\"\" href=\"https:\/\/akustikdoktorn.se\/en\/aircraft\/\"> <span class=\"screen-reader-text\">Aircraft noise<\/span> Read More &raquo;<\/a><\/p>","protected":false},"author":1,"featured_media":0,"parent":0,"menu_order":0,"comment_status":"closed","ping_status":"closed","template":"","meta":{"_monsterinsights_skip_tracking":false,"_monsterinsights_sitenote_active":false,"_monsterinsights_sitenote_note":"","_monsterinsights_sitenote_category":0,"site-sidebar-layout":"no-sidebar","site-content-layout":"page-builder","ast-global-header-display":"","ast-banner-title-visibility":"","ast-main-header-display":"","ast-hfb-above-header-display":"","ast-hfb-below-header-display":"","ast-hfb-mobile-header-display":"","site-post-title":"disabled","ast-breadcrumbs-content":"","ast-featured-img":"disabled","footer-sml-layout":"","theme-transparent-header-meta":"","adv-header-id-meta":"","stick-header-meta":"","header-above-stick-meta":"","header-main-stick-meta":"","header-below-stick-meta":"","footnotes":""},"class_list":["post-336","page","type-page","status-publish","hentry"],"aioseo_notices":[],"_links":{"self":[{"href":"https:\/\/akustikdoktorn.se\/en\/wp-json\/wp\/v2\/pages\/336","targetHints":{"allow":["GET"]}}],"collection":[{"href":"https:\/\/akustikdoktorn.se\/en\/wp-json\/wp\/v2\/pages"}],"about":[{"href":"https:\/\/akustikdoktorn.se\/en\/wp-json\/wp\/v2\/types\/page"}],"author":[{"embeddable":true,"href":"https:\/\/akustikdoktorn.se\/en\/wp-json\/wp\/v2\/users\/1"}],"replies":[{"embeddable":true,"href":"https:\/\/akustikdoktorn.se\/en\/wp-json\/wp\/v2\/comments?post=336"}],"version-history":[{"count":78,"href":"https:\/\/akustikdoktorn.se\/en\/wp-json\/wp\/v2\/pages\/336\/revisions"}],"predecessor-version":[{"id":1508,"href":"https:\/\/akustikdoktorn.se\/en\/wp-json\/wp\/v2\/pages\/336\/revisions\/1508"}],"wp:attachment":[{"href":"https:\/\/akustikdoktorn.se\/en\/wp-json\/wp\/v2\/media?parent=336"}],"curies":[{"name":"wp","href":"https:\/\/api.w.org\/{rel}","templated":true}]}}