{"id":1550,"date":"2025-11-17T18:18:55","date_gmt":"2025-11-17T18:18:55","guid":{"rendered":"https:\/\/akustikdoktorn.se\/?page_id=1550"},"modified":"2025-11-17T21:47:49","modified_gmt":"2025-11-17T21:47:49","slug":"bevis-begransat-buller-vid-inforande-av-ett-nytt-luftfartssystem","status":"publish","type":"page","link":"https:\/\/akustikdoktorn.se\/en\/bevis-begransat-buller-vid-inforande-av-ett-nytt-luftfartssystem\/","title":{"rendered":"BEVIS: BEgr\u00e4nsat buller Vid Inf\u00f6rande av ett nytt luftfartsSystem"},"content":{"rendered":"<h3 class=\"wp-block-heading\">BEVIS: BEgr\u00e4nsat buller Vid Inf\u00f6rande av ett nytt luftfartsSystem<\/h3>\n\n\n\n<p>The BEVIS project is a continuation of the <a href=\"https:\/\/www.kth.se\/csa\/projekt\/pagaende-projekt\/apis-1.1246275\">CSA KTH APIS project<\/a>, which was successfully completed at the beginning of 2025. The overall purpose is to develop methodologies that support the calculation and assessment of noise from drones, thereby facilitating the sustainable implementation of drones and other future air vehicle services. In particular, the integration of drone noise into an urban soundscape with existing ground traffic noise is addressed.<\/p>\n\n\n\n<p>The\u00a02-year multidisciplinary project\u00a0is coordinated by Akustikdoktorn Sweden AB and is\u00a0funded by Luftfartsportf\u00f6ljen at Trafikverket and by Akustikdoktorn and Aurskall jointly at a total of 4.2 MSEK. Four competent partners with complementary skills (KTH INDEK, KTH MWL, Akustikdoktorn Sweden, Aurskall Akustik) work together to develop prediction tools and assessment methodology and additionally evaluate scenarios for Urban Air Mobility (UAM) noise impact. For the latter, strong links are developed with the ongoing <a href=\"https:\/\/foiportalen.trafikverket.se\/seprojekt\/672\">TRV BUS project<\/a>.<\/p>\n\n\n\n<p>The project objectives are:<\/p>\n\n\n\n<ol class=\"wp-block-list\">\n<li>From studying carefully selected scenarios, contribute to that future UAM in Sweden can be covered by a well-justified and locally adapted regulatory framework regarding noise.<\/li>\n\n\n\n<li>Enable and carry out studies in which residential noise can be assessed and minimized through e.g., route selection; based on representative sound sources for existing and future vessel types considering terrain, topography, buildings, and weather effects.<\/li>\n\n\n\n<li>3. Provide support for the establishment of flight routes for which noise emissions to noise-sensitive buildings and areas, such as schools, hospitals, and parks are minimized, and where visibility to UAVs is considered (clear line of sight).<\/li>\n<\/ol>\n\n\n\n<p>The project is carried out in close consultation with intended users. A reference group is formed with representatives of regulatory authorities (G. Malaval (pending), EASA; M. Lindqvist, Naturv\u00e5rdsverket), organisations with control over the airspace (M. Liljergren, Swedavia; G. Fylkner, Transportstyrelsen; U. Nordenfj\u00e4ll (pending), SKR), operators and manufacturing companies (A. Broberg, Stockholm City; A. S\u00f6rensson, \u00d6stersunds Municipality; E. Wigren, Katla Aero AB ).<\/p>\n\n\n\n<figure class=\"wp-block-image alignfull size-full\"><img fetchpriority=\"high\" decoding=\"async\" width=\"892\" height=\"393\" src=\"https:\/\/akustikdoktorn.se\/wp-content\/uploads\/2025\/11\/Skarmbild-2025-11-17-183531.png\" alt=\"\" class=\"wp-image-1551\" srcset=\"https:\/\/akustikdoktorn.se\/wp-content\/uploads\/2025\/11\/Skarmbild-2025-11-17-183531.png 892w, https:\/\/akustikdoktorn.se\/wp-content\/uploads\/2025\/11\/Skarmbild-2025-11-17-183531-300x132.png 300w, https:\/\/akustikdoktorn.se\/wp-content\/uploads\/2025\/11\/Skarmbild-2025-11-17-183531-768x338.png 768w, https:\/\/akustikdoktorn.se\/wp-content\/uploads\/2025\/11\/Skarmbild-2025-11-17-183531-18x8.png 18w\" sizes=\"(max-width: 892px) 100vw, 892px\" \/><\/figure>","protected":false},"excerpt":{"rendered":"<p>BEVIS: BEgr\u00e4nsat buller Vid Inf\u00f6rande av ett nytt luftfartsSystem The BEVIS project is a continuation of the CSA KTH APIS project, which was successfully completed at the beginning of 2025. The overall purpose is to develop methodologies that support the calculation and assessment of noise from drones, thereby facilitating the sustainable implementation of drones and &hellip;<\/p>\n<p class=\"read-more\"> <a class=\"\" href=\"https:\/\/akustikdoktorn.se\/en\/bevis-begransat-buller-vid-inforande-av-ett-nytt-luftfartssystem\/\"> <span class=\"screen-reader-text\">BEVIS: BEgr\u00e4nsat buller Vid Inf\u00f6rande av ett nytt luftfartsSystem<\/span> Read More &raquo;<\/a><\/p>","protected":false},"author":1,"featured_media":0,"parent":0,"menu_order":0,"comment_status":"closed","ping_status":"closed","template":"","meta":{"_monsterinsights_skip_tracking":false,"_monsterinsights_sitenote_active":false,"_monsterinsights_sitenote_note":"","_monsterinsights_sitenote_category":0,"site-sidebar-layout":"default","site-content-layout":"default","ast-global-header-display":"","ast-banner-title-visibility":"","ast-main-header-display":"","ast-hfb-above-header-display":"","ast-hfb-below-header-display":"","ast-hfb-mobile-header-display":"","site-post-title":"","ast-breadcrumbs-content":"","ast-featured-img":"","footer-sml-layout":"","theme-transparent-header-meta":"","adv-header-id-meta":"","stick-header-meta":"","header-above-stick-meta":"","header-main-stick-meta":"","header-below-stick-meta":"","footnotes":""},"class_list":["post-1550","page","type-page","status-publish","hentry"],"aioseo_notices":[],"_links":{"self":[{"href":"https:\/\/akustikdoktorn.se\/en\/wp-json\/wp\/v2\/pages\/1550","targetHints":{"allow":["GET"]}}],"collection":[{"href":"https:\/\/akustikdoktorn.se\/en\/wp-json\/wp\/v2\/pages"}],"about":[{"href":"https:\/\/akustikdoktorn.se\/en\/wp-json\/wp\/v2\/types\/page"}],"author":[{"embeddable":true,"href":"https:\/\/akustikdoktorn.se\/en\/wp-json\/wp\/v2\/users\/1"}],"replies":[{"embeddable":true,"href":"https:\/\/akustikdoktorn.se\/en\/wp-json\/wp\/v2\/comments?post=1550"}],"version-history":[{"count":5,"href":"https:\/\/akustikdoktorn.se\/en\/wp-json\/wp\/v2\/pages\/1550\/revisions"}],"predecessor-version":[{"id":1560,"href":"https:\/\/akustikdoktorn.se\/en\/wp-json\/wp\/v2\/pages\/1550\/revisions\/1560"}],"wp:attachment":[{"href":"https:\/\/akustikdoktorn.se\/en\/wp-json\/wp\/v2\/media?parent=1550"}],"curies":[{"name":"wp","href":"https:\/\/api.w.org\/{rel}","templated":true}]}}