{"id":1441,"date":"2025-01-02T16:52:14","date_gmt":"2025-01-02T16:52:14","guid":{"rendered":"https:\/\/akustikdoktorn.se\/?page_id=1441"},"modified":"2025-01-05T16:11:09","modified_gmt":"2025-01-05T16:11:09","slug":"scania-ab-forbattrad-ljudmiljo-i-pausutrymme-pa-entresolplan","status":"publish","type":"page","link":"https:\/\/akustikdoktorn.se\/en\/transportation\/scania-ab-forbattrad-ljudmiljo-i-pausutrymme-pa-entresolplan\/","title":{"rendered":"Scania AB: F\u00f6rb\u00e4ttrad ljudmilj\u00f6 i pausutrymme p\u00e5 entresolplan"},"content":{"rendered":"<div data-elementor-type=\"wp-page\" data-elementor-id=\"1441\" class=\"elementor elementor-1441\">\n\t\t\t\t\t\t<section class=\"elementor-section elementor-top-section elementor-element elementor-element-c149744 elementor-section-boxed elementor-section-height-default elementor-section-height-default\" data-id=\"c149744\" data-element_type=\"section\" data-e-type=\"section\">\n\t\t\t\t\t\t<div class=\"elementor-container elementor-column-gap-default\">\n\t\t\t\t\t<div class=\"elementor-column elementor-col-100 elementor-top-column elementor-element elementor-element-c4afacc\" data-id=\"c4afacc\" data-element_type=\"column\" data-e-type=\"column\">\n\t\t\t<div class=\"elementor-widget-wrap elementor-element-populated\">\n\t\t\t\t\t\t<div class=\"elementor-element elementor-element-c3caf14 elementor-widget elementor-widget-heading\" data-id=\"c3caf14\" data-element_type=\"widget\" data-e-type=\"widget\" data-widget_type=\"heading.default\">\n\t\t\t\t<div class=\"elementor-widget-container\">\n\t\t\t\t\t<h2 class=\"elementor-heading-title elementor-size-default\">Scania AB: Improved acoustic comfort in break area<b><span style=\"font-size: 14pt;font-style: inherit;color: var(--ast-global-color-1);background-color: var(--ast-global-color-5)\"> <\/span><\/b><\/h2>\t\t\t\t<\/div>\n\t\t\t\t<\/div>\n\t\t\t\t\t<\/div>\n\t\t<\/div>\n\t\t\t\t\t<\/div>\n\t\t<\/section>\n\t\t\t\t<section class=\"elementor-section elementor-top-section elementor-element elementor-element-6b873301 elementor-section-boxed elementor-section-height-default elementor-section-height-default\" data-id=\"6b873301\" data-element_type=\"section\" data-e-type=\"section\">\n\t\t\t\t\t\t<div class=\"elementor-container elementor-column-gap-default\">\n\t\t\t\t\t<div class=\"elementor-column elementor-col-100 elementor-top-column elementor-element elementor-element-7ca683b5\" data-id=\"7ca683b5\" data-element_type=\"column\" data-e-type=\"column\">\n\t\t\t<div class=\"elementor-widget-wrap elementor-element-populated\">\n\t\t\t\t\t\t<div class=\"elementor-element elementor-element-6d53e9b4 elementor-widget elementor-widget-text-editor\" data-id=\"6d53e9b4\" data-element_type=\"widget\" data-e-type=\"widget\" data-widget_type=\"text-editor.default\">\n\t\t\t\t<div class=\"elementor-widget-container\">\n\t\t\t\t\t\t\t\t\t\n<p>Akustikdoktorn har anlitats av Scania AB f\u00f6r att utv\u00e4rdera ljudmilj\u00f6n f\u00f6r ett rastutrymme i anslutning till Scanias monteringsanl\u00e4ggning i S\u00f6dert\u00e4lje. Ljudm\u00e4tningar har genomf\u00f6rts och efter analys av resultaten har \u00e5tg\u00e4rdsf\u00f6rslag utarbetats med h\u00e4nsyn till krav p\u00e5 ljudd\u00e4mpning vid l\u00e5ga frekvenser, brands\u00e4kerhet (inklusive bibeh\u00e5llen sprinklerfunktion) samt t\u00e5lighet mot slitage.<\/p>\n\n\n\n<p>F\u00f6rslag p\u00e5 olika \u00e5tg\u00e4rder f\u00f6r att minska bullerexponeringen har tagits fram, innefattande en kombination av avsk\u00e4rmning och absorption medelst nedpendlade absorbenter. \u00c5tg\u00e4rderna bed\u00f6ms kunna leda till en halvering av upplevd ljudniv\u00e5 f\u00f6r personer p\u00e5 entresolen.<\/p>\n\n\n\n<p><\/p>\n\t\t\t\t\t\t\t\t<\/div>\n\t\t\t\t<\/div>\n\t\t\t\t\t<\/div>\n\t\t<\/div>\n\t\t\t\t\t<\/div>\n\t\t<\/section>\n\t\t\t\t<section class=\"elementor-section elementor-top-section elementor-element elementor-element-7e60bca elementor-section-boxed elementor-section-height-default elementor-section-height-default\" data-id=\"7e60bca\" data-element_type=\"section\" data-e-type=\"section\">\n\t\t\t\t\t\t<div class=\"elementor-container elementor-column-gap-default\">\n\t\t\t\t\t<div class=\"elementor-column elementor-col-50 elementor-top-column elementor-element elementor-element-fd39f27\" data-id=\"fd39f27\" data-element_type=\"column\" data-e-type=\"column\">\n\t\t\t<div class=\"elementor-widget-wrap elementor-element-populated\">\n\t\t\t\t\t\t<div class=\"elementor-element elementor-element-e10462b elementor-widget elementor-widget-image\" data-id=\"e10462b\" data-element_type=\"widget\" data-e-type=\"widget\" data-widget_type=\"image.default\">\n\t\t\t\t<div class=\"elementor-widget-container\">\n\t\t\t\t\t\t\t\t\t\t\t\t\t\t\t<img fetchpriority=\"high\" decoding=\"async\" width=\"320\" height=\"174\" src=\"https:\/\/akustikdoktorn.se\/wp-content\/uploads\/2025\/01\/Bild1.png\" class=\"attachment-full size-full wp-image-1442\" alt=\"\" srcset=\"https:\/\/akustikdoktorn.se\/wp-content\/uploads\/2025\/01\/Bild1.png 320w, https:\/\/akustikdoktorn.se\/wp-content\/uploads\/2025\/01\/Bild1-300x163.png 300w, https:\/\/akustikdoktorn.se\/wp-content\/uploads\/2025\/01\/Bild1-18x10.png 18w\" sizes=\"(max-width: 320px) 100vw, 320px\" \/>\t\t\t\t\t\t\t\t\t\t\t\t\t\t\t<\/div>\n\t\t\t\t<\/div>\n\t\t\t\t\t<\/div>\n\t\t<\/div>\n\t\t\t\t<div class=\"elementor-column elementor-col-50 elementor-top-column elementor-element elementor-element-f14e46d\" data-id=\"f14e46d\" data-element_type=\"column\" data-e-type=\"column\">\n\t\t\t<div class=\"elementor-widget-wrap elementor-element-populated\">\n\t\t\t\t\t\t<div class=\"elementor-element elementor-element-868a275 elementor-widget elementor-widget-image\" data-id=\"868a275\" data-element_type=\"widget\" data-e-type=\"widget\" data-widget_type=\"image.default\">\n\t\t\t\t<div class=\"elementor-widget-container\">\n\t\t\t\t\t\t\t\t\t\t\t\t\t\t\t<img decoding=\"async\" width=\"648\" height=\"447\" src=\"https:\/\/akustikdoktorn.se\/wp-content\/uploads\/2025\/01\/Bild2.png\" class=\"attachment-large size-large wp-image-1445\" alt=\"\" srcset=\"https:\/\/akustikdoktorn.se\/wp-content\/uploads\/2025\/01\/Bild2.png 648w, https:\/\/akustikdoktorn.se\/wp-content\/uploads\/2025\/01\/Bild2-300x207.png 300w, https:\/\/akustikdoktorn.se\/wp-content\/uploads\/2025\/01\/Bild2-18x12.png 18w\" sizes=\"(max-width: 648px) 100vw, 648px\" \/>\t\t\t\t\t\t\t\t\t\t\t\t\t\t\t<\/div>\n\t\t\t\t<\/div>\n\t\t\t\t\t<\/div>\n\t\t<\/div>\n\t\t\t\t\t<\/div>\n\t\t<\/section>\n\t\t\t\t<\/div>","protected":false},"excerpt":{"rendered":"<p>Scania AB: F\u00f6rb\u00e4ttrad ljudmilj\u00f6 p\u00e5 entresolplan Akustikdoktorn har anlitats av Scania AB f\u00f6r att utv\u00e4rdera ljudmilj\u00f6n f\u00f6r ett rastutrymme i anslutning till Scanias monteringsanl\u00e4ggning i S\u00f6dert\u00e4lje. Ljudm\u00e4tningar har genomf\u00f6rts och efter analys av resultaten har \u00e5tg\u00e4rdsf\u00f6rslag utarbetats med h\u00e4nsyn till krav p\u00e5 ljudd\u00e4mpning vid l\u00e5ga frekvenser, brands\u00e4kerhet (inklusive bibeh\u00e5llen sprinklerfunktion) samt t\u00e5lighet mot slitage. F\u00f6rslag &hellip;<\/p>\n<p class=\"read-more\"> <a class=\"\" href=\"https:\/\/akustikdoktorn.se\/en\/transportation\/scania-ab-forbattrad-ljudmiljo-i-pausutrymme-pa-entresolplan\/\"> <span class=\"screen-reader-text\">Scania AB: F\u00f6rb\u00e4ttrad ljudmilj\u00f6 i pausutrymme p\u00e5 entresolplan<\/span> Read More &raquo;<\/a><\/p>","protected":false},"author":1,"featured_media":0,"parent":268,"menu_order":0,"comment_status":"closed","ping_status":"closed","template":"","meta":{"_monsterinsights_skip_tracking":false,"_monsterinsights_sitenote_active":false,"_monsterinsights_sitenote_note":"","_monsterinsights_sitenote_category":0,"site-sidebar-layout":"default","site-content-layout":"default","ast-global-header-display":"","ast-banner-title-visibility":"","ast-main-header-display":"","ast-hfb-above-header-display":"","ast-hfb-below-header-display":"","ast-hfb-mobile-header-display":"","site-post-title":"","ast-breadcrumbs-content":"","ast-featured-img":"","footer-sml-layout":"","theme-transparent-header-meta":"","adv-header-id-meta":"","stick-header-meta":"","header-above-stick-meta":"","header-main-stick-meta":"","header-below-stick-meta":"","footnotes":""},"class_list":["post-1441","page","type-page","status-publish","hentry"],"aioseo_notices":[],"_links":{"self":[{"href":"https:\/\/akustikdoktorn.se\/en\/wp-json\/wp\/v2\/pages\/1441","targetHints":{"allow":["GET"]}}],"collection":[{"href":"https:\/\/akustikdoktorn.se\/en\/wp-json\/wp\/v2\/pages"}],"about":[{"href":"https:\/\/akustikdoktorn.se\/en\/wp-json\/wp\/v2\/types\/page"}],"author":[{"embeddable":true,"href":"https:\/\/akustikdoktorn.se\/en\/wp-json\/wp\/v2\/users\/1"}],"replies":[{"embeddable":true,"href":"https:\/\/akustikdoktorn.se\/en\/wp-json\/wp\/v2\/comments?post=1441"}],"version-history":[{"count":21,"href":"https:\/\/akustikdoktorn.se\/en\/wp-json\/wp\/v2\/pages\/1441\/revisions"}],"predecessor-version":[{"id":1470,"href":"https:\/\/akustikdoktorn.se\/en\/wp-json\/wp\/v2\/pages\/1441\/revisions\/1470"}],"up":[{"embeddable":true,"href":"https:\/\/akustikdoktorn.se\/en\/wp-json\/wp\/v2\/pages\/268"}],"wp:attachment":[{"href":"https:\/\/akustikdoktorn.se\/en\/wp-json\/wp\/v2\/media?parent=1441"}],"curies":[{"name":"wp","href":"https:\/\/api.w.org\/{rel}","templated":true}]}}